{"id":105,"date":"2017-09-03T13:12:10","date_gmt":"2017-09-03T12:12:10","guid":{"rendered":"https:\/\/imprimepopulaire.wordpress.com\/?page_id=105"},"modified":"2024-07-11T16:19:15","modified_gmt":"2024-07-11T14:19:15","slug":"nos-techniques-diy","status":"publish","type":"page","link":"http:\/\/imprimepopulaire.fr\/?page_id=105","title":{"rendered":"NOS TECHNIQUES DIY"},"content":{"rendered":"<div style=\"background: #ffffff;\">\n<div>\n<div>Nos techniques DIY<\/p>\n<p>Les techniques d&rsquo;impression traditionnelles reposent souvent sur des principes simples.<\/p>\n<p>Mais leur ma\u00eetrise ne l&rsquo;est pas toujours. Les impressions obtenues peuvent d\u00e9pendre de la temp\u00e9rature, de l\u2019hydrom\u00e9trie, de la nature des encres, du papier etc. Afin de garantir \u00ab \u00e0 tous les coups \u00bb les meilleurs r\u00e9sultats, un long travail de mise au point a \u00e9t\u00e9 men\u00e9 sur les outils et les materiaux. Aujourd&rsquo;hui nous avons \u00e0 disposition un panel de mat\u00e9riels sp\u00e9cifiques parfaitement adapt\u00e9s. Et c&rsquo;est bien !<\/p>\n<p>Seulement ce mat\u00e9riel est cher et souvent peu accessible aux n\u00e9ophytes. De plus, avec son assurance de r\u00e9sultat, il ne permet pas vraiment une d\u00e9marche d&rsquo;appropriation passant par l&rsquo;essai-erreur. C&rsquo;est pourquoi, on vous propose ici avec la brochure et les pages suivantes les techniques DIY que nous avons pu exp\u00e9rimenter \u00e0 base de r\u00e9cup&rsquo; et de standard pas cher. On esp\u00e8re que cela vous permettra d&rsquo;essayer \u00e0 votre tour et surtout de mettre au point vos propres recettes\u00a0!<\/p>\n<\/div>\n<div>\n<h2><a href=\"https:\/\/imprimepopulaire.files.wordpress.com\/2018\/08\/brochure_hack_a5.pdf\" target=\"_blank\" rel=\"noopener noreferrer\"><img loading=\"lazy\" decoding=\"async\" class=\" size-full wp-image-483 aligncenter\" src=\"https:\/\/imprimepopulaire.files.wordpress.com\/2018\/08\/page_couv_pour_oueb.png\" alt=\"brochure Hackons l'imprimerie\" width=\"200\" height=\"283\" \/><\/a><\/h2>\n<\/div>\n<\/div>\n<div style=\"background: #ffffff;\"><img loading=\"lazy\" decoding=\"async\" class=\"alignnone size-full wp-image-134\" src=\"https:\/\/imprimepopulaire.files.wordpress.com\/2017\/09\/carre_seri_50.png\" alt=\"carre_seri_50\" width=\"50\" height=\"50\" \/><\/div>\n<div style=\"background: #ffffff;\">\n<h2>S\u00c9RIGRAPHIE<\/h2>\n<\/div>\n<div style=\"background: #ffffff;\">La s\u00e9rigraphie est une technique d&rsquo;impression bas\u00e9e sur le principe du pochoir. Elle consiste \u00e0 faire passer l&rsquo;encre \u00e0 travers un tissu dont certaines mailles ont \u00e9t\u00e9 bouch\u00e9es et d&rsquo;autres laiss\u00e9es libres. Cette technique largement utilis\u00e9e dans l&rsquo;industrie permet l&rsquo;impression sur de nombreux supports.<br \/>\n<a href=\"https:\/\/imprimepopulaire.wordpress.com\/nos-techniques-diy\/serigraphie\/\">Ici quelques propositions de mise en oeuvre simples<\/a><\/div>\n<\/div>\n<div>.<\/div>\n<div style=\"background: #ffffff;\">\n<div style=\"background: #ffffff;\"><img loading=\"lazy\" decoding=\"async\" class=\"alignnone size-full wp-image-134\" src=\"https:\/\/imprimepopulaire.files.wordpress.com\/2017\/09\/carre_presse_50.png\" alt=\"carre_presse_50\" width=\"50\" height=\"50\" \/><\/div>\n<div>\n<h2>GRAVURE EN CREUX<\/h2>\n<\/div>\n<div style=\"background: #ffffff;\">Ici, le motif \u00e0 reproduire est grav\u00e9 sur une plaque. Les creux de la gravure serviront de r\u00e9servoir \u00e0 encre, tandis que les surfaces laiss\u00e9es vierges seront essuy\u00e9es. En pressant une feuille sur la plaque encr\u00e9e celle-l\u00e0 va boire l&rsquo;encre des r\u00e9serves. Les zones imprim\u00e9es sont donc celles en creux d&rsquo;o\u00f9 le nom de la technique.<br \/>\nCe principe est utilis\u00e9 pour les gravures sur cuivre, zinc, plexiglass &#8230;<\/div>\n<div style=\"background: #ffffff;\"><img loading=\"lazy\" decoding=\"async\" class=\"alignnone size-full wp-image-401\" src=\"https:\/\/imprimepopulaire.files.wordpress.com\/2018\/04\/anim_gravure_creu_1.gif\" alt=\"explication gravure en creux\" width=\"782\" height=\"371\" \/><br \/>\n<a href=\"https:\/\/imprimepopulaire.wordpress.com\/nos-techniques-diy\/gravure-en-creux\/\">Ici comment mettre ca facilement en pratique \u00e0 la maison !<\/a><\/div>\n<\/div>\n<div>.<\/div>\n<div style=\"background: #ffffff;\">\n<div><img loading=\"lazy\" decoding=\"async\" class=\"alignnone size-full wp-image-134\" src=\"https:\/\/imprimepopulaire.files.wordpress.com\/2017\/09\/carre_gravure_50.png\" alt=\"carre_gravure_50\" width=\"50\" height=\"50\" \/><\/div>\n<div style=\"background: #ffffff;\">\n<h2>GRAVURE EN BOSSE<\/h2>\n<\/div>\n<div style=\"background: #ffffff;\">Le motif est ici aussi grav\u00e9 sur une plaque. Mais l&rsquo;encre sera d\u00e9pos\u00e9e uniquement sur les surfaces non grav\u00e9es (donc sur les bosses). C&rsquo;est le principe du tampon.<br \/>\n<a href=\"https:\/\/imprimepopulaire.wordpress.com\/nos-techniques-diy\/gravure-en-bosse\/\">Comment mettre en oeuvre cette vielle technique avec des materiaux de r\u00e9cup\u00e9ration actuels<\/a><\/div>\n<\/div>\n","protected":false},"excerpt":{"rendered":"<p>Nos techniques DIY Les techniques d&rsquo;impression traditionnelles reposent souvent sur des principes simples. Mais leur ma\u00eetrise ne l&rsquo;est pas toujours. Les impressions obtenues peuvent d\u00e9pendre de la temp\u00e9rature, de l\u2019hydrom\u00e9trie, de la nature des encres, du papier etc. Afin de garantir \u00ab \u00e0 tous les coups \u00bb les meilleurs r\u00e9sultats, un long travail de mise &hellip; <a href=\"http:\/\/imprimepopulaire.fr\/?page_id=105\" class=\"more-link\">Continue reading <span class=\"screen-reader-text\">NOS TECHNIQUES DIY<\/span> <span class=\"meta-nav\">&rarr;<\/span><\/a><\/p>\n","protected":false},"author":1,"featured_media":932,"parent":0,"menu_order":2,"comment_status":"closed","ping_status":"closed","template":"","meta":{"footnotes":""},"class_list":["post-105","page","type-page","status-publish","has-post-thumbnail","hentry"],"yoast_head":"<!-- This site is optimized with the Yoast SEO plugin v26.0 - https:\/\/yoast.com\/wordpress\/plugins\/seo\/ -->\n<title>NOS TECHNIQUES DIY - Les amis de l&#039;Imprim\u00e9 Populaire<\/title>\n<meta name=\"robots\" content=\"index, follow, max-snippet:-1, max-image-preview:large, max-video-preview:-1\" \/>\n<link rel=\"canonical\" href=\"https:\/\/imprimepopulaire.fr\/?page_id=105\" \/>\n<meta property=\"og:locale\" content=\"fr_FR\" \/>\n<meta property=\"og:type\" content=\"article\" \/>\n<meta property=\"og:title\" content=\"NOS TECHNIQUES DIY - Les amis de l&#039;Imprim\u00e9 Populaire\" \/>\n<meta property=\"og:description\" content=\"Nos techniques DIY Les techniques d&rsquo;impression traditionnelles reposent souvent sur des principes simples. Mais leur ma\u00eetrise ne l&rsquo;est pas toujours. Les impressions obtenues peuvent d\u00e9pendre de la temp\u00e9rature, de l\u2019hydrom\u00e9trie, de la nature des encres, du papier etc. Afin de garantir \u00ab \u00e0 tous les coups \u00bb les meilleurs r\u00e9sultats, un long travail de mise &hellip; Continue reading NOS TECHNIQUES DIY &rarr;\" \/>\n<meta property=\"og:url\" content=\"https:\/\/imprimepopulaire.fr\/?page_id=105\" \/>\n<meta property=\"og:site_name\" content=\"Les amis de l&#039;Imprim\u00e9 Populaire\" \/>\n<meta property=\"article:modified_time\" content=\"2024-07-11T14:19:15+00:00\" \/>\n<meta property=\"og:image\" content=\"https:\/\/imprimepopulaire.fr\/wp-content\/uploads\/2019\/12\/header_tech-1024x614.png\" \/>\n\t<meta property=\"og:image:width\" content=\"1024\" \/>\n\t<meta property=\"og:image:height\" content=\"614\" \/>\n\t<meta property=\"og:image:type\" content=\"image\/png\" \/>\n<meta name=\"twitter:card\" content=\"summary_large_image\" \/>\n<meta name=\"twitter:label1\" content=\"Dur\u00e9e de lecture estim\u00e9e\" \/>\n\t<meta name=\"twitter:data1\" content=\"2 minutes\" \/>\n<script type=\"application\/ld+json\" class=\"yoast-schema-graph\">{\"@context\":\"https:\/\/schema.org\",\"@graph\":[{\"@type\":\"WebPage\",\"@id\":\"https:\/\/imprimepopulaire.fr\/?page_id=105\",\"url\":\"https:\/\/imprimepopulaire.fr\/?page_id=105\",\"name\":\"NOS TECHNIQUES DIY - Les amis de l&#039;Imprim\u00e9 Populaire\",\"isPartOf\":{\"@id\":\"https:\/\/imprimepopulaire.fr\/#website\"},\"primaryImageOfPage\":{\"@id\":\"https:\/\/imprimepopulaire.fr\/?page_id=105#primaryimage\"},\"image\":{\"@id\":\"https:\/\/imprimepopulaire.fr\/?page_id=105#primaryimage\"},\"thumbnailUrl\":\"http:\/\/imprimepopulaire.fr\/wp-content\/uploads\/2019\/12\/header_tech.png\",\"datePublished\":\"2017-09-03T12:12:10+00:00\",\"dateModified\":\"2024-07-11T14:19:15+00:00\",\"breadcrumb\":{\"@id\":\"https:\/\/imprimepopulaire.fr\/?page_id=105#breadcrumb\"},\"inLanguage\":\"fr-FR\",\"potentialAction\":[{\"@type\":\"ReadAction\",\"target\":[\"https:\/\/imprimepopulaire.fr\/?page_id=105\"]}]},{\"@type\":\"ImageObject\",\"inLanguage\":\"fr-FR\",\"@id\":\"https:\/\/imprimepopulaire.fr\/?page_id=105#primaryimage\",\"url\":\"http:\/\/imprimepopulaire.fr\/wp-content\/uploads\/2019\/12\/header_tech.png\",\"contentUrl\":\"http:\/\/imprimepopulaire.fr\/wp-content\/uploads\/2019\/12\/header_tech.png\",\"width\":2000,\"height\":1200},{\"@type\":\"BreadcrumbList\",\"@id\":\"https:\/\/imprimepopulaire.fr\/?page_id=105#breadcrumb\",\"itemListElement\":[{\"@type\":\"ListItem\",\"position\":1,\"name\":\"Accueil\",\"item\":\"https:\/\/imprimepopulaire.fr\/\"},{\"@type\":\"ListItem\",\"position\":2,\"name\":\"NOS TECHNIQUES DIY\"}]},{\"@type\":\"WebSite\",\"@id\":\"https:\/\/imprimepopulaire.fr\/#website\",\"url\":\"https:\/\/imprimepopulaire.fr\/\",\"name\":\"Les amis de l&#039;Imprim\u00e9 Populaire\",\"description\":\"\",\"publisher\":{\"@id\":\"https:\/\/imprimepopulaire.fr\/#organization\"},\"potentialAction\":[{\"@type\":\"SearchAction\",\"target\":{\"@type\":\"EntryPoint\",\"urlTemplate\":\"https:\/\/imprimepopulaire.fr\/?s={search_term_string}\"},\"query-input\":{\"@type\":\"PropertyValueSpecification\",\"valueRequired\":true,\"valueName\":\"search_term_string\"}}],\"inLanguage\":\"fr-FR\"},{\"@type\":\"Organization\",\"@id\":\"https:\/\/imprimepopulaire.fr\/#organization\",\"name\":\"Les amis de l&#039;Imprim\u00e9 Populaire\",\"url\":\"https:\/\/imprimepopulaire.fr\/\",\"logo\":{\"@type\":\"ImageObject\",\"inLanguage\":\"fr-FR\",\"@id\":\"https:\/\/imprimepopulaire.fr\/#\/schema\/logo\/image\/\",\"url\":\"http:\/\/imprimepopulaire.fr\/wp-content\/uploads\/2019\/12\/cropped-logo4_av_slogan-1.png\",\"contentUrl\":\"http:\/\/imprimepopulaire.fr\/wp-content\/uploads\/2019\/12\/cropped-logo4_av_slogan-1.png\",\"width\":1008,\"height\":400,\"caption\":\"Les amis de l&#039;Imprim\u00e9 Populaire\"},\"image\":{\"@id\":\"https:\/\/imprimepopulaire.fr\/#\/schema\/logo\/image\/\"}}]}<\/script>\n<!-- \/ Yoast SEO plugin. -->","yoast_head_json":{"title":"NOS TECHNIQUES DIY - Les amis de l&#039;Imprim\u00e9 Populaire","robots":{"index":"index","follow":"follow","max-snippet":"max-snippet:-1","max-image-preview":"max-image-preview:large","max-video-preview":"max-video-preview:-1"},"canonical":"https:\/\/imprimepopulaire.fr\/?page_id=105","og_locale":"fr_FR","og_type":"article","og_title":"NOS TECHNIQUES DIY - Les amis de l&#039;Imprim\u00e9 Populaire","og_description":"Nos techniques DIY Les techniques d&rsquo;impression traditionnelles reposent souvent sur des principes simples. Mais leur ma\u00eetrise ne l&rsquo;est pas toujours. Les impressions obtenues peuvent d\u00e9pendre de la temp\u00e9rature, de l\u2019hydrom\u00e9trie, de la nature des encres, du papier etc. Afin de garantir \u00ab \u00e0 tous les coups \u00bb les meilleurs r\u00e9sultats, un long travail de mise &hellip; Continue reading NOS TECHNIQUES DIY &rarr;","og_url":"https:\/\/imprimepopulaire.fr\/?page_id=105","og_site_name":"Les amis de l&#039;Imprim\u00e9 Populaire","article_modified_time":"2024-07-11T14:19:15+00:00","og_image":[{"width":1024,"height":614,"url":"https:\/\/imprimepopulaire.fr\/wp-content\/uploads\/2019\/12\/header_tech-1024x614.png","type":"image\/png"}],"twitter_card":"summary_large_image","twitter_misc":{"Dur\u00e9e de lecture estim\u00e9e":"2 minutes"},"schema":{"@context":"https:\/\/schema.org","@graph":[{"@type":"WebPage","@id":"https:\/\/imprimepopulaire.fr\/?page_id=105","url":"https:\/\/imprimepopulaire.fr\/?page_id=105","name":"NOS TECHNIQUES DIY - Les amis de l&#039;Imprim\u00e9 Populaire","isPartOf":{"@id":"https:\/\/imprimepopulaire.fr\/#website"},"primaryImageOfPage":{"@id":"https:\/\/imprimepopulaire.fr\/?page_id=105#primaryimage"},"image":{"@id":"https:\/\/imprimepopulaire.fr\/?page_id=105#primaryimage"},"thumbnailUrl":"http:\/\/imprimepopulaire.fr\/wp-content\/uploads\/2019\/12\/header_tech.png","datePublished":"2017-09-03T12:12:10+00:00","dateModified":"2024-07-11T14:19:15+00:00","breadcrumb":{"@id":"https:\/\/imprimepopulaire.fr\/?page_id=105#breadcrumb"},"inLanguage":"fr-FR","potentialAction":[{"@type":"ReadAction","target":["https:\/\/imprimepopulaire.fr\/?page_id=105"]}]},{"@type":"ImageObject","inLanguage":"fr-FR","@id":"https:\/\/imprimepopulaire.fr\/?page_id=105#primaryimage","url":"http:\/\/imprimepopulaire.fr\/wp-content\/uploads\/2019\/12\/header_tech.png","contentUrl":"http:\/\/imprimepopulaire.fr\/wp-content\/uploads\/2019\/12\/header_tech.png","width":2000,"height":1200},{"@type":"BreadcrumbList","@id":"https:\/\/imprimepopulaire.fr\/?page_id=105#breadcrumb","itemListElement":[{"@type":"ListItem","position":1,"name":"Accueil","item":"https:\/\/imprimepopulaire.fr\/"},{"@type":"ListItem","position":2,"name":"NOS TECHNIQUES DIY"}]},{"@type":"WebSite","@id":"https:\/\/imprimepopulaire.fr\/#website","url":"https:\/\/imprimepopulaire.fr\/","name":"Les amis de l&#039;Imprim\u00e9 Populaire","description":"","publisher":{"@id":"https:\/\/imprimepopulaire.fr\/#organization"},"potentialAction":[{"@type":"SearchAction","target":{"@type":"EntryPoint","urlTemplate":"https:\/\/imprimepopulaire.fr\/?s={search_term_string}"},"query-input":{"@type":"PropertyValueSpecification","valueRequired":true,"valueName":"search_term_string"}}],"inLanguage":"fr-FR"},{"@type":"Organization","@id":"https:\/\/imprimepopulaire.fr\/#organization","name":"Les amis de l&#039;Imprim\u00e9 Populaire","url":"https:\/\/imprimepopulaire.fr\/","logo":{"@type":"ImageObject","inLanguage":"fr-FR","@id":"https:\/\/imprimepopulaire.fr\/#\/schema\/logo\/image\/","url":"http:\/\/imprimepopulaire.fr\/wp-content\/uploads\/2019\/12\/cropped-logo4_av_slogan-1.png","contentUrl":"http:\/\/imprimepopulaire.fr\/wp-content\/uploads\/2019\/12\/cropped-logo4_av_slogan-1.png","width":1008,"height":400,"caption":"Les amis de l&#039;Imprim\u00e9 Populaire"},"image":{"@id":"https:\/\/imprimepopulaire.fr\/#\/schema\/logo\/image\/"}}]}},"jetpack_sharing_enabled":true,"_links":{"self":[{"href":"http:\/\/imprimepopulaire.fr\/index.php?rest_route=\/wp\/v2\/pages\/105","targetHints":{"allow":["GET"]}}],"collection":[{"href":"http:\/\/imprimepopulaire.fr\/index.php?rest_route=\/wp\/v2\/pages"}],"about":[{"href":"http:\/\/imprimepopulaire.fr\/index.php?rest_route=\/wp\/v2\/types\/page"}],"author":[{"embeddable":true,"href":"http:\/\/imprimepopulaire.fr\/index.php?rest_route=\/wp\/v2\/users\/1"}],"replies":[{"embeddable":true,"href":"http:\/\/imprimepopulaire.fr\/index.php?rest_route=%2Fwp%2Fv2%2Fcomments&post=105"}],"version-history":[{"count":2,"href":"http:\/\/imprimepopulaire.fr\/index.php?rest_route=\/wp\/v2\/pages\/105\/revisions"}],"predecessor-version":[{"id":1153,"href":"http:\/\/imprimepopulaire.fr\/index.php?rest_route=\/wp\/v2\/pages\/105\/revisions\/1153"}],"wp:featuredmedia":[{"embeddable":true,"href":"http:\/\/imprimepopulaire.fr\/index.php?rest_route=\/wp\/v2\/media\/932"}],"wp:attachment":[{"href":"http:\/\/imprimepopulaire.fr\/index.php?rest_route=%2Fwp%2Fv2%2Fmedia&parent=105"}],"curies":[{"name":"wp","href":"https:\/\/api.w.org\/{rel}","templated":true}]}}