{"id":1172,"date":"2021-01-03T19:13:57","date_gmt":"2021-01-03T18:13:57","guid":{"rendered":"http:\/\/imprimepopulaire.fr\/?page_id=1172"},"modified":"2024-07-11T16:19:16","modified_gmt":"2024-07-11T14:19:16","slug":"sandpaper-lithography","status":"publish","type":"page","link":"http:\/\/imprimepopulaire.fr\/?page_id=1172","title":{"rendered":"Sandpaper Lithography"},"content":{"rendered":"\n<h2 class=\"wp-block-heading\">Sandpaper lithography<\/h2>\n\n\n\n<p> Cette technique \u00e0 la crois\u00e9e  du carborundum, de la lithographie et de la gravure en taille d\u2019\u00e9pargne,  donne des images tr\u00e8s granuleuses avec un rendu unique  \u00e9voquant le fusain. <\/p>\n\n\n\n<p>Elle fut d\u00e9couverte  par hasard au d\u00e9but du XXe si\u00e8cle par un \u00e9tudiant am\u00e9ricain \u00e0  Paris&#8230; et rest\u00e9e tr\u00e8s confidentielle depuis&#8230;Jusqu&rsquo;\u00e0 ce que Franck la red\u00e9couvre aujourd&rsquo;hui! Pour plus d&rsquo;info vous pouvez consulter et\/ou imprimer la brochure ci-dessous:<\/p>\n\n\n\n<div class=\"wp-block-image\"><figure class=\"aligncenter size-large\"><a href=\"http:\/\/imprimepopulaire.fr\/wp-content\/uploads\/2021\/01\/Plaq_AIP_sandpaperlitho.pdf\"><img loading=\"lazy\" decoding=\"async\" width=\"150\" height=\"214\" src=\"http:\/\/imprimepopulaire.fr\/wp-content\/uploads\/2021\/01\/couv_plq_sandpaperlitho-1.jpg\" alt=\"\" class=\"wp-image-1174\"\/><\/a><\/figure><\/div>\n\n\n\n<p>La simplicit\u00e9 de la technique ainsi que les moyens  rudimentaires utilis\u00e9s (craies grasses, gouache, papier de verre, rouleau  en mousse\u2026) en font une vraie technique DIY!<\/p>\n\n\n\n<figure class=\"wp-block-embed-youtube wp-block-embed is-type-video is-provider-youtube wp-embed-aspect-16-9 wp-has-aspect-ratio\"><div class=\"wp-block-embed__wrapper\">\n<div class=\"jetpack-video-wrapper\"><iframe loading=\"lazy\" title=\"Sandpaper Lithography tuto\" width=\"700\" height=\"394\" src=\"https:\/\/www.youtube.com\/embed\/_8HLmQdGeiY?feature=oembed\" frameborder=\"0\" allow=\"accelerometer; autoplay; clipboard-write; encrypted-media; gyroscope; picture-in-picture\" allowfullscreen><\/iframe><\/div>\n<\/div><figcaption>Tuto complet pour des impressions sur papier<\/figcaption><\/figure>\n\n\n\n<figure class=\"wp-block-embed-youtube wp-block-embed is-type-video is-provider-youtube wp-embed-aspect-16-9 wp-has-aspect-ratio\"><div class=\"wp-block-embed__wrapper\">\n<div class=\"jetpack-video-wrapper\"><iframe loading=\"lazy\" title=\"Sandpaper Lithography ( Part 2 : fabric print)\" width=\"700\" height=\"394\" src=\"https:\/\/www.youtube.com\/embed\/QdaaSjUhhJg?feature=oembed\" frameborder=\"0\" allow=\"accelerometer; autoplay; clipboard-write; encrypted-media; gyroscope; picture-in-picture\" allowfullscreen><\/iframe><\/div>\n<\/div><figcaption>Tuto sp\u00e9cifique pour impression sur textile<\/figcaption><\/figure>\n","protected":false},"excerpt":{"rendered":"<p>Sandpaper lithography Cette technique \u00e0 la crois\u00e9e du carborundum, de la lithographie et de la gravure en taille d\u2019\u00e9pargne, donne des images tr\u00e8s granuleuses avec un rendu unique \u00e9voquant le fusain. Elle fut d\u00e9couverte par hasard au d\u00e9but du XXe si\u00e8cle par un \u00e9tudiant am\u00e9ricain \u00e0 Paris&#8230; et rest\u00e9e tr\u00e8s confidentielle depuis&#8230;Jusqu&rsquo;\u00e0 ce que Franck &hellip; <a href=\"http:\/\/imprimepopulaire.fr\/?page_id=1172\" class=\"more-link\">Continue reading <span class=\"screen-reader-text\">Sandpaper Lithography<\/span> <span class=\"meta-nav\">&rarr;<\/span><\/a><\/p>\n","protected":false},"author":1,"featured_media":0,"parent":105,"menu_order":4,"comment_status":"closed","ping_status":"closed","template":"","meta":{"footnotes":""},"class_list":["post-1172","page","type-page","status-publish","hentry"],"yoast_head":"<!-- This site is optimized with the Yoast SEO plugin v26.0 - https:\/\/yoast.com\/wordpress\/plugins\/seo\/ -->\n<title>Sandpaper Lithography - Les amis de l&#039;Imprim\u00e9 Populaire<\/title>\n<meta name=\"robots\" content=\"index, follow, max-snippet:-1, max-image-preview:large, max-video-preview:-1\" \/>\n<link rel=\"canonical\" href=\"https:\/\/imprimepopulaire.fr\/?page_id=1172\" \/>\n<meta property=\"og:locale\" content=\"fr_FR\" \/>\n<meta property=\"og:type\" content=\"article\" \/>\n<meta property=\"og:title\" content=\"Sandpaper Lithography - Les amis de l&#039;Imprim\u00e9 Populaire\" \/>\n<meta property=\"og:description\" content=\"Sandpaper lithography Cette technique \u00e0 la crois\u00e9e du carborundum, de la lithographie et de la gravure en taille d\u2019\u00e9pargne, donne des images tr\u00e8s granuleuses avec un rendu unique \u00e9voquant le fusain. Elle fut d\u00e9couverte par hasard au d\u00e9but du XXe si\u00e8cle par un \u00e9tudiant am\u00e9ricain \u00e0 Paris&#8230; et rest\u00e9e tr\u00e8s confidentielle depuis&#8230;Jusqu&rsquo;\u00e0 ce que Franck &hellip; Continue reading Sandpaper Lithography &rarr;\" \/>\n<meta property=\"og:url\" content=\"https:\/\/imprimepopulaire.fr\/?page_id=1172\" \/>\n<meta property=\"og:site_name\" content=\"Les amis de l&#039;Imprim\u00e9 Populaire\" \/>\n<meta property=\"article:modified_time\" content=\"2024-07-11T14:19:16+00:00\" \/>\n<meta property=\"og:image\" content=\"http:\/\/imprimepopulaire.fr\/wp-content\/uploads\/2021\/01\/couv_plq_sandpaperlitho-1.jpg\" \/>\n<meta name=\"twitter:card\" content=\"summary_large_image\" \/>\n<meta name=\"twitter:label1\" content=\"Dur\u00e9e de lecture estim\u00e9e\" \/>\n\t<meta name=\"twitter:data1\" content=\"1 minute\" \/>\n<script type=\"application\/ld+json\" class=\"yoast-schema-graph\">{\"@context\":\"https:\/\/schema.org\",\"@graph\":[{\"@type\":\"WebPage\",\"@id\":\"https:\/\/imprimepopulaire.fr\/?page_id=1172\",\"url\":\"https:\/\/imprimepopulaire.fr\/?page_id=1172\",\"name\":\"Sandpaper Lithography - Les amis de l&#039;Imprim\u00e9 Populaire\",\"isPartOf\":{\"@id\":\"https:\/\/imprimepopulaire.fr\/#website\"},\"primaryImageOfPage\":{\"@id\":\"https:\/\/imprimepopulaire.fr\/?page_id=1172#primaryimage\"},\"image\":{\"@id\":\"https:\/\/imprimepopulaire.fr\/?page_id=1172#primaryimage\"},\"thumbnailUrl\":\"http:\/\/imprimepopulaire.fr\/wp-content\/uploads\/2021\/01\/couv_plq_sandpaperlitho-1.jpg\",\"datePublished\":\"2021-01-03T18:13:57+00:00\",\"dateModified\":\"2024-07-11T14:19:16+00:00\",\"breadcrumb\":{\"@id\":\"https:\/\/imprimepopulaire.fr\/?page_id=1172#breadcrumb\"},\"inLanguage\":\"fr-FR\",\"potentialAction\":[{\"@type\":\"ReadAction\",\"target\":[\"https:\/\/imprimepopulaire.fr\/?page_id=1172\"]}]},{\"@type\":\"ImageObject\",\"inLanguage\":\"fr-FR\",\"@id\":\"https:\/\/imprimepopulaire.fr\/?page_id=1172#primaryimage\",\"url\":\"http:\/\/imprimepopulaire.fr\/wp-content\/uploads\/2021\/01\/couv_plq_sandpaperlitho-1.jpg\",\"contentUrl\":\"http:\/\/imprimepopulaire.fr\/wp-content\/uploads\/2021\/01\/couv_plq_sandpaperlitho-1.jpg\",\"width\":150,\"height\":214},{\"@type\":\"BreadcrumbList\",\"@id\":\"https:\/\/imprimepopulaire.fr\/?page_id=1172#breadcrumb\",\"itemListElement\":[{\"@type\":\"ListItem\",\"position\":1,\"name\":\"Accueil\",\"item\":\"https:\/\/imprimepopulaire.fr\/\"},{\"@type\":\"ListItem\",\"position\":2,\"name\":\"NOS TECHNIQUES DIY\",\"item\":\"https:\/\/imprimepopulaire.fr\/?page_id=105\"},{\"@type\":\"ListItem\",\"position\":3,\"name\":\"Sandpaper Lithography\"}]},{\"@type\":\"WebSite\",\"@id\":\"https:\/\/imprimepopulaire.fr\/#website\",\"url\":\"https:\/\/imprimepopulaire.fr\/\",\"name\":\"Les amis de l&#039;Imprim\u00e9 Populaire\",\"description\":\"\",\"publisher\":{\"@id\":\"https:\/\/imprimepopulaire.fr\/#organization\"},\"potentialAction\":[{\"@type\":\"SearchAction\",\"target\":{\"@type\":\"EntryPoint\",\"urlTemplate\":\"https:\/\/imprimepopulaire.fr\/?s={search_term_string}\"},\"query-input\":{\"@type\":\"PropertyValueSpecification\",\"valueRequired\":true,\"valueName\":\"search_term_string\"}}],\"inLanguage\":\"fr-FR\"},{\"@type\":\"Organization\",\"@id\":\"https:\/\/imprimepopulaire.fr\/#organization\",\"name\":\"Les amis de l&#039;Imprim\u00e9 Populaire\",\"url\":\"https:\/\/imprimepopulaire.fr\/\",\"logo\":{\"@type\":\"ImageObject\",\"inLanguage\":\"fr-FR\",\"@id\":\"https:\/\/imprimepopulaire.fr\/#\/schema\/logo\/image\/\",\"url\":\"http:\/\/imprimepopulaire.fr\/wp-content\/uploads\/2019\/12\/cropped-logo4_av_slogan-1.png\",\"contentUrl\":\"http:\/\/imprimepopulaire.fr\/wp-content\/uploads\/2019\/12\/cropped-logo4_av_slogan-1.png\",\"width\":1008,\"height\":400,\"caption\":\"Les amis de l&#039;Imprim\u00e9 Populaire\"},\"image\":{\"@id\":\"https:\/\/imprimepopulaire.fr\/#\/schema\/logo\/image\/\"}}]}<\/script>\n<!-- \/ Yoast SEO plugin. -->","yoast_head_json":{"title":"Sandpaper Lithography - Les amis de l&#039;Imprim\u00e9 Populaire","robots":{"index":"index","follow":"follow","max-snippet":"max-snippet:-1","max-image-preview":"max-image-preview:large","max-video-preview":"max-video-preview:-1"},"canonical":"https:\/\/imprimepopulaire.fr\/?page_id=1172","og_locale":"fr_FR","og_type":"article","og_title":"Sandpaper Lithography - Les amis de l&#039;Imprim\u00e9 Populaire","og_description":"Sandpaper lithography Cette technique \u00e0 la crois\u00e9e du carborundum, de la lithographie et de la gravure en taille d\u2019\u00e9pargne, donne des images tr\u00e8s granuleuses avec un rendu unique \u00e9voquant le fusain. Elle fut d\u00e9couverte par hasard au d\u00e9but du XXe si\u00e8cle par un \u00e9tudiant am\u00e9ricain \u00e0 Paris&#8230; et rest\u00e9e tr\u00e8s confidentielle depuis&#8230;Jusqu&rsquo;\u00e0 ce que Franck &hellip; Continue reading Sandpaper Lithography &rarr;","og_url":"https:\/\/imprimepopulaire.fr\/?page_id=1172","og_site_name":"Les amis de l&#039;Imprim\u00e9 Populaire","article_modified_time":"2024-07-11T14:19:16+00:00","og_image":[{"url":"http:\/\/imprimepopulaire.fr\/wp-content\/uploads\/2021\/01\/couv_plq_sandpaperlitho-1.jpg","type":"","width":"","height":""}],"twitter_card":"summary_large_image","twitter_misc":{"Dur\u00e9e de lecture estim\u00e9e":"1 minute"},"schema":{"@context":"https:\/\/schema.org","@graph":[{"@type":"WebPage","@id":"https:\/\/imprimepopulaire.fr\/?page_id=1172","url":"https:\/\/imprimepopulaire.fr\/?page_id=1172","name":"Sandpaper Lithography - Les amis de l&#039;Imprim\u00e9 Populaire","isPartOf":{"@id":"https:\/\/imprimepopulaire.fr\/#website"},"primaryImageOfPage":{"@id":"https:\/\/imprimepopulaire.fr\/?page_id=1172#primaryimage"},"image":{"@id":"https:\/\/imprimepopulaire.fr\/?page_id=1172#primaryimage"},"thumbnailUrl":"http:\/\/imprimepopulaire.fr\/wp-content\/uploads\/2021\/01\/couv_plq_sandpaperlitho-1.jpg","datePublished":"2021-01-03T18:13:57+00:00","dateModified":"2024-07-11T14:19:16+00:00","breadcrumb":{"@id":"https:\/\/imprimepopulaire.fr\/?page_id=1172#breadcrumb"},"inLanguage":"fr-FR","potentialAction":[{"@type":"ReadAction","target":["https:\/\/imprimepopulaire.fr\/?page_id=1172"]}]},{"@type":"ImageObject","inLanguage":"fr-FR","@id":"https:\/\/imprimepopulaire.fr\/?page_id=1172#primaryimage","url":"http:\/\/imprimepopulaire.fr\/wp-content\/uploads\/2021\/01\/couv_plq_sandpaperlitho-1.jpg","contentUrl":"http:\/\/imprimepopulaire.fr\/wp-content\/uploads\/2021\/01\/couv_plq_sandpaperlitho-1.jpg","width":150,"height":214},{"@type":"BreadcrumbList","@id":"https:\/\/imprimepopulaire.fr\/?page_id=1172#breadcrumb","itemListElement":[{"@type":"ListItem","position":1,"name":"Accueil","item":"https:\/\/imprimepopulaire.fr\/"},{"@type":"ListItem","position":2,"name":"NOS TECHNIQUES DIY","item":"https:\/\/imprimepopulaire.fr\/?page_id=105"},{"@type":"ListItem","position":3,"name":"Sandpaper Lithography"}]},{"@type":"WebSite","@id":"https:\/\/imprimepopulaire.fr\/#website","url":"https:\/\/imprimepopulaire.fr\/","name":"Les amis de l&#039;Imprim\u00e9 Populaire","description":"","publisher":{"@id":"https:\/\/imprimepopulaire.fr\/#organization"},"potentialAction":[{"@type":"SearchAction","target":{"@type":"EntryPoint","urlTemplate":"https:\/\/imprimepopulaire.fr\/?s={search_term_string}"},"query-input":{"@type":"PropertyValueSpecification","valueRequired":true,"valueName":"search_term_string"}}],"inLanguage":"fr-FR"},{"@type":"Organization","@id":"https:\/\/imprimepopulaire.fr\/#organization","name":"Les amis de l&#039;Imprim\u00e9 Populaire","url":"https:\/\/imprimepopulaire.fr\/","logo":{"@type":"ImageObject","inLanguage":"fr-FR","@id":"https:\/\/imprimepopulaire.fr\/#\/schema\/logo\/image\/","url":"http:\/\/imprimepopulaire.fr\/wp-content\/uploads\/2019\/12\/cropped-logo4_av_slogan-1.png","contentUrl":"http:\/\/imprimepopulaire.fr\/wp-content\/uploads\/2019\/12\/cropped-logo4_av_slogan-1.png","width":1008,"height":400,"caption":"Les amis de l&#039;Imprim\u00e9 Populaire"},"image":{"@id":"https:\/\/imprimepopulaire.fr\/#\/schema\/logo\/image\/"}}]}},"jetpack_sharing_enabled":true,"_links":{"self":[{"href":"http:\/\/imprimepopulaire.fr\/index.php?rest_route=\/wp\/v2\/pages\/1172","targetHints":{"allow":["GET"]}}],"collection":[{"href":"http:\/\/imprimepopulaire.fr\/index.php?rest_route=\/wp\/v2\/pages"}],"about":[{"href":"http:\/\/imprimepopulaire.fr\/index.php?rest_route=\/wp\/v2\/types\/page"}],"author":[{"embeddable":true,"href":"http:\/\/imprimepopulaire.fr\/index.php?rest_route=\/wp\/v2\/users\/1"}],"replies":[{"embeddable":true,"href":"http:\/\/imprimepopulaire.fr\/index.php?rest_route=%2Fwp%2Fv2%2Fcomments&post=1172"}],"version-history":[{"count":2,"href":"http:\/\/imprimepopulaire.fr\/index.php?rest_route=\/wp\/v2\/pages\/1172\/revisions"}],"predecessor-version":[{"id":1177,"href":"http:\/\/imprimepopulaire.fr\/index.php?rest_route=\/wp\/v2\/pages\/1172\/revisions\/1177"}],"up":[{"embeddable":true,"href":"http:\/\/imprimepopulaire.fr\/index.php?rest_route=\/wp\/v2\/pages\/105"}],"wp:attachment":[{"href":"http:\/\/imprimepopulaire.fr\/index.php?rest_route=%2Fwp%2Fv2%2Fmedia&parent=1172"}],"curies":[{"name":"wp","href":"https:\/\/api.w.org\/{rel}","templated":true}]}}