{"id":1244,"date":"2021-11-04T12:37:56","date_gmt":"2021-11-04T11:37:56","guid":{"rendered":"http:\/\/imprimepopulaire.fr\/?page_id=1244"},"modified":"2024-10-07T11:30:25","modified_gmt":"2024-10-07T09:30:25","slug":"faits-gestes","status":"publish","type":"page","link":"http:\/\/imprimepopulaire.fr\/?page_id=1244","title":{"rendered":"FAITS &#038; GESTES"},"content":{"rendered":"\n<p>Faits &amp; Gestes est notre fanzine \u00ab\u00a0annuel\u00a0\u00bb sur l&rsquo;imprim\u00e9 populaire.<br>Nous y compilons des articles, des interviews, des BD sur des anecdotes historiques, et des notes\/ compte rendu sur les techniques test\u00e9es.<\/p>\n\n\n\n<h2 class=\"wp-block-heading\">Printemps 2024 : N\u00b03<\/h2>\n\n\n\n<figure class=\"wp-block-image size-full\"><img loading=\"lazy\" decoding=\"async\" width=\"1000\" height=\"688\" src=\"http:\/\/imprimepopulaire.fr\/wp-content\/uploads\/2024\/10\/couv_FG3.jpg\" alt=\"\" class=\"wp-image-1450\" srcset=\"http:\/\/imprimepopulaire.fr\/wp-content\/uploads\/2024\/10\/couv_FG3.jpg 1000w, http:\/\/imprimepopulaire.fr\/wp-content\/uploads\/2024\/10\/couv_FG3-300x206.jpg 300w, http:\/\/imprimepopulaire.fr\/wp-content\/uploads\/2024\/10\/couv_FG3-768x528.jpg 768w, http:\/\/imprimepopulaire.fr\/wp-content\/uploads\/2024\/10\/couv_FG3-700x482.jpg 700w, http:\/\/imprimepopulaire.fr\/wp-content\/uploads\/2024\/10\/couv_FG3-581x400.jpg 581w\" sizes=\"auto, (max-width: 1000px) 100vw, 1000px\" \/><\/figure>\n\n\n\n<p><strong>Sous sa couverture en Risographie, ce N\u00b03 r\u00e9v\u00e8le :<\/strong><br>&#8211; 5 questions \u00e0 Ang\u00e8le Douche<br>&#8211; Les origines du fanzine dans le fandom am\u00e9ricain des ann\u00e9es 1930-1940 par Izabeau Legendre<br>&#8211; Samuel Etienne : des fanzines \u00e0 l\u2019universit\u00e9<br>&#8211; Publier pour diffuser la parole par Ma\u00ebl Rannou<br>&#8211; Agitations silencieuses par Giz<br>&#8211; Glauque Fran\u00e7oise fait son CR d\u2019impression<br>&#8211; Interview de Catherine et Jean-Luc Matte : tertrapakologie<br>&#8211; (BD) Les petites histoires de l\u2019imprim\u00e9 populaire : Avez-vous d\u00e9j\u00e0 entendu parl\u00e9 de l\u2019imprimerie polytype ? par Aps<br>&#8211; Visite \u00e0 Tokyo au temple Uena Toshogu : les imprim\u00e9s dans la pi\u00e9t\u00e9 populaire au Japon par Eric<br>&#8211; Des attacheurs de mots au c\u0153ur de la houle : l\u2019affaire des Placards, implantations &amp; p\u00e9r\u00e9grinations d\u2019un imprim\u00e9 clandestin par Natacha Czornyj<br>&#8211; Tuto : presse \u00e0 double levier Do it yourself par Yann<br>&#8211; Gameboy Camera et CR d\u2019impression par S\u00e9bastien Tourneux<br>&#8211; Le manga pour apprendre des techniques d\u2019impression ? L\u2019imprimerie des sorci\u00e8res par Aps<br>&#8211; Jets d\u2019encre, les jeunes \u00e0 la presse par Aps<br>&#8211; Estampage en Chine et brass rubbing par Yann<br>&#8211; CR d\u2019impression : estampage par Yann et Eric<br>&#8211; Visite du mus\u00e9e de la R\u00e9sistance Nationale de Champigny-sur-Marne par Aps<br>&#8211; 5 questions \u00e0 LL. de Mars et C. De Trogoff<br>&#8211; (BD) Les petites histoires de l\u2019imprim\u00e9 populaire : imprimer la r\u00e9volution de l\u2019afrobeat par Aps<br>&#8211; CR de non impression : pochoir par Alice<br>&#8211; J\u2019imprime donc je suis par Ariane Mayer<\/p>\n\n\n\n<p><a href=\"http:\/\/imprimepopulaire.fr\/wp-content\/uploads\/2024\/10\/FG3_pr_web_150dpi.pdf\">Lire le pdf en ligne !!!<\/a><br>la version imprimable A5 est \u00e9galement disponible sur simple demande.<br>Vous pouvez aussi nous commander un exemplaire A4 aux impressions DIY originales!<\/p>\n\n\n\n<h2 class=\"wp-block-heading\">Hiver 2022 : N\u00b02<\/h2>\n\n\n\n<figure class=\"wp-block-image size-large\"><img loading=\"lazy\" decoding=\"async\" width=\"1000\" height=\"707\" src=\"http:\/\/imprimepopulaire.fr\/wp-content\/uploads\/2022\/12\/FetG2_scan_couv_prweb.jpg\" alt=\"\" class=\"wp-image-1304\" srcset=\"http:\/\/imprimepopulaire.fr\/wp-content\/uploads\/2022\/12\/FetG2_scan_couv_prweb.jpg 1000w, http:\/\/imprimepopulaire.fr\/wp-content\/uploads\/2022\/12\/FetG2_scan_couv_prweb-300x212.jpg 300w, http:\/\/imprimepopulaire.fr\/wp-content\/uploads\/2022\/12\/FetG2_scan_couv_prweb-768x543.jpg 768w, http:\/\/imprimepopulaire.fr\/wp-content\/uploads\/2022\/12\/FetG2_scan_couv_prweb-700x495.jpg 700w, http:\/\/imprimepopulaire.fr\/wp-content\/uploads\/2022\/12\/FetG2_scan_couv_prweb-566x400.jpg 566w\" sizes=\"auto, (max-width: 1000px) 100vw, 1000px\" \/><\/figure>\n\n\n\n<p><span style=\"text-decoration: underline;\"> au sommaire de ce num\u00e9ro 2 : <\/span><br>     &#8211; Petites histoires en BD : Maurice Hall\u00e9 chansonnier beauceron<br>     &#8211; Les fanfictions \u2013 interview de Rutile<br>     &#8211; Visite de l\u2019atelier-mus\u00e9e de l\u2019Imprimerie \u00e0 Malesherbes<br>     &#8211; Gravure et Recette de Riri<br>     &#8211; Technique : la mim\u00e9ographie<br>     &#8211; Petites histoires en BD : Nancy Cunard l\u2019h\u00e9riti\u00e8re qui imprimait<br>     &#8211; Interview d\u2019Ariane Mayer<br>     &#8211; Visite du mus\u00e9e de la carte \u00e0 jouer \u00e0 Issy-les-Moulineaux<br>     &#8211; Portrait et BD : Albrecht D\u00fcrer<br>     &#8211; Les imprim\u00e9s abandonn\u00e9s : imprim\u00e9s anonymes dans l&rsquo;espace urbain<br>     &#8211; R\u00e9cit d\u2019impressions : linogravure<br>     &#8211; Visite du mus\u00e9e Guy L\u00e9vis Mano<br>     &#8211; Tribune sur la n\u00e9cessit\u00e9 de cr\u00e9er<br>     &#8211; Compte-rendu d\u2019impressions : s\u00e9rigraphie sur tissu<br>     &#8211; Interview de Lance Strapontin<br>     &#8211; Technique : encore tanno-ferrique (+ recette DIY)<br>     &#8211; Compte-rendu d\u2019impressions : la s\u00e9rigraphie sans cadre <\/p>\n\n\n\n<p><strong>&#8211;&gt; <a aria-label=\" (opens in a new tab)\" href=\"http:\/\/imprimepopulaire.fr\/wp-content\/uploads\/2022\/12\/FetG2_pr_web_150dpi.pdf\" target=\"_blank\" rel=\"noreferrer noopener\">Lire le pdf en ligne !!!!!<\/a><\/strong><br>la version imprimable est \u00e9galement disponible sur simple demande.<\/p>\n\n\n\n<h2 class=\"wp-block-heading\">Automne 2021 : N\u00b01<\/h2>\n\n\n\n<figure class=\"wp-block-image size-large\"><img loading=\"lazy\" decoding=\"async\" width=\"1024\" height=\"895\" src=\"http:\/\/imprimepopulaire.fr\/wp-content\/uploads\/2021\/11\/couv_faitsgestes_N1-1024x895.jpg\" alt=\"\" class=\"wp-image-1245\" srcset=\"http:\/\/imprimepopulaire.fr\/wp-content\/uploads\/2021\/11\/couv_faitsgestes_N1-1024x895.jpg 1024w, http:\/\/imprimepopulaire.fr\/wp-content\/uploads\/2021\/11\/couv_faitsgestes_N1-300x262.jpg 300w, http:\/\/imprimepopulaire.fr\/wp-content\/uploads\/2021\/11\/couv_faitsgestes_N1-768x672.jpg 768w, http:\/\/imprimepopulaire.fr\/wp-content\/uploads\/2021\/11\/couv_faitsgestes_N1-1536x1343.jpg 1536w, http:\/\/imprimepopulaire.fr\/wp-content\/uploads\/2021\/11\/couv_faitsgestes_N1-2048x1791.jpg 2048w, http:\/\/imprimepopulaire.fr\/wp-content\/uploads\/2021\/11\/couv_faitsgestes_N1-700x612.jpg 700w, http:\/\/imprimepopulaire.fr\/wp-content\/uploads\/2021\/11\/couv_faitsgestes_N1-2000x1749.jpg 2000w, http:\/\/imprimepopulaire.fr\/wp-content\/uploads\/2021\/11\/couv_faitsgestes_N1-457x400.jpg 457w\" sizes=\"auto, (max-width: 1024px) 100vw, 1024px\" \/><\/figure>\n\n\n\n<p>Au sommaire de ce premier num\u00e9ro:<br>&#8211; Portrait : Papy@rt<br>&#8211; Petites histoires en BD : Le myst\u00e9rieux journal d&rsquo;Apollinaire<br>&#8211; Le gyotaku : les empreintes de poisson japonaises<br>&#8211; Compte-rendu d&rsquo;impressions de gyotaku<br>&#8211; Interview : Eja<br>&#8211; Petites histoires en BD : \u00ab\u00a0Avez-vous vu l&rsquo;oiseau?\u00a0\u00bb (un journal clandestin de la Premi\u00e8re Guerre mondiale)<br>&#8211; Les impressions populaires en Chine<br>&#8211; Visite : Mus\u00e9e de l&rsquo;image populaire de Pfaffenhoffen<br>&#8211; Interview : Tanx<br>&#8211; Comptes-rendus d&rsquo;impressions : les impressions DIY <br>&#8211; Petites histoires en BD : l&rsquo;ami du peuple. <\/p>\n\n\n\n<p>-&gt; <a rel=\"noreferrer noopener\" aria-label=\" (opens in a new tab)\" href=\"http:\/\/imprimepopulaire.fr\/wp-content\/uploads\/2022\/02\/pour_webA5_av_couv.pdf\" target=\"_blank\">Lire le PDF en ligne<\/a> !!!!<br>la version imprimable du pdf est disponible sur simple demande<\/p>\n\n\n\n<figure class=\"wp-block-embed is-type-video is-provider-youtube wp-block-embed-youtube wp-embed-aspect-16-9 wp-has-aspect-ratio\"><div class=\"wp-block-embed__wrapper\">\n<div class=\"jetpack-video-wrapper\"><iframe loading=\"lazy\" title=\"Fanzine sur l&#039;imprim\u00e9 populaire &quot;Faits &amp; Gestes&quot; N1\" width=\"700\" height=\"394\" src=\"https:\/\/www.youtube.com\/embed\/gNHG53FvZmE?feature=oembed\" frameborder=\"0\" allow=\"accelerometer; autoplay; clipboard-write; encrypted-media; gyroscope; picture-in-picture; web-share\" referrerpolicy=\"strict-origin-when-cross-origin\" allowfullscreen><\/iframe><\/div>\n<\/div><figcaption class=\"wp-element-caption\">pr\u00e9sentation de Faits &amp; Gestes N\u00b01<\/figcaption><\/figure>\n\n\n\n<p><br>Il reste quelques exemplaires A4 avec les impressions DIY. Vous pouvez encore nous en commander au prix de 15\u20ac.<\/p>\n\n\n\n<figure class=\"wp-block-image size-large\"><img loading=\"lazy\" decoding=\"async\" width=\"1024\" height=\"612\" src=\"http:\/\/imprimepopulaire.fr\/wp-content\/uploads\/2021\/11\/impDIY_faitsgestes_N1-1024x612.jpg\" alt=\"\" class=\"wp-image-1246\" srcset=\"http:\/\/imprimepopulaire.fr\/wp-content\/uploads\/2021\/11\/impDIY_faitsgestes_N1-1024x612.jpg 1024w, http:\/\/imprimepopulaire.fr\/wp-content\/uploads\/2021\/11\/impDIY_faitsgestes_N1-300x179.jpg 300w, http:\/\/imprimepopulaire.fr\/wp-content\/uploads\/2021\/11\/impDIY_faitsgestes_N1-768x459.jpg 768w, http:\/\/imprimepopulaire.fr\/wp-content\/uploads\/2021\/11\/impDIY_faitsgestes_N1-1536x918.jpg 1536w, http:\/\/imprimepopulaire.fr\/wp-content\/uploads\/2021\/11\/impDIY_faitsgestes_N1-2048x1224.jpg 2048w, http:\/\/imprimepopulaire.fr\/wp-content\/uploads\/2021\/11\/impDIY_faitsgestes_N1-700x418.jpg 700w, http:\/\/imprimepopulaire.fr\/wp-content\/uploads\/2021\/11\/impDIY_faitsgestes_N1-2000x1195.jpg 2000w, http:\/\/imprimepopulaire.fr\/wp-content\/uploads\/2021\/11\/impDIY_faitsgestes_N1-669x400.jpg 669w\" sizes=\"auto, (max-width: 1024px) 100vw, 1024px\" \/><\/figure>\n","protected":false},"excerpt":{"rendered":"<p>Faits &amp; Gestes est notre fanzine \u00ab\u00a0annuel\u00a0\u00bb sur l&rsquo;imprim\u00e9 populaire.Nous y compilons des articles, des interviews, des BD sur des anecdotes historiques, et des notes\/ compte rendu sur les techniques test\u00e9es. Printemps 2024 : N\u00b03 Sous sa couverture en Risographie, ce N\u00b03 r\u00e9v\u00e8le :&#8211; 5 questions \u00e0 Ang\u00e8le Douche&#8211; Les origines du fanzine dans le &hellip; <a href=\"http:\/\/imprimepopulaire.fr\/?page_id=1244\" class=\"more-link\">Continue reading <span class=\"screen-reader-text\">FAITS &#038; GESTES<\/span> <span class=\"meta-nav\">&rarr;<\/span><\/a><\/p>\n","protected":false},"author":1,"featured_media":0,"parent":0,"menu_order":0,"comment_status":"closed","ping_status":"closed","template":"","meta":{"footnotes":""},"class_list":["post-1244","page","type-page","status-publish","hentry"],"yoast_head":"<!-- This site is optimized with the Yoast SEO plugin v26.0 - https:\/\/yoast.com\/wordpress\/plugins\/seo\/ -->\n<title>FAITS &amp; GESTES - Les amis de l&#039;Imprim\u00e9 Populaire<\/title>\n<meta name=\"robots\" content=\"index, follow, max-snippet:-1, max-image-preview:large, max-video-preview:-1\" \/>\n<link rel=\"canonical\" href=\"https:\/\/imprimepopulaire.fr\/?page_id=1244\" \/>\n<meta property=\"og:locale\" content=\"fr_FR\" \/>\n<meta property=\"og:type\" content=\"article\" \/>\n<meta property=\"og:title\" content=\"FAITS &amp; GESTES - Les amis de l&#039;Imprim\u00e9 Populaire\" \/>\n<meta property=\"og:description\" content=\"Faits &amp; Gestes est notre fanzine \u00ab\u00a0annuel\u00a0\u00bb sur l&rsquo;imprim\u00e9 populaire.Nous y compilons des articles, des interviews, des BD sur des anecdotes historiques, et des notes\/ compte rendu sur les techniques test\u00e9es. Printemps 2024 : N\u00b03 Sous sa couverture en Risographie, ce N\u00b03 r\u00e9v\u00e8le :&#8211; 5 questions \u00e0 Ang\u00e8le Douche&#8211; Les origines du fanzine dans le &hellip; Continue reading FAITS &#038; GESTES &rarr;\" \/>\n<meta property=\"og:url\" content=\"https:\/\/imprimepopulaire.fr\/?page_id=1244\" \/>\n<meta property=\"og:site_name\" content=\"Les amis de l&#039;Imprim\u00e9 Populaire\" \/>\n<meta property=\"article:modified_time\" content=\"2024-10-07T09:30:25+00:00\" \/>\n<meta property=\"og:image\" content=\"http:\/\/imprimepopulaire.fr\/wp-content\/uploads\/2024\/10\/couv_FG3.jpg\" \/>\n<meta name=\"twitter:card\" content=\"summary_large_image\" \/>\n<meta name=\"twitter:label1\" content=\"Dur\u00e9e de lecture estim\u00e9e\" \/>\n\t<meta name=\"twitter:data1\" content=\"4 minutes\" \/>\n<script type=\"application\/ld+json\" class=\"yoast-schema-graph\">{\"@context\":\"https:\/\/schema.org\",\"@graph\":[{\"@type\":\"WebPage\",\"@id\":\"https:\/\/imprimepopulaire.fr\/?page_id=1244\",\"url\":\"https:\/\/imprimepopulaire.fr\/?page_id=1244\",\"name\":\"FAITS & GESTES - Les amis de l&#039;Imprim\u00e9 Populaire\",\"isPartOf\":{\"@id\":\"https:\/\/imprimepopulaire.fr\/#website\"},\"primaryImageOfPage\":{\"@id\":\"https:\/\/imprimepopulaire.fr\/?page_id=1244#primaryimage\"},\"image\":{\"@id\":\"https:\/\/imprimepopulaire.fr\/?page_id=1244#primaryimage\"},\"thumbnailUrl\":\"http:\/\/imprimepopulaire.fr\/wp-content\/uploads\/2024\/10\/couv_FG3.jpg\",\"datePublished\":\"2021-11-04T11:37:56+00:00\",\"dateModified\":\"2024-10-07T09:30:25+00:00\",\"breadcrumb\":{\"@id\":\"https:\/\/imprimepopulaire.fr\/?page_id=1244#breadcrumb\"},\"inLanguage\":\"fr-FR\",\"potentialAction\":[{\"@type\":\"ReadAction\",\"target\":[\"https:\/\/imprimepopulaire.fr\/?page_id=1244\"]}]},{\"@type\":\"ImageObject\",\"inLanguage\":\"fr-FR\",\"@id\":\"https:\/\/imprimepopulaire.fr\/?page_id=1244#primaryimage\",\"url\":\"http:\/\/imprimepopulaire.fr\/wp-content\/uploads\/2024\/10\/couv_FG3.jpg\",\"contentUrl\":\"http:\/\/imprimepopulaire.fr\/wp-content\/uploads\/2024\/10\/couv_FG3.jpg\",\"width\":1000,\"height\":688,\"caption\":\"couverture du fanzine Faits & Gestes 3\"},{\"@type\":\"BreadcrumbList\",\"@id\":\"https:\/\/imprimepopulaire.fr\/?page_id=1244#breadcrumb\",\"itemListElement\":[{\"@type\":\"ListItem\",\"position\":1,\"name\":\"Accueil\",\"item\":\"https:\/\/imprimepopulaire.fr\/\"},{\"@type\":\"ListItem\",\"position\":2,\"name\":\"FAITS &#038; GESTES\"}]},{\"@type\":\"WebSite\",\"@id\":\"https:\/\/imprimepopulaire.fr\/#website\",\"url\":\"https:\/\/imprimepopulaire.fr\/\",\"name\":\"Les amis de l&#039;Imprim\u00e9 Populaire\",\"description\":\"\",\"publisher\":{\"@id\":\"https:\/\/imprimepopulaire.fr\/#organization\"},\"potentialAction\":[{\"@type\":\"SearchAction\",\"target\":{\"@type\":\"EntryPoint\",\"urlTemplate\":\"https:\/\/imprimepopulaire.fr\/?s={search_term_string}\"},\"query-input\":{\"@type\":\"PropertyValueSpecification\",\"valueRequired\":true,\"valueName\":\"search_term_string\"}}],\"inLanguage\":\"fr-FR\"},{\"@type\":\"Organization\",\"@id\":\"https:\/\/imprimepopulaire.fr\/#organization\",\"name\":\"Les amis de l&#039;Imprim\u00e9 Populaire\",\"url\":\"https:\/\/imprimepopulaire.fr\/\",\"logo\":{\"@type\":\"ImageObject\",\"inLanguage\":\"fr-FR\",\"@id\":\"https:\/\/imprimepopulaire.fr\/#\/schema\/logo\/image\/\",\"url\":\"http:\/\/imprimepopulaire.fr\/wp-content\/uploads\/2019\/12\/cropped-logo4_av_slogan-1.png\",\"contentUrl\":\"http:\/\/imprimepopulaire.fr\/wp-content\/uploads\/2019\/12\/cropped-logo4_av_slogan-1.png\",\"width\":1008,\"height\":400,\"caption\":\"Les amis de l&#039;Imprim\u00e9 Populaire\"},\"image\":{\"@id\":\"https:\/\/imprimepopulaire.fr\/#\/schema\/logo\/image\/\"}}]}<\/script>\n<!-- \/ Yoast SEO plugin. -->","yoast_head_json":{"title":"FAITS & GESTES - Les amis de l&#039;Imprim\u00e9 Populaire","robots":{"index":"index","follow":"follow","max-snippet":"max-snippet:-1","max-image-preview":"max-image-preview:large","max-video-preview":"max-video-preview:-1"},"canonical":"https:\/\/imprimepopulaire.fr\/?page_id=1244","og_locale":"fr_FR","og_type":"article","og_title":"FAITS & GESTES - Les amis de l&#039;Imprim\u00e9 Populaire","og_description":"Faits &amp; Gestes est notre fanzine \u00ab\u00a0annuel\u00a0\u00bb sur l&rsquo;imprim\u00e9 populaire.Nous y compilons des articles, des interviews, des BD sur des anecdotes historiques, et des notes\/ compte rendu sur les techniques test\u00e9es. Printemps 2024 : N\u00b03 Sous sa couverture en Risographie, ce N\u00b03 r\u00e9v\u00e8le :&#8211; 5 questions \u00e0 Ang\u00e8le Douche&#8211; Les origines du fanzine dans le &hellip; Continue reading FAITS &#038; GESTES &rarr;","og_url":"https:\/\/imprimepopulaire.fr\/?page_id=1244","og_site_name":"Les amis de l&#039;Imprim\u00e9 Populaire","article_modified_time":"2024-10-07T09:30:25+00:00","og_image":[{"url":"http:\/\/imprimepopulaire.fr\/wp-content\/uploads\/2024\/10\/couv_FG3.jpg","type":"","width":"","height":""}],"twitter_card":"summary_large_image","twitter_misc":{"Dur\u00e9e de lecture estim\u00e9e":"4 minutes"},"schema":{"@context":"https:\/\/schema.org","@graph":[{"@type":"WebPage","@id":"https:\/\/imprimepopulaire.fr\/?page_id=1244","url":"https:\/\/imprimepopulaire.fr\/?page_id=1244","name":"FAITS & GESTES - Les amis de l&#039;Imprim\u00e9 Populaire","isPartOf":{"@id":"https:\/\/imprimepopulaire.fr\/#website"},"primaryImageOfPage":{"@id":"https:\/\/imprimepopulaire.fr\/?page_id=1244#primaryimage"},"image":{"@id":"https:\/\/imprimepopulaire.fr\/?page_id=1244#primaryimage"},"thumbnailUrl":"http:\/\/imprimepopulaire.fr\/wp-content\/uploads\/2024\/10\/couv_FG3.jpg","datePublished":"2021-11-04T11:37:56+00:00","dateModified":"2024-10-07T09:30:25+00:00","breadcrumb":{"@id":"https:\/\/imprimepopulaire.fr\/?page_id=1244#breadcrumb"},"inLanguage":"fr-FR","potentialAction":[{"@type":"ReadAction","target":["https:\/\/imprimepopulaire.fr\/?page_id=1244"]}]},{"@type":"ImageObject","inLanguage":"fr-FR","@id":"https:\/\/imprimepopulaire.fr\/?page_id=1244#primaryimage","url":"http:\/\/imprimepopulaire.fr\/wp-content\/uploads\/2024\/10\/couv_FG3.jpg","contentUrl":"http:\/\/imprimepopulaire.fr\/wp-content\/uploads\/2024\/10\/couv_FG3.jpg","width":1000,"height":688,"caption":"couverture du fanzine Faits & Gestes 3"},{"@type":"BreadcrumbList","@id":"https:\/\/imprimepopulaire.fr\/?page_id=1244#breadcrumb","itemListElement":[{"@type":"ListItem","position":1,"name":"Accueil","item":"https:\/\/imprimepopulaire.fr\/"},{"@type":"ListItem","position":2,"name":"FAITS &#038; GESTES"}]},{"@type":"WebSite","@id":"https:\/\/imprimepopulaire.fr\/#website","url":"https:\/\/imprimepopulaire.fr\/","name":"Les amis de l&#039;Imprim\u00e9 Populaire","description":"","publisher":{"@id":"https:\/\/imprimepopulaire.fr\/#organization"},"potentialAction":[{"@type":"SearchAction","target":{"@type":"EntryPoint","urlTemplate":"https:\/\/imprimepopulaire.fr\/?s={search_term_string}"},"query-input":{"@type":"PropertyValueSpecification","valueRequired":true,"valueName":"search_term_string"}}],"inLanguage":"fr-FR"},{"@type":"Organization","@id":"https:\/\/imprimepopulaire.fr\/#organization","name":"Les amis de l&#039;Imprim\u00e9 Populaire","url":"https:\/\/imprimepopulaire.fr\/","logo":{"@type":"ImageObject","inLanguage":"fr-FR","@id":"https:\/\/imprimepopulaire.fr\/#\/schema\/logo\/image\/","url":"http:\/\/imprimepopulaire.fr\/wp-content\/uploads\/2019\/12\/cropped-logo4_av_slogan-1.png","contentUrl":"http:\/\/imprimepopulaire.fr\/wp-content\/uploads\/2019\/12\/cropped-logo4_av_slogan-1.png","width":1008,"height":400,"caption":"Les amis de l&#039;Imprim\u00e9 Populaire"},"image":{"@id":"https:\/\/imprimepopulaire.fr\/#\/schema\/logo\/image\/"}}]}},"jetpack_sharing_enabled":true,"_links":{"self":[{"href":"http:\/\/imprimepopulaire.fr\/index.php?rest_route=\/wp\/v2\/pages\/1244","targetHints":{"allow":["GET"]}}],"collection":[{"href":"http:\/\/imprimepopulaire.fr\/index.php?rest_route=\/wp\/v2\/pages"}],"about":[{"href":"http:\/\/imprimepopulaire.fr\/index.php?rest_route=\/wp\/v2\/types\/page"}],"author":[{"embeddable":true,"href":"http:\/\/imprimepopulaire.fr\/index.php?rest_route=\/wp\/v2\/users\/1"}],"replies":[{"embeddable":true,"href":"http:\/\/imprimepopulaire.fr\/index.php?rest_route=%2Fwp%2Fv2%2Fcomments&post=1244"}],"version-history":[{"count":15,"href":"http:\/\/imprimepopulaire.fr\/index.php?rest_route=\/wp\/v2\/pages\/1244\/revisions"}],"predecessor-version":[{"id":1454,"href":"http:\/\/imprimepopulaire.fr\/index.php?rest_route=\/wp\/v2\/pages\/1244\/revisions\/1454"}],"wp:attachment":[{"href":"http:\/\/imprimepopulaire.fr\/index.php?rest_route=%2Fwp%2Fv2%2Fmedia&parent=1244"}],"curies":[{"name":"wp","href":"https:\/\/api.w.org\/{rel}","templated":true}]}}