{"id":1490,"date":"2025-05-06T18:28:08","date_gmt":"2025-05-06T16:28:08","guid":{"rendered":"https:\/\/imprimepopulaire.fr\/?page_id=1490"},"modified":"2025-05-06T18:34:57","modified_gmt":"2025-05-06T16:34:57","slug":"nos-publications","status":"publish","type":"page","link":"http:\/\/imprimepopulaire.fr\/?page_id=1490","title":{"rendered":"NOS PUBLICATIONS"},"content":{"rendered":"\n<p>Les ami.es de l&rsquo;Imprim\u00e9 Populaire publient diverses ouvrages : <\/p>\n\n\n\n<ul class=\"wp-block-list\">\n<li><a href=\"https:\/\/imprimepopulaire.fr\/?page_id=1244\"><em>Faits &amp; Gestes<\/em> : le fanzine presqu&rsquo;annuel<\/a><\/li>\n\n\n\n<li><a href=\"https:\/\/imprimepopulaire.fr\/?page_id=1494\">Des brochures-tuto <\/a><\/li>\n\n\n\n<li><em><a href=\"https:\/\/imprimepopulaire.fr\/?page_id=1497\">Imprimer Marron<\/a><\/em><\/li>\n<\/ul>\n\n\n\n<p>Des versions \u00ab\u00a0papiers\u00a0\u00bb peuvent \u00eatre commander par mail ou acheter lors d&rsquo;\u00e9v\u00e9nements (festivals, ateliers,  etc) mais quasiment toutes nos publications sont librement consultables sur ce site. <\/p>\n","protected":false},"excerpt":{"rendered":"<p>Les ami.es de l&rsquo;Imprim\u00e9 Populaire publient diverses ouvrages : Des versions \u00ab\u00a0papiers\u00a0\u00bb peuvent \u00eatre commander par mail ou acheter lors d&rsquo;\u00e9v\u00e9nements (festivals, ateliers, etc) mais quasiment toutes nos publications sont librement consultables sur ce site.<\/p>\n","protected":false},"author":1,"featured_media":0,"parent":0,"menu_order":0,"comment_status":"closed","ping_status":"closed","template":"","meta":{"footnotes":""},"class_list":["post-1490","page","type-page","status-publish","hentry"],"yoast_head":"<!-- This site is optimized with the Yoast SEO plugin v26.0 - https:\/\/yoast.com\/wordpress\/plugins\/seo\/ -->\n<title>NOS PUBLICATIONS - Les amis de l&#039;Imprim\u00e9 Populaire<\/title>\n<meta name=\"robots\" content=\"index, follow, max-snippet:-1, max-image-preview:large, max-video-preview:-1\" \/>\n<link rel=\"canonical\" href=\"https:\/\/imprimepopulaire.fr\/?page_id=1490\" \/>\n<meta property=\"og:locale\" content=\"fr_FR\" \/>\n<meta property=\"og:type\" content=\"article\" \/>\n<meta property=\"og:title\" content=\"NOS PUBLICATIONS - Les amis de l&#039;Imprim\u00e9 Populaire\" \/>\n<meta property=\"og:description\" content=\"Les ami.es de l&rsquo;Imprim\u00e9 Populaire publient diverses ouvrages : Des versions \u00ab\u00a0papiers\u00a0\u00bb peuvent \u00eatre commander par mail ou acheter lors d&rsquo;\u00e9v\u00e9nements (festivals, ateliers, etc) mais quasiment toutes nos publications sont librement consultables sur ce site.\" \/>\n<meta property=\"og:url\" content=\"https:\/\/imprimepopulaire.fr\/?page_id=1490\" \/>\n<meta property=\"og:site_name\" content=\"Les amis de l&#039;Imprim\u00e9 Populaire\" \/>\n<meta property=\"article:modified_time\" content=\"2025-05-06T16:34:57+00:00\" \/>\n<meta name=\"twitter:card\" content=\"summary_large_image\" \/>\n<meta name=\"twitter:label1\" content=\"Dur\u00e9e de lecture estim\u00e9e\" \/>\n\t<meta name=\"twitter:data1\" content=\"1 minute\" \/>\n<script type=\"application\/ld+json\" class=\"yoast-schema-graph\">{\"@context\":\"https:\/\/schema.org\",\"@graph\":[{\"@type\":\"WebPage\",\"@id\":\"https:\/\/imprimepopulaire.fr\/?page_id=1490\",\"url\":\"https:\/\/imprimepopulaire.fr\/?page_id=1490\",\"name\":\"NOS PUBLICATIONS - Les amis de l&#039;Imprim\u00e9 Populaire\",\"isPartOf\":{\"@id\":\"https:\/\/imprimepopulaire.fr\/#website\"},\"datePublished\":\"2025-05-06T16:28:08+00:00\",\"dateModified\":\"2025-05-06T16:34:57+00:00\",\"breadcrumb\":{\"@id\":\"https:\/\/imprimepopulaire.fr\/?page_id=1490#breadcrumb\"},\"inLanguage\":\"fr-FR\",\"potentialAction\":[{\"@type\":\"ReadAction\",\"target\":[\"https:\/\/imprimepopulaire.fr\/?page_id=1490\"]}]},{\"@type\":\"BreadcrumbList\",\"@id\":\"https:\/\/imprimepopulaire.fr\/?page_id=1490#breadcrumb\",\"itemListElement\":[{\"@type\":\"ListItem\",\"position\":1,\"name\":\"Accueil\",\"item\":\"https:\/\/imprimepopulaire.fr\/\"},{\"@type\":\"ListItem\",\"position\":2,\"name\":\"NOS PUBLICATIONS\"}]},{\"@type\":\"WebSite\",\"@id\":\"https:\/\/imprimepopulaire.fr\/#website\",\"url\":\"https:\/\/imprimepopulaire.fr\/\",\"name\":\"Les amis de l&#039;Imprim\u00e9 Populaire\",\"description\":\"\",\"publisher\":{\"@id\":\"https:\/\/imprimepopulaire.fr\/#organization\"},\"potentialAction\":[{\"@type\":\"SearchAction\",\"target\":{\"@type\":\"EntryPoint\",\"urlTemplate\":\"https:\/\/imprimepopulaire.fr\/?s={search_term_string}\"},\"query-input\":{\"@type\":\"PropertyValueSpecification\",\"valueRequired\":true,\"valueName\":\"search_term_string\"}}],\"inLanguage\":\"fr-FR\"},{\"@type\":\"Organization\",\"@id\":\"https:\/\/imprimepopulaire.fr\/#organization\",\"name\":\"Les amis de l&#039;Imprim\u00e9 Populaire\",\"url\":\"https:\/\/imprimepopulaire.fr\/\",\"logo\":{\"@type\":\"ImageObject\",\"inLanguage\":\"fr-FR\",\"@id\":\"https:\/\/imprimepopulaire.fr\/#\/schema\/logo\/image\/\",\"url\":\"http:\/\/imprimepopulaire.fr\/wp-content\/uploads\/2019\/12\/cropped-logo4_av_slogan-1.png\",\"contentUrl\":\"http:\/\/imprimepopulaire.fr\/wp-content\/uploads\/2019\/12\/cropped-logo4_av_slogan-1.png\",\"width\":1008,\"height\":400,\"caption\":\"Les amis de l&#039;Imprim\u00e9 Populaire\"},\"image\":{\"@id\":\"https:\/\/imprimepopulaire.fr\/#\/schema\/logo\/image\/\"}}]}<\/script>\n<!-- \/ Yoast SEO plugin. -->","yoast_head_json":{"title":"NOS PUBLICATIONS - Les amis de l&#039;Imprim\u00e9 Populaire","robots":{"index":"index","follow":"follow","max-snippet":"max-snippet:-1","max-image-preview":"max-image-preview:large","max-video-preview":"max-video-preview:-1"},"canonical":"https:\/\/imprimepopulaire.fr\/?page_id=1490","og_locale":"fr_FR","og_type":"article","og_title":"NOS PUBLICATIONS - Les amis de l&#039;Imprim\u00e9 Populaire","og_description":"Les ami.es de l&rsquo;Imprim\u00e9 Populaire publient diverses ouvrages : Des versions \u00ab\u00a0papiers\u00a0\u00bb peuvent \u00eatre commander par mail ou acheter lors d&rsquo;\u00e9v\u00e9nements (festivals, ateliers, etc) mais quasiment toutes nos publications sont librement consultables sur ce site.","og_url":"https:\/\/imprimepopulaire.fr\/?page_id=1490","og_site_name":"Les amis de l&#039;Imprim\u00e9 Populaire","article_modified_time":"2025-05-06T16:34:57+00:00","twitter_card":"summary_large_image","twitter_misc":{"Dur\u00e9e de lecture estim\u00e9e":"1 minute"},"schema":{"@context":"https:\/\/schema.org","@graph":[{"@type":"WebPage","@id":"https:\/\/imprimepopulaire.fr\/?page_id=1490","url":"https:\/\/imprimepopulaire.fr\/?page_id=1490","name":"NOS PUBLICATIONS - Les amis de l&#039;Imprim\u00e9 Populaire","isPartOf":{"@id":"https:\/\/imprimepopulaire.fr\/#website"},"datePublished":"2025-05-06T16:28:08+00:00","dateModified":"2025-05-06T16:34:57+00:00","breadcrumb":{"@id":"https:\/\/imprimepopulaire.fr\/?page_id=1490#breadcrumb"},"inLanguage":"fr-FR","potentialAction":[{"@type":"ReadAction","target":["https:\/\/imprimepopulaire.fr\/?page_id=1490"]}]},{"@type":"BreadcrumbList","@id":"https:\/\/imprimepopulaire.fr\/?page_id=1490#breadcrumb","itemListElement":[{"@type":"ListItem","position":1,"name":"Accueil","item":"https:\/\/imprimepopulaire.fr\/"},{"@type":"ListItem","position":2,"name":"NOS PUBLICATIONS"}]},{"@type":"WebSite","@id":"https:\/\/imprimepopulaire.fr\/#website","url":"https:\/\/imprimepopulaire.fr\/","name":"Les amis de l&#039;Imprim\u00e9 Populaire","description":"","publisher":{"@id":"https:\/\/imprimepopulaire.fr\/#organization"},"potentialAction":[{"@type":"SearchAction","target":{"@type":"EntryPoint","urlTemplate":"https:\/\/imprimepopulaire.fr\/?s={search_term_string}"},"query-input":{"@type":"PropertyValueSpecification","valueRequired":true,"valueName":"search_term_string"}}],"inLanguage":"fr-FR"},{"@type":"Organization","@id":"https:\/\/imprimepopulaire.fr\/#organization","name":"Les amis de l&#039;Imprim\u00e9 Populaire","url":"https:\/\/imprimepopulaire.fr\/","logo":{"@type":"ImageObject","inLanguage":"fr-FR","@id":"https:\/\/imprimepopulaire.fr\/#\/schema\/logo\/image\/","url":"http:\/\/imprimepopulaire.fr\/wp-content\/uploads\/2019\/12\/cropped-logo4_av_slogan-1.png","contentUrl":"http:\/\/imprimepopulaire.fr\/wp-content\/uploads\/2019\/12\/cropped-logo4_av_slogan-1.png","width":1008,"height":400,"caption":"Les amis de l&#039;Imprim\u00e9 Populaire"},"image":{"@id":"https:\/\/imprimepopulaire.fr\/#\/schema\/logo\/image\/"}}]}},"jetpack_sharing_enabled":true,"_links":{"self":[{"href":"http:\/\/imprimepopulaire.fr\/index.php?rest_route=\/wp\/v2\/pages\/1490","targetHints":{"allow":["GET"]}}],"collection":[{"href":"http:\/\/imprimepopulaire.fr\/index.php?rest_route=\/wp\/v2\/pages"}],"about":[{"href":"http:\/\/imprimepopulaire.fr\/index.php?rest_route=\/wp\/v2\/types\/page"}],"author":[{"embeddable":true,"href":"http:\/\/imprimepopulaire.fr\/index.php?rest_route=\/wp\/v2\/users\/1"}],"replies":[{"embeddable":true,"href":"http:\/\/imprimepopulaire.fr\/index.php?rest_route=%2Fwp%2Fv2%2Fcomments&post=1490"}],"version-history":[{"count":3,"href":"http:\/\/imprimepopulaire.fr\/index.php?rest_route=\/wp\/v2\/pages\/1490\/revisions"}],"predecessor-version":[{"id":1500,"href":"http:\/\/imprimepopulaire.fr\/index.php?rest_route=\/wp\/v2\/pages\/1490\/revisions\/1500"}],"wp:attachment":[{"href":"http:\/\/imprimepopulaire.fr\/index.php?rest_route=%2Fwp%2Fv2%2Fmedia&parent=1490"}],"curies":[{"name":"wp","href":"https:\/\/api.w.org\/{rel}","templated":true}]}}