{"id":1494,"date":"2025-05-06T18:32:04","date_gmt":"2025-05-06T16:32:04","guid":{"rendered":"https:\/\/imprimepopulaire.fr\/?page_id=1494"},"modified":"2025-07-06T16:56:15","modified_gmt":"2025-07-06T14:56:15","slug":"nos-brochures-tuto","status":"publish","type":"page","link":"http:\/\/imprimepopulaire.fr\/?page_id=1494","title":{"rendered":"Nos brochures tuto"},"content":{"rendered":"\n<p>Vous pouvez vous procurer ces brochures imprim\u00e9s aupr\u00e8s de nous \u00e0 prix libre ou les imprimer vous-m\u00eames \u00e0 partir des liens ci-dessous. <\/p>\n\n\n\n<div class=\"wp-block-cover is-light\"><span aria-hidden=\"true\" class=\"wp-block-cover__background has-background-dim\" style=\"background-color:#bdbdbd\"><\/span><img loading=\"lazy\" decoding=\"async\" width=\"200\" height=\"283\" class=\"wp-block-cover__image-background wp-image-915\" alt=\"\" src=\"http:\/\/imprimepopulaire.fr\/wp-content\/uploads\/2019\/12\/couv_serigraphie_diy.png\" data-object-fit=\"cover\"\/><div class=\"wp-block-cover__inner-container is-layout-flow wp-block-cover-is-layout-flow\">\n<p class=\"has-text-align-center has-large-font-size\"><a href=\"http:\/\/imprimepopulaire.fr\/wp-content\/uploads\/2019\/12\/brochure_serigraphie_diy.pdf\">S\u00e9rigraphie DIY<\/a><\/p>\n<\/div><\/div>\n\n\n\n<p><a href=\"http:\/\/imprimepopulaire.fr\/wp-content\/uploads\/2019\/12\/brochure_serigraphie_diy.pdf\">S\u00e9rigraphie DIY<\/a> (livret A5 de 8 pages. n&amp;b)<br>Tout pour faire \u00e0 la maison de la s\u00e9rigraphie. Au sommaire : <br>1- R\u00e9aliser son cadre<br>2- Les pinces<br>3- Choisir son tissu<br>4- Tendre le tissu<br>5- Faire son tissu-pochoir<br>6- Choisir son encre<br>7- Imprimer<br>8- D\u00e9fauts d&rsquo;impression ?<br>9- Rincer &amp; nettoyer<br> <\/p>\n\n\n\n<p><\/p>\n\n\n\n<div class=\"wp-block-cover is-light\"><span aria-hidden=\"true\" class=\"wp-block-cover__background has-background-dim\" style=\"background-color:#dbdbdb\"><\/span><img loading=\"lazy\" decoding=\"async\" width=\"595\" height=\"842\" class=\"wp-block-cover__image-background wp-image-1511\" alt=\"\" src=\"http:\/\/imprimepopulaire.fr\/wp-content\/uploads\/2025\/05\/couv_ttpk.jpg\" data-object-fit=\"cover\" srcset=\"http:\/\/imprimepopulaire.fr\/wp-content\/uploads\/2025\/05\/couv_ttpk.jpg 595w, http:\/\/imprimepopulaire.fr\/wp-content\/uploads\/2025\/05\/couv_ttpk-212x300.jpg 212w, http:\/\/imprimepopulaire.fr\/wp-content\/uploads\/2025\/05\/couv_ttpk-283x400.jpg 283w\" sizes=\"auto, (max-width: 595px) 100vw, 595px\" \/><div class=\"wp-block-cover__inner-container is-layout-flow wp-block-cover-is-layout-flow\">\n<p class=\"has-text-align-center has-large-font-size\"><a href=\"http:\/\/imprimepopulaire.fr\/wp-content\/uploads\/2025\/05\/brochure_ttpk.pdf\">Guide pour TTPK-O-gravure<\/a><\/p>\n<\/div><\/div>\n\n\n\n<p><a href=\"http:\/\/imprimepopulaire.fr\/wp-content\/uploads\/2025\/05\/brochure_ttpk.pdf\">Guide pour TTPK-O-gravure<\/a> (livret A5 de 8 pages. n&amp;b. Avec un bout de Tetrapak offert)<br>Au sommaire :<br>&#8211; Choix du matos<br>&#8211; Graver<br>&#8211; Encrer la gravure (d\u00e9poser l&rsquo;encre, retirer le surplus d&rsquo;encre hors des sillons)<br>&#8211; Imprimer<br>&#8211; D\u00e9fauts d&rsquo;impression ?<br><\/p>\n\n\n\n<p><\/p>\n\n\n\n<div class=\"wp-block-cover is-light\"><span aria-hidden=\"true\" class=\"wp-block-cover__background has-background-dim\" style=\"background-color:#e4e4e4\"><\/span><img loading=\"lazy\" decoding=\"async\" width=\"1750\" height=\"2479\" class=\"wp-block-cover__image-background wp-image-1510\" alt=\"\" src=\"http:\/\/imprimepopulaire.fr\/wp-content\/uploads\/2025\/05\/brochure_hack_couv.jpg\" data-object-fit=\"cover\" srcset=\"http:\/\/imprimepopulaire.fr\/wp-content\/uploads\/2025\/05\/brochure_hack_couv.jpg 1750w, http:\/\/imprimepopulaire.fr\/wp-content\/uploads\/2025\/05\/brochure_hack_couv-212x300.jpg 212w, http:\/\/imprimepopulaire.fr\/wp-content\/uploads\/2025\/05\/brochure_hack_couv-723x1024.jpg 723w, http:\/\/imprimepopulaire.fr\/wp-content\/uploads\/2025\/05\/brochure_hack_couv-768x1088.jpg 768w, http:\/\/imprimepopulaire.fr\/wp-content\/uploads\/2025\/05\/brochure_hack_couv-1084x1536.jpg 1084w, http:\/\/imprimepopulaire.fr\/wp-content\/uploads\/2025\/05\/brochure_hack_couv-1446x2048.jpg 1446w, http:\/\/imprimepopulaire.fr\/wp-content\/uploads\/2025\/05\/brochure_hack_couv-700x992.jpg 700w, http:\/\/imprimepopulaire.fr\/wp-content\/uploads\/2025\/05\/brochure_hack_couv-282x400.jpg 282w, http:\/\/imprimepopulaire.fr\/wp-content\/uploads\/2025\/05\/brochure_hack_couv-1320x1870.jpg 1320w\" sizes=\"auto, (max-width: 1750px) 100vw, 1750px\" \/><div class=\"wp-block-cover__inner-container is-layout-flow wp-block-cover-is-layout-flow\">\n<p class=\"has-text-align-center has-large-font-size\"><a href=\"http:\/\/imprimepopulaire.fr\/wp-content\/uploads\/2019\/12\/brochure_hack_a5.pdf\">Hackons l&rsquo;imprimerie<\/a><\/p>\n<\/div><\/div>\n\n\n\n<p><a href=\"http:\/\/imprimepopulaire.fr\/wp-content\/uploads\/2019\/12\/brochure_hack_a5.pdf\">Hackons l&rsquo;imprimerie<\/a>  (livret A5 de 16 pages. n&amp;b)<br>Comprendre &amp; bidouiller avec les moyens du bord les techniques d&rsquo;impressions traditionnelles.<br>&#8211; La gravure en bosse<br>&#8211; La gravure en creux<br>&#8211; Pochoir<br>&#8211; La s\u00e9rigraphie<br>&#8211; La lithographie<br><\/p>\n\n\n\n<p><\/p>\n\n\n\n<div class=\"wp-block-cover is-light\"><span aria-hidden=\"true\" class=\"wp-block-cover__background has-background-dim\" style=\"background-color:#f0f0f0\"><\/span><img loading=\"lazy\" decoding=\"async\" width=\"1754\" height=\"1239\" class=\"wp-block-cover__image-background wp-image-1522\" alt=\"\" src=\"http:\/\/imprimepopulaire.fr\/wp-content\/uploads\/2025\/05\/8p_comix_hecto_imprime_hecto.jpg\" data-object-fit=\"cover\" srcset=\"http:\/\/imprimepopulaire.fr\/wp-content\/uploads\/2025\/05\/8p_comix_hecto_imprime_hecto.jpg 1754w, http:\/\/imprimepopulaire.fr\/wp-content\/uploads\/2025\/05\/8p_comix_hecto_imprime_hecto-300x212.jpg 300w, http:\/\/imprimepopulaire.fr\/wp-content\/uploads\/2025\/05\/8p_comix_hecto_imprime_hecto-1024x723.jpg 1024w, http:\/\/imprimepopulaire.fr\/wp-content\/uploads\/2025\/05\/8p_comix_hecto_imprime_hecto-768x543.jpg 768w, http:\/\/imprimepopulaire.fr\/wp-content\/uploads\/2025\/05\/8p_comix_hecto_imprime_hecto-1536x1085.jpg 1536w, http:\/\/imprimepopulaire.fr\/wp-content\/uploads\/2025\/05\/8p_comix_hecto_imprime_hecto-700x494.jpg 700w, http:\/\/imprimepopulaire.fr\/wp-content\/uploads\/2025\/05\/8p_comix_hecto_imprime_hecto-566x400.jpg 566w, http:\/\/imprimepopulaire.fr\/wp-content\/uploads\/2025\/05\/8p_comix_hecto_imprime_hecto-1320x932.jpg 1320w\" sizes=\"auto, (max-width: 1754px) 100vw, 1754px\" \/><div class=\"wp-block-cover__inner-container is-layout-flow wp-block-cover-is-layout-flow\">\n<p class=\"has-text-align-center has-large-font-size\"><a href=\"http:\/\/imprimepopulaire.fr\/wp-content\/uploads\/2025\/05\/8p_comix_hecto_imprime_hecto.pdf\">Hectographie maison !<\/a><\/p>\n<\/div><\/div>\n\n\n\n<p><a href=\"http:\/\/imprimepopulaire.fr\/wp-content\/uploads\/2025\/05\/8p_comix_hecto_imprime_hecto.pdf\">Hectographie maison !<\/a>  (<a href=\"https:\/\/public-files.gumroad.com\/ku3cw20kc9ugk612vcdk6br6wj67\">livret en pliage en croix de 8 pages<\/a>. n&amp;b)<\/p>\n\n\n\n<p>Un minizine \u00e0 plier qui vous permet d&rsquo;apprendre \u00e0 cr\u00e9er une plaque de g\u00e9latine, de faire le master, de g\u00e9rer l&rsquo;impression, de nettoyer et entretenir la plaque. <\/p>\n\n\n\n<p><\/p>\n\n\n\n<div class=\"wp-block-cover is-light\"><span aria-hidden=\"true\" class=\"wp-block-cover__background has-background-dim\" style=\"background-color:#e2e2e2\"><\/span><img loading=\"lazy\" decoding=\"async\" width=\"886\" height=\"1264\" class=\"wp-block-cover__image-background wp-image-1552\" alt=\"\" src=\"http:\/\/imprimepopulaire.fr\/wp-content\/uploads\/2025\/07\/minizine_reliure_jap_recto_P1.png\" data-object-fit=\"cover\" srcset=\"http:\/\/imprimepopulaire.fr\/wp-content\/uploads\/2025\/07\/minizine_reliure_jap_recto_P1.png 886w, http:\/\/imprimepopulaire.fr\/wp-content\/uploads\/2025\/07\/minizine_reliure_jap_recto_P1-210x300.png 210w, http:\/\/imprimepopulaire.fr\/wp-content\/uploads\/2025\/07\/minizine_reliure_jap_recto_P1-718x1024.png 718w, http:\/\/imprimepopulaire.fr\/wp-content\/uploads\/2025\/07\/minizine_reliure_jap_recto_P1-768x1096.png 768w, http:\/\/imprimepopulaire.fr\/wp-content\/uploads\/2025\/07\/minizine_reliure_jap_recto_P1-700x999.png 700w, http:\/\/imprimepopulaire.fr\/wp-content\/uploads\/2025\/07\/minizine_reliure_jap_recto_P1-280x400.png 280w\" sizes=\"auto, (max-width: 886px) 100vw, 886px\" \/><div class=\"wp-block-cover__inner-container is-layout-flow wp-block-cover-is-layout-flow\">\n<p class=\"has-text-align-center has-large-font-size\"><a href=\"http:\/\/imprimepopulaire.fr\/wp-content\/uploads\/2025\/07\/minizine_reliure_jap_pliage_croix.pdf\">Mini tuto Reliure \u00e0 la japonaise<\/a><\/p>\n<\/div><\/div>\n\n\n\n<p><a href=\"http:\/\/imprimepopulaire.fr\/wp-content\/uploads\/2025\/07\/minizine_reliure_jap_pliage_croix.pdf\">Mini tuto reliure \u00e0 la japonaise<\/a>  (<a href=\"https:\/\/public-files.gumroad.com\/ku3cw20kc9ugk612vcdk6br6wj67\">livret en pliage en croix de 8 pages<\/a>. n&amp;b)<br>Avec des gabarits pour des formats A4, A5 et A6.<br>Une reliure o\u00f9 l&rsquo;on perce et on coud. Il y a aussi la version l\u00e9g\u00e8re avec une perforatrice et des attaches parisiennes.<\/p>\n\n\n\n<p><\/p>\n\n\n\n<div class=\"wp-block-cover is-light\"><span aria-hidden=\"true\" class=\"wp-block-cover__background has-background-dim\" style=\"background-color:#f0f0f0\"><\/span><img loading=\"lazy\" decoding=\"async\" width=\"1928\" height=\"2560\" class=\"wp-block-cover__image-background wp-image-1557\" alt=\"\" src=\"http:\/\/imprimepopulaire.fr\/wp-content\/uploads\/2025\/07\/collagraphie2b-scaled.jpg\" data-object-fit=\"cover\" srcset=\"http:\/\/imprimepopulaire.fr\/wp-content\/uploads\/2025\/07\/collagraphie2b-scaled.jpg 1928w, http:\/\/imprimepopulaire.fr\/wp-content\/uploads\/2025\/07\/collagraphie2b-226x300.jpg 226w, http:\/\/imprimepopulaire.fr\/wp-content\/uploads\/2025\/07\/collagraphie2b-771x1024.jpg 771w, http:\/\/imprimepopulaire.fr\/wp-content\/uploads\/2025\/07\/collagraphie2b-768x1020.jpg 768w, http:\/\/imprimepopulaire.fr\/wp-content\/uploads\/2025\/07\/collagraphie2b-1157x1536.jpg 1157w, http:\/\/imprimepopulaire.fr\/wp-content\/uploads\/2025\/07\/collagraphie2b-1542x2048.jpg 1542w, http:\/\/imprimepopulaire.fr\/wp-content\/uploads\/2025\/07\/collagraphie2b-700x930.jpg 700w, http:\/\/imprimepopulaire.fr\/wp-content\/uploads\/2025\/07\/collagraphie2b-2000x2656.jpg 2000w, http:\/\/imprimepopulaire.fr\/wp-content\/uploads\/2025\/07\/collagraphie2b-301x400.jpg 301w, http:\/\/imprimepopulaire.fr\/wp-content\/uploads\/2025\/07\/collagraphie2b-1320x1753.jpg 1320w\" sizes=\"auto, (max-width: 1928px) 100vw, 1928px\" \/><div class=\"wp-block-cover__inner-container is-layout-flow wp-block-cover-is-layout-flow\">\n<p class=\"has-text-align-center has-large-font-size\"><a href=\"http:\/\/imprimepopulaire.fr\/wp-content\/uploads\/2025\/07\/collagraphie.pdf\">La collagraphie papier-carton<\/a> (v1)<\/p>\n<\/div><\/div>\n\n\n\n<p><a href=\"http:\/\/imprimepopulaire.fr\/wp-content\/uploads\/2025\/07\/collagraphie.pdf\">La collagraphie papier-carton<\/a> v1 (livret A5 de 12 pages)<br>Au sommaire :<br>&#8211; D\u00e9finition de la collagraphie papier-carton<br>&#8211; Pourquoi on aime ?<br>&#8211; Le mat\u00e9riel<br>&#8211; Pas \u00e0 pas <br>&#8211; Erreurs \u00e0 \u00e9viter<br>&#8211; Exp\u00e9rimentations<br>&#8211; Tableau d&rsquo;essais<\/p>\n\n\n\n<p><\/p>\n\n\n\n<div class=\"wp-block-cover is-light\"><span aria-hidden=\"true\" class=\"wp-block-cover__background has-background-dim\" style=\"background-color:#c3cfea\"><\/span><img loading=\"lazy\" decoding=\"async\" width=\"1740\" height=\"2011\" class=\"wp-block-cover__image-background wp-image-1561\" alt=\"\" src=\"http:\/\/imprimepopulaire.fr\/wp-content\/uploads\/2025\/07\/couv_1.png\" data-object-fit=\"cover\" srcset=\"http:\/\/imprimepopulaire.fr\/wp-content\/uploads\/2025\/07\/couv_1.png 1740w, http:\/\/imprimepopulaire.fr\/wp-content\/uploads\/2025\/07\/couv_1-260x300.png 260w, http:\/\/imprimepopulaire.fr\/wp-content\/uploads\/2025\/07\/couv_1-886x1024.png 886w, http:\/\/imprimepopulaire.fr\/wp-content\/uploads\/2025\/07\/couv_1-768x888.png 768w, http:\/\/imprimepopulaire.fr\/wp-content\/uploads\/2025\/07\/couv_1-1329x1536.png 1329w, http:\/\/imprimepopulaire.fr\/wp-content\/uploads\/2025\/07\/couv_1-700x809.png 700w, http:\/\/imprimepopulaire.fr\/wp-content\/uploads\/2025\/07\/couv_1-346x400.png 346w, http:\/\/imprimepopulaire.fr\/wp-content\/uploads\/2025\/07\/couv_1-1320x1526.png 1320w\" sizes=\"auto, (max-width: 1740px) 100vw, 1740px\" \/><div class=\"wp-block-cover__inner-container is-layout-flow wp-block-cover-is-layout-flow\">\n<p class=\"has-text-align-center has-large-font-size\"><a href=\"http:\/\/imprimepopulaire.fr\/wp-content\/uploads\/2025\/07\/brochure_domainepublic.pdf\">A qui appartient les \u0153uvres du domaine public ?<\/a><\/p>\n<\/div><\/div>\n\n\n\n<p><a href=\"http:\/\/imprimepopulaire.fr\/wp-content\/uploads\/2025\/07\/brochure_domainepublic.pdf\">A qui appartient les \u0153uvres du domaine public ?<\/a> (livret A5 de 16 pages)<br>Au sommaire : <br>&#8211; Sur le site du minist\u00e8re de l&rsquo;\u00e9conomie, des explications sur le droit d&rsquo;auteur<br>&#8211; Le saviez-vous ? Quelques infos et anecdotes issues de la presse<br>&#8211; Un discours de Victor Hugo sur le domaine public<br>Le tout parsem\u00e9 de citations de Lautr\u00e9amont, d&rsquo;Alexandre Dumas, de l&rsquo;Encyclop\u00e9die, de Jean Giraudoux et de Voltaire.<br><\/p>\n\n\n\n<p><\/p>\n","protected":false},"excerpt":{"rendered":"<p>Vous pouvez vous procurer ces brochures imprim\u00e9s aupr\u00e8s de nous \u00e0 prix libre ou les imprimer vous-m\u00eames \u00e0 partir des liens ci-dessous. S\u00e9rigraphie DIY (livret A5 de 8 pages. n&amp;b)Tout pour faire \u00e0 la maison de la s\u00e9rigraphie. Au sommaire : 1- R\u00e9aliser son cadre2- Les pinces3- Choisir son tissu4- Tendre le tissu5- Faire son &hellip; <a href=\"http:\/\/imprimepopulaire.fr\/?page_id=1494\" class=\"more-link\">Continue reading <span class=\"screen-reader-text\">Nos brochures tuto<\/span> <span class=\"meta-nav\">&rarr;<\/span><\/a><\/p>\n","protected":false},"author":1,"featured_media":0,"parent":0,"menu_order":0,"comment_status":"closed","ping_status":"closed","template":"","meta":{"footnotes":""},"class_list":["post-1494","page","type-page","status-publish","hentry"],"yoast_head":"<!-- This site is optimized with the Yoast SEO plugin v26.0 - https:\/\/yoast.com\/wordpress\/plugins\/seo\/ -->\n<title>Nos brochures tuto - Les amis de l&#039;Imprim\u00e9 Populaire<\/title>\n<meta name=\"robots\" content=\"index, follow, max-snippet:-1, max-image-preview:large, max-video-preview:-1\" \/>\n<link rel=\"canonical\" href=\"https:\/\/imprimepopulaire.fr\/?page_id=1494\" \/>\n<meta property=\"og:locale\" content=\"fr_FR\" \/>\n<meta property=\"og:type\" content=\"article\" \/>\n<meta property=\"og:title\" content=\"Nos brochures tuto - Les amis de l&#039;Imprim\u00e9 Populaire\" \/>\n<meta property=\"og:description\" content=\"Vous pouvez vous procurer ces brochures imprim\u00e9s aupr\u00e8s de nous \u00e0 prix libre ou les imprimer vous-m\u00eames \u00e0 partir des liens ci-dessous. S\u00e9rigraphie DIY (livret A5 de 8 pages. n&amp;b)Tout pour faire \u00e0 la maison de la s\u00e9rigraphie. Au sommaire : 1- R\u00e9aliser son cadre2- Les pinces3- Choisir son tissu4- Tendre le tissu5- Faire son &hellip; Continue reading Nos brochures tuto &rarr;\" \/>\n<meta property=\"og:url\" content=\"https:\/\/imprimepopulaire.fr\/?page_id=1494\" \/>\n<meta property=\"og:site_name\" content=\"Les amis de l&#039;Imprim\u00e9 Populaire\" \/>\n<meta property=\"article:modified_time\" content=\"2025-07-06T14:56:15+00:00\" \/>\n<meta property=\"og:image\" content=\"http:\/\/imprimepopulaire.fr\/wp-content\/uploads\/2019\/12\/couv_serigraphie_diy.png\" \/>\n<meta name=\"twitter:card\" content=\"summary_large_image\" \/>\n<meta name=\"twitter:label1\" content=\"Dur\u00e9e de lecture estim\u00e9e\" \/>\n\t<meta name=\"twitter:data1\" content=\"4 minutes\" \/>\n<script type=\"application\/ld+json\" class=\"yoast-schema-graph\">{\"@context\":\"https:\/\/schema.org\",\"@graph\":[{\"@type\":\"WebPage\",\"@id\":\"https:\/\/imprimepopulaire.fr\/?page_id=1494\",\"url\":\"https:\/\/imprimepopulaire.fr\/?page_id=1494\",\"name\":\"Nos brochures tuto - Les amis de l&#039;Imprim\u00e9 Populaire\",\"isPartOf\":{\"@id\":\"https:\/\/imprimepopulaire.fr\/#website\"},\"primaryImageOfPage\":{\"@id\":\"https:\/\/imprimepopulaire.fr\/?page_id=1494#primaryimage\"},\"image\":{\"@id\":\"https:\/\/imprimepopulaire.fr\/?page_id=1494#primaryimage\"},\"thumbnailUrl\":\"http:\/\/imprimepopulaire.fr\/wp-content\/uploads\/2019\/12\/couv_serigraphie_diy.png\",\"datePublished\":\"2025-05-06T16:32:04+00:00\",\"dateModified\":\"2025-07-06T14:56:15+00:00\",\"breadcrumb\":{\"@id\":\"https:\/\/imprimepopulaire.fr\/?page_id=1494#breadcrumb\"},\"inLanguage\":\"fr-FR\",\"potentialAction\":[{\"@type\":\"ReadAction\",\"target\":[\"https:\/\/imprimepopulaire.fr\/?page_id=1494\"]}]},{\"@type\":\"ImageObject\",\"inLanguage\":\"fr-FR\",\"@id\":\"https:\/\/imprimepopulaire.fr\/?page_id=1494#primaryimage\",\"url\":\"http:\/\/imprimepopulaire.fr\/wp-content\/uploads\/2019\/12\/couv_serigraphie_diy.png\",\"contentUrl\":\"http:\/\/imprimepopulaire.fr\/wp-content\/uploads\/2019\/12\/couv_serigraphie_diy.png\",\"width\":200,\"height\":283},{\"@type\":\"BreadcrumbList\",\"@id\":\"https:\/\/imprimepopulaire.fr\/?page_id=1494#breadcrumb\",\"itemListElement\":[{\"@type\":\"ListItem\",\"position\":1,\"name\":\"Accueil\",\"item\":\"https:\/\/imprimepopulaire.fr\/\"},{\"@type\":\"ListItem\",\"position\":2,\"name\":\"Nos brochures tuto\"}]},{\"@type\":\"WebSite\",\"@id\":\"https:\/\/imprimepopulaire.fr\/#website\",\"url\":\"https:\/\/imprimepopulaire.fr\/\",\"name\":\"Les amis de l&#039;Imprim\u00e9 Populaire\",\"description\":\"\",\"publisher\":{\"@id\":\"https:\/\/imprimepopulaire.fr\/#organization\"},\"potentialAction\":[{\"@type\":\"SearchAction\",\"target\":{\"@type\":\"EntryPoint\",\"urlTemplate\":\"https:\/\/imprimepopulaire.fr\/?s={search_term_string}\"},\"query-input\":{\"@type\":\"PropertyValueSpecification\",\"valueRequired\":true,\"valueName\":\"search_term_string\"}}],\"inLanguage\":\"fr-FR\"},{\"@type\":\"Organization\",\"@id\":\"https:\/\/imprimepopulaire.fr\/#organization\",\"name\":\"Les amis de l&#039;Imprim\u00e9 Populaire\",\"url\":\"https:\/\/imprimepopulaire.fr\/\",\"logo\":{\"@type\":\"ImageObject\",\"inLanguage\":\"fr-FR\",\"@id\":\"https:\/\/imprimepopulaire.fr\/#\/schema\/logo\/image\/\",\"url\":\"http:\/\/imprimepopulaire.fr\/wp-content\/uploads\/2019\/12\/cropped-logo4_av_slogan-1.png\",\"contentUrl\":\"http:\/\/imprimepopulaire.fr\/wp-content\/uploads\/2019\/12\/cropped-logo4_av_slogan-1.png\",\"width\":1008,\"height\":400,\"caption\":\"Les amis de l&#039;Imprim\u00e9 Populaire\"},\"image\":{\"@id\":\"https:\/\/imprimepopulaire.fr\/#\/schema\/logo\/image\/\"}}]}<\/script>\n<!-- \/ Yoast SEO plugin. -->","yoast_head_json":{"title":"Nos brochures tuto - Les amis de l&#039;Imprim\u00e9 Populaire","robots":{"index":"index","follow":"follow","max-snippet":"max-snippet:-1","max-image-preview":"max-image-preview:large","max-video-preview":"max-video-preview:-1"},"canonical":"https:\/\/imprimepopulaire.fr\/?page_id=1494","og_locale":"fr_FR","og_type":"article","og_title":"Nos brochures tuto - Les amis de l&#039;Imprim\u00e9 Populaire","og_description":"Vous pouvez vous procurer ces brochures imprim\u00e9s aupr\u00e8s de nous \u00e0 prix libre ou les imprimer vous-m\u00eames \u00e0 partir des liens ci-dessous. S\u00e9rigraphie DIY (livret A5 de 8 pages. n&amp;b)Tout pour faire \u00e0 la maison de la s\u00e9rigraphie. Au sommaire : 1- R\u00e9aliser son cadre2- Les pinces3- Choisir son tissu4- Tendre le tissu5- Faire son &hellip; Continue reading Nos brochures tuto &rarr;","og_url":"https:\/\/imprimepopulaire.fr\/?page_id=1494","og_site_name":"Les amis de l&#039;Imprim\u00e9 Populaire","article_modified_time":"2025-07-06T14:56:15+00:00","og_image":[{"url":"http:\/\/imprimepopulaire.fr\/wp-content\/uploads\/2019\/12\/couv_serigraphie_diy.png","type":"","width":"","height":""}],"twitter_card":"summary_large_image","twitter_misc":{"Dur\u00e9e de lecture estim\u00e9e":"4 minutes"},"schema":{"@context":"https:\/\/schema.org","@graph":[{"@type":"WebPage","@id":"https:\/\/imprimepopulaire.fr\/?page_id=1494","url":"https:\/\/imprimepopulaire.fr\/?page_id=1494","name":"Nos brochures tuto - Les amis de l&#039;Imprim\u00e9 Populaire","isPartOf":{"@id":"https:\/\/imprimepopulaire.fr\/#website"},"primaryImageOfPage":{"@id":"https:\/\/imprimepopulaire.fr\/?page_id=1494#primaryimage"},"image":{"@id":"https:\/\/imprimepopulaire.fr\/?page_id=1494#primaryimage"},"thumbnailUrl":"http:\/\/imprimepopulaire.fr\/wp-content\/uploads\/2019\/12\/couv_serigraphie_diy.png","datePublished":"2025-05-06T16:32:04+00:00","dateModified":"2025-07-06T14:56:15+00:00","breadcrumb":{"@id":"https:\/\/imprimepopulaire.fr\/?page_id=1494#breadcrumb"},"inLanguage":"fr-FR","potentialAction":[{"@type":"ReadAction","target":["https:\/\/imprimepopulaire.fr\/?page_id=1494"]}]},{"@type":"ImageObject","inLanguage":"fr-FR","@id":"https:\/\/imprimepopulaire.fr\/?page_id=1494#primaryimage","url":"http:\/\/imprimepopulaire.fr\/wp-content\/uploads\/2019\/12\/couv_serigraphie_diy.png","contentUrl":"http:\/\/imprimepopulaire.fr\/wp-content\/uploads\/2019\/12\/couv_serigraphie_diy.png","width":200,"height":283},{"@type":"BreadcrumbList","@id":"https:\/\/imprimepopulaire.fr\/?page_id=1494#breadcrumb","itemListElement":[{"@type":"ListItem","position":1,"name":"Accueil","item":"https:\/\/imprimepopulaire.fr\/"},{"@type":"ListItem","position":2,"name":"Nos brochures tuto"}]},{"@type":"WebSite","@id":"https:\/\/imprimepopulaire.fr\/#website","url":"https:\/\/imprimepopulaire.fr\/","name":"Les amis de l&#039;Imprim\u00e9 Populaire","description":"","publisher":{"@id":"https:\/\/imprimepopulaire.fr\/#organization"},"potentialAction":[{"@type":"SearchAction","target":{"@type":"EntryPoint","urlTemplate":"https:\/\/imprimepopulaire.fr\/?s={search_term_string}"},"query-input":{"@type":"PropertyValueSpecification","valueRequired":true,"valueName":"search_term_string"}}],"inLanguage":"fr-FR"},{"@type":"Organization","@id":"https:\/\/imprimepopulaire.fr\/#organization","name":"Les amis de l&#039;Imprim\u00e9 Populaire","url":"https:\/\/imprimepopulaire.fr\/","logo":{"@type":"ImageObject","inLanguage":"fr-FR","@id":"https:\/\/imprimepopulaire.fr\/#\/schema\/logo\/image\/","url":"http:\/\/imprimepopulaire.fr\/wp-content\/uploads\/2019\/12\/cropped-logo4_av_slogan-1.png","contentUrl":"http:\/\/imprimepopulaire.fr\/wp-content\/uploads\/2019\/12\/cropped-logo4_av_slogan-1.png","width":1008,"height":400,"caption":"Les amis de l&#039;Imprim\u00e9 Populaire"},"image":{"@id":"https:\/\/imprimepopulaire.fr\/#\/schema\/logo\/image\/"}}]}},"jetpack_sharing_enabled":true,"_links":{"self":[{"href":"http:\/\/imprimepopulaire.fr\/index.php?rest_route=\/wp\/v2\/pages\/1494","targetHints":{"allow":["GET"]}}],"collection":[{"href":"http:\/\/imprimepopulaire.fr\/index.php?rest_route=\/wp\/v2\/pages"}],"about":[{"href":"http:\/\/imprimepopulaire.fr\/index.php?rest_route=\/wp\/v2\/types\/page"}],"author":[{"embeddable":true,"href":"http:\/\/imprimepopulaire.fr\/index.php?rest_route=\/wp\/v2\/users\/1"}],"replies":[{"embeddable":true,"href":"http:\/\/imprimepopulaire.fr\/index.php?rest_route=%2Fwp%2Fv2%2Fcomments&post=1494"}],"version-history":[{"count":22,"href":"http:\/\/imprimepopulaire.fr\/index.php?rest_route=\/wp\/v2\/pages\/1494\/revisions"}],"predecessor-version":[{"id":1586,"href":"http:\/\/imprimepopulaire.fr\/index.php?rest_route=\/wp\/v2\/pages\/1494\/revisions\/1586"}],"wp:attachment":[{"href":"http:\/\/imprimepopulaire.fr\/index.php?rest_route=%2Fwp%2Fv2%2Fmedia&parent=1494"}],"curies":[{"name":"wp","href":"https:\/\/api.w.org\/{rel}","templated":true}]}}