{"id":352,"date":"2018-03-25T17:30:45","date_gmt":"2018-03-25T16:30:45","guid":{"rendered":"https:\/\/imprimepopulaire.wordpress.com\/?page_id=352"},"modified":"2024-07-11T16:19:15","modified_gmt":"2024-07-11T14:19:15","slug":"gravure-en-bosse","status":"publish","type":"page","link":"http:\/\/imprimepopulaire.fr\/?page_id=352","title":{"rendered":"Gravure en bosse"},"content":{"rendered":"<div style=\"background: #ffffff;\">\n<h2>Gravure sur mousse polyester<\/h2>\n<p>La mousse polyester sert \u00e0 l&rsquo;isolation des b\u00e2timents. Elle se trouve en plaque chez les vendeurs de mat\u00e9riaux.<\/p>\n<p>Cette mousse se grave tr\u00e8s facilement au cutter mais aussi avec tout objet dur (nous utilisons ici un bout de bois taill\u00e9 en biseau).<\/p>\n<p><img loading=\"lazy\" decoding=\"async\" class=\"alignnone size-full wp-image-359\" src=\"https:\/\/imprimepopulaire.files.wordpress.com\/2018\/03\/pointe_gravure_polyester1.png\" alt=\"pointe_gravure_polyester\" width=\"800\" height=\"264\"><\/p>\n<p>En fonction de l&rsquo;outil et de son utilisation, il peut soit couper la mousse soit la d\u00e9former en la d\u00e9chirant un peu. Ce qui donne des effets int\u00e9ressants \u00e0 l&rsquo;impression :<\/p>\n<figure id=\"attachment_360\" aria-describedby=\"caption-attachment-360\" style=\"width: 800px\" class=\"wp-caption alignnone\"><img loading=\"lazy\" decoding=\"async\" class=\"wp-image-360 size-full\" src=\"https:\/\/imprimepopulaire.files.wordpress.com\/2018\/03\/zoom_gravure_polyester.png\" alt=\"zoom_gravure_polyester\" width=\"800\" height=\"300\"><figcaption id=\"caption-attachment-360\" class=\"wp-caption-text\">A gauche la plaque grav\u00e9e, \u00e0 droite l&rsquo;impression<\/figcaption><\/figure>\n<p>Pour l&rsquo;encre nous utilisons un m\u00e9lange de gouache liquide et de farine ou talc.<\/p>\n<p>Pour l&rsquo;encrage de la plaque nous utilisons un rouleau encreur afin de d\u00e9poser un film d&rsquo;encre fin et uniforme sur toutes les surfaces non creus\u00e9es de la plaque.<\/p>\n<p><img loading=\"lazy\" decoding=\"async\" class=\"alignnone size-full wp-image-361\" src=\"https:\/\/imprimepopulaire.files.wordpress.com\/2018\/03\/gravure_polyester_gene.png\" alt=\"gravure_polyester_gene\" width=\"800\" height=\"448\"><\/p>\n<p>L&rsquo;impression se fait en appliquant une feuille s\u00e8che sur la plaque encr\u00e9e et en frottant \u00e0 la main.<\/p>\n<\/div>\n<div style=\"background: #ffffff;\">\n<h2>Gravure sur Linoleum<\/h2>\n<p>Un classique de la gravure DIY que l&rsquo;on note ici pour m\u00e9moire<\/p>\n<p><img loading=\"lazy\" decoding=\"async\" class=\"alignnone size-full wp-image-435\" src=\"https:\/\/imprimepopulaire.files.wordpress.com\/2018\/05\/gravure_lino.png\" alt=\"gravure_lino\" width=\"800\" height=\"501\"><\/p>\n<p>Un bout de lino pour sol. En ce qui me concerne, je grave le dos du lino. Il faut donc choisir un lino avec un dos lisse.<\/p>\n<p>La gravure se fait tr\u00e8s simplement au cutter.<\/p>\n<p>Encrage et impression comme pour la mousse de polyester.<\/p>\n<\/div>\n\n\n<h2 class=\"wp-block-heading\">Le PVC expans\u00e9<\/h2>\n\n\n\n<p>Avec une meilleure tenue que la mousse de polyester, le PVC expans\u00e9 ou FOREX permet aussi bien la gravure que la d\u00e9formation ouvrant la porte \u00e0 plein d&rsquo;effets de mati\u00e8re.<\/p>\n\n\n\n<figure class=\"wp-block-embed-youtube wp-block-embed is-type-video is-provider-youtube wp-embed-aspect-16-9 wp-has-aspect-ratio\"><div class=\"wp-block-embed__wrapper\">\n<div class=\"jetpack-video-wrapper\"><iframe loading=\"lazy\" title=\"FOREX au lieu de la LINO pour la gravure en bosse ou la taille d&#039;\u00e9pargne ?\" width=\"700\" height=\"394\" src=\"https:\/\/www.youtube.com\/embed\/09TpYn7vHLw?feature=oembed\" frameborder=\"0\" allow=\"accelerometer; autoplay; clipboard-write; encrypted-media; gyroscope; picture-in-picture\" allowfullscreen><\/iframe><\/div>\n<\/div><\/figure>\n\n\n\n<p> Le PVC expans\u00e9 se vend en plaque de divers formats dans les magasins de bricolage.<\/p>\n","protected":false},"excerpt":{"rendered":"<p>sur mousse polyester&#8230;<\/p>\n","protected":false},"author":1,"featured_media":357,"parent":105,"menu_order":0,"comment_status":"closed","ping_status":"closed","template":"","meta":{"footnotes":""},"class_list":["post-352","page","type-page","status-publish","has-post-thumbnail","hentry"],"yoast_head":"<!-- This site is optimized with the Yoast SEO plugin v26.0 - https:\/\/yoast.com\/wordpress\/plugins\/seo\/ -->\n<title>Gravure en bosse - Les amis de l&#039;Imprim\u00e9 Populaire<\/title>\n<meta name=\"robots\" content=\"index, follow, max-snippet:-1, max-image-preview:large, max-video-preview:-1\" \/>\n<link rel=\"canonical\" href=\"http:\/\/imprimepopulaire.fr\/?page_id=352\" \/>\n<meta property=\"og:locale\" content=\"fr_FR\" \/>\n<meta property=\"og:type\" content=\"article\" \/>\n<meta property=\"og:title\" content=\"Gravure en bosse - Les amis de l&#039;Imprim\u00e9 Populaire\" \/>\n<meta property=\"og:description\" content=\"sur mousse polyester...\" \/>\n<meta property=\"og:url\" content=\"http:\/\/imprimepopulaire.fr\/?page_id=352\" \/>\n<meta property=\"og:site_name\" content=\"Les amis de l&#039;Imprim\u00e9 Populaire\" \/>\n<meta property=\"article:modified_time\" content=\"2024-07-11T14:19:15+00:00\" \/>\n<meta name=\"twitter:card\" content=\"summary_large_image\" \/>\n<meta name=\"twitter:label1\" content=\"Dur\u00e9e de lecture estim\u00e9e\" \/>\n\t<meta name=\"twitter:data1\" content=\"1 minute\" \/>\n<script type=\"application\/ld+json\" class=\"yoast-schema-graph\">{\"@context\":\"https:\/\/schema.org\",\"@graph\":[{\"@type\":\"WebPage\",\"@id\":\"http:\/\/imprimepopulaire.fr\/?page_id=352\",\"url\":\"http:\/\/imprimepopulaire.fr\/?page_id=352\",\"name\":\"Gravure en bosse - Les amis de l&#039;Imprim\u00e9 Populaire\",\"isPartOf\":{\"@id\":\"http:\/\/imprimepopulaire.fr\/#website\"},\"primaryImageOfPage\":{\"@id\":\"http:\/\/imprimepopulaire.fr\/?page_id=352#primaryimage\"},\"image\":{\"@id\":\"http:\/\/imprimepopulaire.fr\/?page_id=352#primaryimage\"},\"thumbnailUrl\":\"\",\"datePublished\":\"2018-03-25T16:30:45+00:00\",\"dateModified\":\"2024-07-11T14:19:15+00:00\",\"breadcrumb\":{\"@id\":\"http:\/\/imprimepopulaire.fr\/?page_id=352#breadcrumb\"},\"inLanguage\":\"fr-FR\",\"potentialAction\":[{\"@type\":\"ReadAction\",\"target\":[\"http:\/\/imprimepopulaire.fr\/?page_id=352\"]}]},{\"@type\":\"ImageObject\",\"inLanguage\":\"fr-FR\",\"@id\":\"http:\/\/imprimepopulaire.fr\/?page_id=352#primaryimage\",\"url\":\"\",\"contentUrl\":\"\"},{\"@type\":\"BreadcrumbList\",\"@id\":\"http:\/\/imprimepopulaire.fr\/?page_id=352#breadcrumb\",\"itemListElement\":[{\"@type\":\"ListItem\",\"position\":1,\"name\":\"Accueil\",\"item\":\"http:\/\/imprimepopulaire.fr\/\"},{\"@type\":\"ListItem\",\"position\":2,\"name\":\"NOS TECHNIQUES DIY\",\"item\":\"http:\/\/imprimepopulaire.fr\/?page_id=105\"},{\"@type\":\"ListItem\",\"position\":3,\"name\":\"Gravure en bosse\"}]},{\"@type\":\"WebSite\",\"@id\":\"http:\/\/imprimepopulaire.fr\/#website\",\"url\":\"http:\/\/imprimepopulaire.fr\/\",\"name\":\"Les amis de l&#039;Imprim\u00e9 Populaire\",\"description\":\"\",\"publisher\":{\"@id\":\"http:\/\/imprimepopulaire.fr\/#organization\"},\"potentialAction\":[{\"@type\":\"SearchAction\",\"target\":{\"@type\":\"EntryPoint\",\"urlTemplate\":\"http:\/\/imprimepopulaire.fr\/?s={search_term_string}\"},\"query-input\":{\"@type\":\"PropertyValueSpecification\",\"valueRequired\":true,\"valueName\":\"search_term_string\"}}],\"inLanguage\":\"fr-FR\"},{\"@type\":\"Organization\",\"@id\":\"http:\/\/imprimepopulaire.fr\/#organization\",\"name\":\"Les amis de l&#039;Imprim\u00e9 Populaire\",\"url\":\"http:\/\/imprimepopulaire.fr\/\",\"logo\":{\"@type\":\"ImageObject\",\"inLanguage\":\"fr-FR\",\"@id\":\"http:\/\/imprimepopulaire.fr\/#\/schema\/logo\/image\/\",\"url\":\"http:\/\/imprimepopulaire.fr\/wp-content\/uploads\/2019\/12\/cropped-logo4_av_slogan-1.png\",\"contentUrl\":\"http:\/\/imprimepopulaire.fr\/wp-content\/uploads\/2019\/12\/cropped-logo4_av_slogan-1.png\",\"width\":1008,\"height\":400,\"caption\":\"Les amis de l&#039;Imprim\u00e9 Populaire\"},\"image\":{\"@id\":\"http:\/\/imprimepopulaire.fr\/#\/schema\/logo\/image\/\"}}]}<\/script>\n<!-- \/ Yoast SEO plugin. -->","yoast_head_json":{"title":"Gravure en bosse - Les amis de l&#039;Imprim\u00e9 Populaire","robots":{"index":"index","follow":"follow","max-snippet":"max-snippet:-1","max-image-preview":"max-image-preview:large","max-video-preview":"max-video-preview:-1"},"canonical":"http:\/\/imprimepopulaire.fr\/?page_id=352","og_locale":"fr_FR","og_type":"article","og_title":"Gravure en bosse - Les amis de l&#039;Imprim\u00e9 Populaire","og_description":"sur mousse polyester...","og_url":"http:\/\/imprimepopulaire.fr\/?page_id=352","og_site_name":"Les amis de l&#039;Imprim\u00e9 Populaire","article_modified_time":"2024-07-11T14:19:15+00:00","twitter_card":"summary_large_image","twitter_misc":{"Dur\u00e9e de lecture estim\u00e9e":"1 minute"},"schema":{"@context":"https:\/\/schema.org","@graph":[{"@type":"WebPage","@id":"http:\/\/imprimepopulaire.fr\/?page_id=352","url":"http:\/\/imprimepopulaire.fr\/?page_id=352","name":"Gravure en bosse - Les amis de l&#039;Imprim\u00e9 Populaire","isPartOf":{"@id":"http:\/\/imprimepopulaire.fr\/#website"},"primaryImageOfPage":{"@id":"http:\/\/imprimepopulaire.fr\/?page_id=352#primaryimage"},"image":{"@id":"http:\/\/imprimepopulaire.fr\/?page_id=352#primaryimage"},"thumbnailUrl":"","datePublished":"2018-03-25T16:30:45+00:00","dateModified":"2024-07-11T14:19:15+00:00","breadcrumb":{"@id":"http:\/\/imprimepopulaire.fr\/?page_id=352#breadcrumb"},"inLanguage":"fr-FR","potentialAction":[{"@type":"ReadAction","target":["http:\/\/imprimepopulaire.fr\/?page_id=352"]}]},{"@type":"ImageObject","inLanguage":"fr-FR","@id":"http:\/\/imprimepopulaire.fr\/?page_id=352#primaryimage","url":"","contentUrl":""},{"@type":"BreadcrumbList","@id":"http:\/\/imprimepopulaire.fr\/?page_id=352#breadcrumb","itemListElement":[{"@type":"ListItem","position":1,"name":"Accueil","item":"http:\/\/imprimepopulaire.fr\/"},{"@type":"ListItem","position":2,"name":"NOS TECHNIQUES DIY","item":"http:\/\/imprimepopulaire.fr\/?page_id=105"},{"@type":"ListItem","position":3,"name":"Gravure en bosse"}]},{"@type":"WebSite","@id":"http:\/\/imprimepopulaire.fr\/#website","url":"http:\/\/imprimepopulaire.fr\/","name":"Les amis de l&#039;Imprim\u00e9 Populaire","description":"","publisher":{"@id":"http:\/\/imprimepopulaire.fr\/#organization"},"potentialAction":[{"@type":"SearchAction","target":{"@type":"EntryPoint","urlTemplate":"http:\/\/imprimepopulaire.fr\/?s={search_term_string}"},"query-input":{"@type":"PropertyValueSpecification","valueRequired":true,"valueName":"search_term_string"}}],"inLanguage":"fr-FR"},{"@type":"Organization","@id":"http:\/\/imprimepopulaire.fr\/#organization","name":"Les amis de l&#039;Imprim\u00e9 Populaire","url":"http:\/\/imprimepopulaire.fr\/","logo":{"@type":"ImageObject","inLanguage":"fr-FR","@id":"http:\/\/imprimepopulaire.fr\/#\/schema\/logo\/image\/","url":"http:\/\/imprimepopulaire.fr\/wp-content\/uploads\/2019\/12\/cropped-logo4_av_slogan-1.png","contentUrl":"http:\/\/imprimepopulaire.fr\/wp-content\/uploads\/2019\/12\/cropped-logo4_av_slogan-1.png","width":1008,"height":400,"caption":"Les amis de l&#039;Imprim\u00e9 Populaire"},"image":{"@id":"http:\/\/imprimepopulaire.fr\/#\/schema\/logo\/image\/"}}]}},"jetpack_sharing_enabled":true,"_links":{"self":[{"href":"http:\/\/imprimepopulaire.fr\/index.php?rest_route=\/wp\/v2\/pages\/352","targetHints":{"allow":["GET"]}}],"collection":[{"href":"http:\/\/imprimepopulaire.fr\/index.php?rest_route=\/wp\/v2\/pages"}],"about":[{"href":"http:\/\/imprimepopulaire.fr\/index.php?rest_route=\/wp\/v2\/types\/page"}],"author":[{"embeddable":true,"href":"http:\/\/imprimepopulaire.fr\/index.php?rest_route=\/wp\/v2\/users\/1"}],"replies":[{"embeddable":true,"href":"http:\/\/imprimepopulaire.fr\/index.php?rest_route=%2Fwp%2Fv2%2Fcomments&post=352"}],"version-history":[{"count":2,"href":"http:\/\/imprimepopulaire.fr\/index.php?rest_route=\/wp\/v2\/pages\/352\/revisions"}],"predecessor-version":[{"id":1196,"href":"http:\/\/imprimepopulaire.fr\/index.php?rest_route=\/wp\/v2\/pages\/352\/revisions\/1196"}],"up":[{"embeddable":true,"href":"http:\/\/imprimepopulaire.fr\/index.php?rest_route=\/wp\/v2\/pages\/105"}],"wp:featuredmedia":[{"embeddable":true,"href":"http:\/\/imprimepopulaire.fr\/index.php?rest_route=\/"}],"wp:attachment":[{"href":"http:\/\/imprimepopulaire.fr\/index.php?rest_route=%2Fwp%2Fv2%2Fmedia&parent=352"}],"curies":[{"name":"wp","href":"https:\/\/api.w.org\/{rel}","templated":true}]}}