{"id":367,"date":"2018-03-26T10:00:59","date_gmt":"2018-03-26T09:00:59","guid":{"rendered":"https:\/\/imprimepopulaire.wordpress.com\/?page_id=367"},"modified":"2024-07-11T16:19:16","modified_gmt":"2024-07-11T14:19:16","slug":"serigraphie","status":"publish","type":"page","link":"http:\/\/imprimepopulaire.fr\/?page_id=367","title":{"rendered":"S\u00e9rigraphie"},"content":{"rendered":"<div style=\"background: #ffffff;\">S\u00e9rigraphie\n<p>\u00a0<\/p>\n<div>Nous avons compil\u00e9 dans cette brochure :<\/div>\n<div><a title=\"brochure_serigraphie_DIY\" href=\"https:\/\/imprimepopulaire.files.wordpress.com\/2017\/09\/brochure_serigraphie_diy.pdf\"><img loading=\"lazy\" decoding=\"async\" class=\" size-full wp-image-256 aligncenter\" src=\"https:\/\/imprimepopulaire.files.wordpress.com\/2017\/09\/couv_serigraphie_diy.png\" alt=\"couv_serigraphie_DIY\" width=\"200\" height=\"283\" \/><\/a><\/div>\n<div>des m\u00e9thodes pour mettre en oeuvre simplement cette technique \u00e0 la maison, et surtout pour r\u00e9aliser votre propre cadre de s\u00e9rigraphie \u00e0 tissu interchangeable.<br \/>Dans la vid\u00e9o suivant une variante de cadre toujours DIY en alu un peu plus r\u00e9sistant mais un peu plus cher&#8230;<\/div>\n<\/div>\n\n\n<figure class=\"wp-block-embed-youtube wp-block-embed is-type-video is-provider-youtube wp-embed-aspect-16-9 wp-has-aspect-ratio\"><div class=\"wp-block-embed__wrapper\">\n<div class=\"jetpack-video-wrapper\"><iframe loading=\"lazy\" title=\"Cadre auto-tendeur s\u00e9rigraphie DIY tuto. Cadre simple en aluminium \u00e0 tissu interchangeable\" width=\"700\" height=\"394\" src=\"https:\/\/www.youtube.com\/embed\/oJ_ghPN4r6A?feature=oembed\" frameborder=\"0\" allow=\"accelerometer; autoplay; clipboard-write; encrypted-media; gyroscope; picture-in-picture\" allowfullscreen><\/iframe><\/div>\n<\/div><\/figure>\n\n\n\n<h3 class=\"wp-block-heading\">Technique \u00e0 la craie grasse<\/h3>\n\n\n\n<p>\n\nIci le motif est simplement dessin\u00e9, en n\u00e9gatif, \u00e0 la craie grasse. La craie \u00e9tant \u00e0 base d&rsquo;huile et l&rsquo;encre \u00e0 base d&rsquo;eau, les deux ne se m\u00e9langeront pas lors des impressions !\n\n<\/p>\n\n\n\n<figure class=\"wp-block-embed-youtube wp-block-embed is-type-video is-provider-youtube wp-embed-aspect-16-9 wp-has-aspect-ratio\"><div class=\"wp-block-embed__wrapper\">\n<div class=\"jetpack-video-wrapper\"><iframe loading=\"lazy\" title=\"oilpastel silkscreen\" width=\"700\" height=\"394\" src=\"https:\/\/www.youtube.com\/embed\/FJBqIOC296k?feature=oembed\" frameborder=\"0\" allow=\"accelerometer; autoplay; clipboard-write; encrypted-media; gyroscope; picture-in-picture\" allowfullscreen><\/iframe><\/div>\n<\/div><\/figure>\n\n\n\n<p>Cette technique permet de tr\u00e8s chouettes rendus gardant \u00ab\u00a0le grain\u00a0\u00bb de la craie. Comme ici cette tr\u00e8s belle image produite lors d&rsquo;un atelier au festival de Fugu Chaulnes :<\/p>\n\n\n\n<figure class=\"wp-block-image\"><img decoding=\"async\" src=\"https:\/\/imprimepopulaire.files.wordpress.com\/2017\/09\/prod_craie.png\" alt=\"prod_craie\" class=\"wp-image-254\"\/><\/figure>\n\n\n\n<h3 class=\"wp-block-heading\">Technique du papier d\u00e9coup\u00e9<\/h3>\n\n\n\n<p>\n\nIci il s&rsquo;agit de faire un pochoir en papier qui sera appliqu\u00e9 sur le tissu du cadre. Contrairement au pochoir traditionnel, il est possible d&rsquo;avoir un pochoir en plusieurs morceaux car l&rsquo;ensemble des morceaux sera maintenu par le tissu du cadre\n\n<\/p>\n\n\n\n<figure class=\"wp-block-embed-youtube wp-block-embed is-type-video is-provider-youtube wp-embed-aspect-16-9 wp-has-aspect-ratio\"><div class=\"wp-block-embed__wrapper\">\n<div class=\"jetpack-video-wrapper\"><iframe loading=\"lazy\" title=\"Screen printing with paper stencil\" width=\"700\" height=\"394\" src=\"https:\/\/www.youtube.com\/embed\/n8OV8_4eJ1M?feature=oembed\" frameborder=\"0\" allow=\"accelerometer; autoplay; clipboard-write; encrypted-media; gyroscope; picture-in-picture\" allowfullscreen><\/iframe><\/div>\n<\/div><\/figure>\n\n\n\n<h3 class=\"wp-block-heading\">Technique \u00e0 l&rsquo;acrylique<\/h3>\n\n\n\n<p>\n\nLes mailles seront ici bouch\u00e9es avec de l&rsquo;acrylique. Mais l&rsquo;astuce consiste ici \u00e0 dessiner d&rsquo;abord son motif avec un produit soluble \u00e0 l&rsquo;eau qui cr\u00e9e une r\u00e9serve lors de l&rsquo;application uniforme de l&rsquo;acrylique. Cette technique permet de dessiner en positif et de faire de nombreux tirages.\n\n<\/p>\n\n\n\n<figure class=\"wp-block-embed-youtube wp-block-embed is-type-video is-provider-youtube wp-embed-aspect-16-9 wp-has-aspect-ratio\"><div class=\"wp-block-embed__wrapper\">\n<div class=\"jetpack-video-wrapper\"><iframe loading=\"lazy\" title=\"milk silkscreen\" width=\"700\" height=\"394\" src=\"https:\/\/www.youtube.com\/embed\/NqAC1QMsFIE?feature=oembed\" frameborder=\"0\" allow=\"accelerometer; autoplay; clipboard-write; encrypted-media; gyroscope; picture-in-picture\" allowfullscreen><\/iframe><\/div>\n<\/div><\/figure>\n\n\n\n<p>\n\n\n.\n\n<\/p>\n\n\n\n<h2 class=\"wp-block-heading\">S\u00e9rigraphie sans cadre<\/h2>\n\n\n\n<p>nouvelle technique mise au point par les amis de l&rsquo;imprim\u00e9 populaire s&rsquo;inspirant de nos recherches sur la mim\u00e9ographie et utilisant les propri\u00e9t\u00e9s de l&rsquo;intiss\u00e9 : du tr\u00e8s simple et tr\u00e8s \u00e9conomique qui fonctionne !<\/p>\n\n\n\n<figure class=\"wp-block-embed-youtube wp-block-embed is-type-video is-provider-youtube wp-embed-aspect-16-9 wp-has-aspect-ratio\"><div class=\"wp-block-embed__wrapper\">\n<div class=\"jetpack-video-wrapper\"><iframe loading=\"lazy\" title=\"frameless screen printing using non woven \/ s\u00e9rigraphie sans cadre avec de l&#039;intiss\u00e9\" width=\"700\" height=\"394\" src=\"https:\/\/www.youtube.com\/embed\/xsy0OWDg6Qk?feature=oembed\" frameborder=\"0\" allow=\"accelerometer; autoplay; clipboard-write; encrypted-media; gyroscope; picture-in-picture\" allowfullscreen><\/iframe><\/div>\n<\/div><figcaption>encore plus DIY !!!<\/figcaption><\/figure>\n\n\n\n<p>cela permet d&rsquo;imprimer des surfaces non planes et de faire des tatouages \u00e9ph\u00e9m\u00e8res!<\/p>\n\n\n\n<figure class=\"wp-block-embed-youtube wp-block-embed is-type-video is-provider-youtube wp-embed-aspect-16-9 wp-has-aspect-ratio\"><div class=\"wp-block-embed__wrapper\">\n<div class=\"jetpack-video-wrapper\"><iframe loading=\"lazy\" title=\"frameless screen printing using disposable face mask\/ recyclage masque pour s\u00e9rigraphie sans cadre\" width=\"700\" height=\"394\" src=\"https:\/\/www.youtube.com\/embed\/aoAu5YvChsk?feature=oembed\" frameborder=\"0\" allow=\"accelerometer; autoplay; clipboard-write; encrypted-media; gyroscope; picture-in-picture\" allowfullscreen><\/iframe><\/div>\n<\/div><\/figure>\n","protected":false},"excerpt":{"rendered":"<p>S\u00e9rigraphie \u00a0 Nous avons compil\u00e9 dans cette brochure : des m\u00e9thodes pour mettre en oeuvre simplement cette technique \u00e0 la maison, et surtout pour r\u00e9aliser votre propre cadre de s\u00e9rigraphie \u00e0 tissu interchangeable.Dans la vid\u00e9o suivant une variante de cadre toujours DIY en alu un peu plus r\u00e9sistant mais un peu plus cher&#8230; Technique \u00e0 &hellip; <a href=\"http:\/\/imprimepopulaire.fr\/?page_id=367\" class=\"more-link\">Continue reading <span class=\"screen-reader-text\">S\u00e9rigraphie<\/span> <span class=\"meta-nav\">&rarr;<\/span><\/a><\/p>\n","protected":false},"author":1,"featured_media":0,"parent":105,"menu_order":0,"comment_status":"closed","ping_status":"closed","template":"","meta":{"footnotes":""},"class_list":["post-367","page","type-page","status-publish","hentry"],"yoast_head":"<!-- This site is optimized with the Yoast SEO plugin v26.0 - https:\/\/yoast.com\/wordpress\/plugins\/seo\/ -->\n<title>S\u00e9rigraphie - Les amis de l&#039;Imprim\u00e9 Populaire<\/title>\n<meta name=\"robots\" content=\"index, follow, max-snippet:-1, max-image-preview:large, max-video-preview:-1\" \/>\n<link rel=\"canonical\" href=\"https:\/\/imprimepopulaire.fr\/?page_id=367\" \/>\n<meta property=\"og:locale\" content=\"fr_FR\" \/>\n<meta property=\"og:type\" content=\"article\" \/>\n<meta property=\"og:title\" content=\"S\u00e9rigraphie - Les amis de l&#039;Imprim\u00e9 Populaire\" \/>\n<meta property=\"og:description\" content=\"S\u00e9rigraphie \u00a0 Nous avons compil\u00e9 dans cette brochure : des m\u00e9thodes pour mettre en oeuvre simplement cette technique \u00e0 la maison, et surtout pour r\u00e9aliser votre propre cadre de s\u00e9rigraphie \u00e0 tissu interchangeable.Dans la vid\u00e9o suivant une variante de cadre toujours DIY en alu un peu plus r\u00e9sistant mais un peu plus cher&#8230; Technique \u00e0 &hellip; Continue reading S\u00e9rigraphie &rarr;\" \/>\n<meta property=\"og:url\" content=\"https:\/\/imprimepopulaire.fr\/?page_id=367\" \/>\n<meta property=\"og:site_name\" content=\"Les amis de l&#039;Imprim\u00e9 Populaire\" \/>\n<meta property=\"article:modified_time\" content=\"2024-07-11T14:19:16+00:00\" \/>\n<meta property=\"og:image\" content=\"https:\/\/imprimepopulaire.files.wordpress.com\/2017\/09\/couv_serigraphie_diy.png\" \/>\n<meta name=\"twitter:card\" content=\"summary_large_image\" \/>\n<meta name=\"twitter:label1\" content=\"Dur\u00e9e de lecture estim\u00e9e\" \/>\n\t<meta name=\"twitter:data1\" content=\"2 minutes\" \/>\n<script type=\"application\/ld+json\" class=\"yoast-schema-graph\">{\"@context\":\"https:\/\/schema.org\",\"@graph\":[{\"@type\":\"WebPage\",\"@id\":\"https:\/\/imprimepopulaire.fr\/?page_id=367\",\"url\":\"https:\/\/imprimepopulaire.fr\/?page_id=367\",\"name\":\"S\u00e9rigraphie - Les amis de l&#039;Imprim\u00e9 Populaire\",\"isPartOf\":{\"@id\":\"https:\/\/imprimepopulaire.fr\/#website\"},\"primaryImageOfPage\":{\"@id\":\"https:\/\/imprimepopulaire.fr\/?page_id=367#primaryimage\"},\"image\":{\"@id\":\"https:\/\/imprimepopulaire.fr\/?page_id=367#primaryimage\"},\"thumbnailUrl\":\"https:\/\/imprimepopulaire.files.wordpress.com\/2017\/09\/couv_serigraphie_diy.png\",\"datePublished\":\"2018-03-26T09:00:59+00:00\",\"dateModified\":\"2024-07-11T14:19:16+00:00\",\"breadcrumb\":{\"@id\":\"https:\/\/imprimepopulaire.fr\/?page_id=367#breadcrumb\"},\"inLanguage\":\"fr-FR\",\"potentialAction\":[{\"@type\":\"ReadAction\",\"target\":[\"https:\/\/imprimepopulaire.fr\/?page_id=367\"]}]},{\"@type\":\"ImageObject\",\"inLanguage\":\"fr-FR\",\"@id\":\"https:\/\/imprimepopulaire.fr\/?page_id=367#primaryimage\",\"url\":\"https:\/\/imprimepopulaire.files.wordpress.com\/2017\/09\/couv_serigraphie_diy.png\",\"contentUrl\":\"https:\/\/imprimepopulaire.files.wordpress.com\/2017\/09\/couv_serigraphie_diy.png\"},{\"@type\":\"BreadcrumbList\",\"@id\":\"https:\/\/imprimepopulaire.fr\/?page_id=367#breadcrumb\",\"itemListElement\":[{\"@type\":\"ListItem\",\"position\":1,\"name\":\"Accueil\",\"item\":\"https:\/\/imprimepopulaire.fr\/\"},{\"@type\":\"ListItem\",\"position\":2,\"name\":\"NOS TECHNIQUES DIY\",\"item\":\"https:\/\/imprimepopulaire.fr\/?page_id=105\"},{\"@type\":\"ListItem\",\"position\":3,\"name\":\"S\u00e9rigraphie\"}]},{\"@type\":\"WebSite\",\"@id\":\"https:\/\/imprimepopulaire.fr\/#website\",\"url\":\"https:\/\/imprimepopulaire.fr\/\",\"name\":\"Les amis de l&#039;Imprim\u00e9 Populaire\",\"description\":\"\",\"publisher\":{\"@id\":\"https:\/\/imprimepopulaire.fr\/#organization\"},\"potentialAction\":[{\"@type\":\"SearchAction\",\"target\":{\"@type\":\"EntryPoint\",\"urlTemplate\":\"https:\/\/imprimepopulaire.fr\/?s={search_term_string}\"},\"query-input\":{\"@type\":\"PropertyValueSpecification\",\"valueRequired\":true,\"valueName\":\"search_term_string\"}}],\"inLanguage\":\"fr-FR\"},{\"@type\":\"Organization\",\"@id\":\"https:\/\/imprimepopulaire.fr\/#organization\",\"name\":\"Les amis de l&#039;Imprim\u00e9 Populaire\",\"url\":\"https:\/\/imprimepopulaire.fr\/\",\"logo\":{\"@type\":\"ImageObject\",\"inLanguage\":\"fr-FR\",\"@id\":\"https:\/\/imprimepopulaire.fr\/#\/schema\/logo\/image\/\",\"url\":\"http:\/\/imprimepopulaire.fr\/wp-content\/uploads\/2019\/12\/cropped-logo4_av_slogan-1.png\",\"contentUrl\":\"http:\/\/imprimepopulaire.fr\/wp-content\/uploads\/2019\/12\/cropped-logo4_av_slogan-1.png\",\"width\":1008,\"height\":400,\"caption\":\"Les amis de l&#039;Imprim\u00e9 Populaire\"},\"image\":{\"@id\":\"https:\/\/imprimepopulaire.fr\/#\/schema\/logo\/image\/\"}}]}<\/script>\n<!-- \/ Yoast SEO plugin. -->","yoast_head_json":{"title":"S\u00e9rigraphie - Les amis de l&#039;Imprim\u00e9 Populaire","robots":{"index":"index","follow":"follow","max-snippet":"max-snippet:-1","max-image-preview":"max-image-preview:large","max-video-preview":"max-video-preview:-1"},"canonical":"https:\/\/imprimepopulaire.fr\/?page_id=367","og_locale":"fr_FR","og_type":"article","og_title":"S\u00e9rigraphie - Les amis de l&#039;Imprim\u00e9 Populaire","og_description":"S\u00e9rigraphie \u00a0 Nous avons compil\u00e9 dans cette brochure : des m\u00e9thodes pour mettre en oeuvre simplement cette technique \u00e0 la maison, et surtout pour r\u00e9aliser votre propre cadre de s\u00e9rigraphie \u00e0 tissu interchangeable.Dans la vid\u00e9o suivant une variante de cadre toujours DIY en alu un peu plus r\u00e9sistant mais un peu plus cher&#8230; Technique \u00e0 &hellip; Continue reading S\u00e9rigraphie &rarr;","og_url":"https:\/\/imprimepopulaire.fr\/?page_id=367","og_site_name":"Les amis de l&#039;Imprim\u00e9 Populaire","article_modified_time":"2024-07-11T14:19:16+00:00","og_image":[{"url":"https:\/\/imprimepopulaire.files.wordpress.com\/2017\/09\/couv_serigraphie_diy.png","type":"","width":"","height":""}],"twitter_card":"summary_large_image","twitter_misc":{"Dur\u00e9e de lecture estim\u00e9e":"2 minutes"},"schema":{"@context":"https:\/\/schema.org","@graph":[{"@type":"WebPage","@id":"https:\/\/imprimepopulaire.fr\/?page_id=367","url":"https:\/\/imprimepopulaire.fr\/?page_id=367","name":"S\u00e9rigraphie - Les amis de l&#039;Imprim\u00e9 Populaire","isPartOf":{"@id":"https:\/\/imprimepopulaire.fr\/#website"},"primaryImageOfPage":{"@id":"https:\/\/imprimepopulaire.fr\/?page_id=367#primaryimage"},"image":{"@id":"https:\/\/imprimepopulaire.fr\/?page_id=367#primaryimage"},"thumbnailUrl":"https:\/\/imprimepopulaire.files.wordpress.com\/2017\/09\/couv_serigraphie_diy.png","datePublished":"2018-03-26T09:00:59+00:00","dateModified":"2024-07-11T14:19:16+00:00","breadcrumb":{"@id":"https:\/\/imprimepopulaire.fr\/?page_id=367#breadcrumb"},"inLanguage":"fr-FR","potentialAction":[{"@type":"ReadAction","target":["https:\/\/imprimepopulaire.fr\/?page_id=367"]}]},{"@type":"ImageObject","inLanguage":"fr-FR","@id":"https:\/\/imprimepopulaire.fr\/?page_id=367#primaryimage","url":"https:\/\/imprimepopulaire.files.wordpress.com\/2017\/09\/couv_serigraphie_diy.png","contentUrl":"https:\/\/imprimepopulaire.files.wordpress.com\/2017\/09\/couv_serigraphie_diy.png"},{"@type":"BreadcrumbList","@id":"https:\/\/imprimepopulaire.fr\/?page_id=367#breadcrumb","itemListElement":[{"@type":"ListItem","position":1,"name":"Accueil","item":"https:\/\/imprimepopulaire.fr\/"},{"@type":"ListItem","position":2,"name":"NOS TECHNIQUES DIY","item":"https:\/\/imprimepopulaire.fr\/?page_id=105"},{"@type":"ListItem","position":3,"name":"S\u00e9rigraphie"}]},{"@type":"WebSite","@id":"https:\/\/imprimepopulaire.fr\/#website","url":"https:\/\/imprimepopulaire.fr\/","name":"Les amis de l&#039;Imprim\u00e9 Populaire","description":"","publisher":{"@id":"https:\/\/imprimepopulaire.fr\/#organization"},"potentialAction":[{"@type":"SearchAction","target":{"@type":"EntryPoint","urlTemplate":"https:\/\/imprimepopulaire.fr\/?s={search_term_string}"},"query-input":{"@type":"PropertyValueSpecification","valueRequired":true,"valueName":"search_term_string"}}],"inLanguage":"fr-FR"},{"@type":"Organization","@id":"https:\/\/imprimepopulaire.fr\/#organization","name":"Les amis de l&#039;Imprim\u00e9 Populaire","url":"https:\/\/imprimepopulaire.fr\/","logo":{"@type":"ImageObject","inLanguage":"fr-FR","@id":"https:\/\/imprimepopulaire.fr\/#\/schema\/logo\/image\/","url":"http:\/\/imprimepopulaire.fr\/wp-content\/uploads\/2019\/12\/cropped-logo4_av_slogan-1.png","contentUrl":"http:\/\/imprimepopulaire.fr\/wp-content\/uploads\/2019\/12\/cropped-logo4_av_slogan-1.png","width":1008,"height":400,"caption":"Les amis de l&#039;Imprim\u00e9 Populaire"},"image":{"@id":"https:\/\/imprimepopulaire.fr\/#\/schema\/logo\/image\/"}}]}},"jetpack_sharing_enabled":true,"_links":{"self":[{"href":"http:\/\/imprimepopulaire.fr\/index.php?rest_route=\/wp\/v2\/pages\/367","targetHints":{"allow":["GET"]}}],"collection":[{"href":"http:\/\/imprimepopulaire.fr\/index.php?rest_route=\/wp\/v2\/pages"}],"about":[{"href":"http:\/\/imprimepopulaire.fr\/index.php?rest_route=\/wp\/v2\/types\/page"}],"author":[{"embeddable":true,"href":"http:\/\/imprimepopulaire.fr\/index.php?rest_route=\/wp\/v2\/users\/1"}],"replies":[{"embeddable":true,"href":"http:\/\/imprimepopulaire.fr\/index.php?rest_route=%2Fwp%2Fv2%2Fcomments&post=367"}],"version-history":[{"count":6,"href":"http:\/\/imprimepopulaire.fr\/index.php?rest_route=\/wp\/v2\/pages\/367\/revisions"}],"predecessor-version":[{"id":1259,"href":"http:\/\/imprimepopulaire.fr\/index.php?rest_route=\/wp\/v2\/pages\/367\/revisions\/1259"}],"up":[{"embeddable":true,"href":"http:\/\/imprimepopulaire.fr\/index.php?rest_route=\/wp\/v2\/pages\/105"}],"wp:attachment":[{"href":"http:\/\/imprimepopulaire.fr\/index.php?rest_route=%2Fwp%2Fv2%2Fmedia&parent=367"}],"curies":[{"name":"wp","href":"https:\/\/api.w.org\/{rel}","templated":true}]}}