{"id":369,"date":"2018-03-26T09:45:32","date_gmt":"2018-03-26T08:45:32","guid":{"rendered":"https:\/\/imprimepopulaire.wordpress.com\/?page_id=369"},"modified":"2024-07-11T16:19:16","modified_gmt":"2024-07-11T14:19:16","slug":"gravure-en-creux","status":"publish","type":"page","link":"http:\/\/imprimepopulaire.fr\/?page_id=369","title":{"rendered":"Gravure en creux"},"content":{"rendered":"<div style=\"background: #ffffff;\">\n<div>\n<h3>Les briques de jus de fruit ou de lait Tetra Pack\u00ae<\/h3>\n<\/div>\n<div>Le Tetra Pack\u00ae est un classique de la gravure DIY. Nous vous proposons ici une mise en \u0153uvre avec de la gouache, un rouleau \u00e0 p\u00e2tisserie et une pointe s\u00e8che DIY<\/div>\n<p>[youtube https:\/\/www.youtube.com\/watch?v=Gk3-IN7yB10]<\/p>\n<p>En compl\u00e9ment de cette vid\u00e9o, d\u00e9tail d&rsquo;une gravure et de son impression :<\/p>\n<figure id=\"attachment_372\" aria-describedby=\"caption-attachment-372\" style=\"width: 800px\" class=\"wp-caption alignnone\"><img loading=\"lazy\" decoding=\"async\" class=\"alignnone size-full wp-image-372\" src=\"https:\/\/imprimepopulaire.files.wordpress.com\/2018\/03\/zoom_gravure_ttpkplaque.png\" alt=\"zoom_gravure_TTPKplaque\" width=\"800\" height=\"600\" \/><figcaption id=\"caption-attachment-372\" class=\"wp-caption-text\">Plaque grav\u00e9e \u00e0 la vis \u00e0 bois<\/figcaption><\/figure>\n<figure id=\"attachment_373\" aria-describedby=\"caption-attachment-373\" style=\"width: 800px\" class=\"wp-caption alignnone\"><img loading=\"lazy\" decoding=\"async\" class=\"alignnone size-full wp-image-373\" src=\"https:\/\/imprimepopulaire.files.wordpress.com\/2018\/03\/zoom_gravure_ttpkprint.png\" alt=\"zoom_gravure_TTPKprint\" width=\"800\" height=\"600\" \/><figcaption id=\"caption-attachment-373\" class=\"wp-caption-text\">Impression de la gravure encre : gouache + farine impression au rouleau \u00e0 p\u00e2tisserie<\/figcaption><\/figure>\n<p>Ce d\u00e9tail vient d&rsquo;un essai de gravure de toute une brique d\u00e9pli\u00e9e ce qui donne environ une impression A4.<\/p>\n<figure id=\"attachment_371\" aria-describedby=\"caption-attachment-371\" style=\"width: 800px\" class=\"wp-caption alignnone\"><img loading=\"lazy\" decoding=\"async\" class=\"alignnone size-full wp-image-371\" src=\"https:\/\/imprimepopulaire.files.wordpress.com\/2018\/03\/gravure_ttpk_fullplaque.png\" alt=\"gravure tetrapack et son impression\" width=\"800\" height=\"528\" \/><figcaption id=\"caption-attachment-371\" class=\"wp-caption-text\">A gauche la brique grav\u00e9e, \u00e0 droite l&rsquo;impression<\/figcaption><\/figure>\n<p>On constate ici des d\u00e9fauts d&rsquo;essuyage (il restait de l&rsquo;encre en surface, d\u2019o\u00f9 des taches noires). Surtout au niveau des pliures de la brique. Ces pliures forment une sur-\u00e9paisseur un peu plus difficile \u00e0 essuyer.<\/p>\n<p>Remarque : avec une impression \u00e0 la gouache (comme ici), il faut veiller \u00e0 agir rapidement (encrage, essuyage puis impression) avant que l&rsquo;encre n&rsquo;ait eu le temps de s\u00e9cher.<\/p>\n<div><\/div>\n<\/div>\n","protected":false},"excerpt":{"rendered":"<p>Les briques de jus de fruit ou de lait Tetra Pack\u00ae Le Tetra Pack\u00ae est un classique de la gravure DIY. Nous vous proposons ici une mise en \u0153uvre avec de la gouache, un rouleau \u00e0 p\u00e2tisserie et une pointe s\u00e8che DIY [youtube https:\/\/www.youtube.com\/watch?v=Gk3-IN7yB10] En compl\u00e9ment de cette vid\u00e9o, d\u00e9tail d&rsquo;une gravure et de son &hellip; <a href=\"http:\/\/imprimepopulaire.fr\/?page_id=369\" class=\"more-link\">Continue reading <span class=\"screen-reader-text\">Gravure en creux<\/span> <span class=\"meta-nav\">&rarr;<\/span><\/a><\/p>\n","protected":false},"author":1,"featured_media":0,"parent":105,"menu_order":0,"comment_status":"closed","ping_status":"closed","template":"","meta":{"footnotes":""},"class_list":["post-369","page","type-page","status-publish","hentry"],"yoast_head":"<!-- This site is optimized with the Yoast SEO plugin v26.0 - https:\/\/yoast.com\/wordpress\/plugins\/seo\/ -->\n<title>Gravure en creux - Les amis de l&#039;Imprim\u00e9 Populaire<\/title>\n<meta name=\"robots\" content=\"index, follow, max-snippet:-1, max-image-preview:large, max-video-preview:-1\" \/>\n<link rel=\"canonical\" href=\"https:\/\/imprimepopulaire.fr\/?page_id=369\" \/>\n<meta property=\"og:locale\" content=\"fr_FR\" \/>\n<meta property=\"og:type\" content=\"article\" \/>\n<meta property=\"og:title\" content=\"Gravure en creux - Les amis de l&#039;Imprim\u00e9 Populaire\" \/>\n<meta property=\"og:description\" content=\"Les briques de jus de fruit ou de lait Tetra Pack\u00ae Le Tetra Pack\u00ae est un classique de la gravure DIY. Nous vous proposons ici une mise en \u0153uvre avec de la gouache, un rouleau \u00e0 p\u00e2tisserie et une pointe s\u00e8che DIY [youtube https:\/\/www.youtube.com\/watch?v=Gk3-IN7yB10] En compl\u00e9ment de cette vid\u00e9o, d\u00e9tail d&rsquo;une gravure et de son &hellip; Continue reading Gravure en creux &rarr;\" \/>\n<meta property=\"og:url\" content=\"https:\/\/imprimepopulaire.fr\/?page_id=369\" \/>\n<meta property=\"og:site_name\" content=\"Les amis de l&#039;Imprim\u00e9 Populaire\" \/>\n<meta property=\"article:modified_time\" content=\"2024-07-11T14:19:16+00:00\" \/>\n<meta property=\"og:image\" content=\"https:\/\/imprimepopulaire.files.wordpress.com\/2018\/03\/zoom_gravure_ttpkplaque.png\" \/>\n<meta name=\"twitter:card\" content=\"summary_large_image\" \/>\n<meta name=\"twitter:label1\" content=\"Dur\u00e9e de lecture estim\u00e9e\" \/>\n\t<meta name=\"twitter:data1\" content=\"1 minute\" \/>\n<script type=\"application\/ld+json\" class=\"yoast-schema-graph\">{\"@context\":\"https:\/\/schema.org\",\"@graph\":[{\"@type\":\"WebPage\",\"@id\":\"https:\/\/imprimepopulaire.fr\/?page_id=369\",\"url\":\"https:\/\/imprimepopulaire.fr\/?page_id=369\",\"name\":\"Gravure en creux - Les amis de l&#039;Imprim\u00e9 Populaire\",\"isPartOf\":{\"@id\":\"https:\/\/imprimepopulaire.fr\/#website\"},\"primaryImageOfPage\":{\"@id\":\"https:\/\/imprimepopulaire.fr\/?page_id=369#primaryimage\"},\"image\":{\"@id\":\"https:\/\/imprimepopulaire.fr\/?page_id=369#primaryimage\"},\"thumbnailUrl\":\"https:\/\/imprimepopulaire.files.wordpress.com\/2018\/03\/zoom_gravure_ttpkplaque.png\",\"datePublished\":\"2018-03-26T08:45:32+00:00\",\"dateModified\":\"2024-07-11T14:19:16+00:00\",\"breadcrumb\":{\"@id\":\"https:\/\/imprimepopulaire.fr\/?page_id=369#breadcrumb\"},\"inLanguage\":\"fr-FR\",\"potentialAction\":[{\"@type\":\"ReadAction\",\"target\":[\"https:\/\/imprimepopulaire.fr\/?page_id=369\"]}]},{\"@type\":\"ImageObject\",\"inLanguage\":\"fr-FR\",\"@id\":\"https:\/\/imprimepopulaire.fr\/?page_id=369#primaryimage\",\"url\":\"https:\/\/imprimepopulaire.files.wordpress.com\/2018\/03\/zoom_gravure_ttpkplaque.png\",\"contentUrl\":\"https:\/\/imprimepopulaire.files.wordpress.com\/2018\/03\/zoom_gravure_ttpkplaque.png\"},{\"@type\":\"BreadcrumbList\",\"@id\":\"https:\/\/imprimepopulaire.fr\/?page_id=369#breadcrumb\",\"itemListElement\":[{\"@type\":\"ListItem\",\"position\":1,\"name\":\"Accueil\",\"item\":\"https:\/\/imprimepopulaire.fr\/\"},{\"@type\":\"ListItem\",\"position\":2,\"name\":\"NOS TECHNIQUES DIY\",\"item\":\"https:\/\/imprimepopulaire.fr\/?page_id=105\"},{\"@type\":\"ListItem\",\"position\":3,\"name\":\"Gravure en creux\"}]},{\"@type\":\"WebSite\",\"@id\":\"https:\/\/imprimepopulaire.fr\/#website\",\"url\":\"https:\/\/imprimepopulaire.fr\/\",\"name\":\"Les amis de l&#039;Imprim\u00e9 Populaire\",\"description\":\"\",\"publisher\":{\"@id\":\"https:\/\/imprimepopulaire.fr\/#organization\"},\"potentialAction\":[{\"@type\":\"SearchAction\",\"target\":{\"@type\":\"EntryPoint\",\"urlTemplate\":\"https:\/\/imprimepopulaire.fr\/?s={search_term_string}\"},\"query-input\":{\"@type\":\"PropertyValueSpecification\",\"valueRequired\":true,\"valueName\":\"search_term_string\"}}],\"inLanguage\":\"fr-FR\"},{\"@type\":\"Organization\",\"@id\":\"https:\/\/imprimepopulaire.fr\/#organization\",\"name\":\"Les amis de l&#039;Imprim\u00e9 Populaire\",\"url\":\"https:\/\/imprimepopulaire.fr\/\",\"logo\":{\"@type\":\"ImageObject\",\"inLanguage\":\"fr-FR\",\"@id\":\"https:\/\/imprimepopulaire.fr\/#\/schema\/logo\/image\/\",\"url\":\"http:\/\/imprimepopulaire.fr\/wp-content\/uploads\/2019\/12\/cropped-logo4_av_slogan-1.png\",\"contentUrl\":\"http:\/\/imprimepopulaire.fr\/wp-content\/uploads\/2019\/12\/cropped-logo4_av_slogan-1.png\",\"width\":1008,\"height\":400,\"caption\":\"Les amis de l&#039;Imprim\u00e9 Populaire\"},\"image\":{\"@id\":\"https:\/\/imprimepopulaire.fr\/#\/schema\/logo\/image\/\"}}]}<\/script>\n<!-- \/ Yoast SEO plugin. -->","yoast_head_json":{"title":"Gravure en creux - Les amis de l&#039;Imprim\u00e9 Populaire","robots":{"index":"index","follow":"follow","max-snippet":"max-snippet:-1","max-image-preview":"max-image-preview:large","max-video-preview":"max-video-preview:-1"},"canonical":"https:\/\/imprimepopulaire.fr\/?page_id=369","og_locale":"fr_FR","og_type":"article","og_title":"Gravure en creux - Les amis de l&#039;Imprim\u00e9 Populaire","og_description":"Les briques de jus de fruit ou de lait Tetra Pack\u00ae Le Tetra Pack\u00ae est un classique de la gravure DIY. Nous vous proposons ici une mise en \u0153uvre avec de la gouache, un rouleau \u00e0 p\u00e2tisserie et une pointe s\u00e8che DIY [youtube https:\/\/www.youtube.com\/watch?v=Gk3-IN7yB10] En compl\u00e9ment de cette vid\u00e9o, d\u00e9tail d&rsquo;une gravure et de son &hellip; Continue reading Gravure en creux &rarr;","og_url":"https:\/\/imprimepopulaire.fr\/?page_id=369","og_site_name":"Les amis de l&#039;Imprim\u00e9 Populaire","article_modified_time":"2024-07-11T14:19:16+00:00","og_image":[{"url":"https:\/\/imprimepopulaire.files.wordpress.com\/2018\/03\/zoom_gravure_ttpkplaque.png","type":"","width":"","height":""}],"twitter_card":"summary_large_image","twitter_misc":{"Dur\u00e9e de lecture estim\u00e9e":"1 minute"},"schema":{"@context":"https:\/\/schema.org","@graph":[{"@type":"WebPage","@id":"https:\/\/imprimepopulaire.fr\/?page_id=369","url":"https:\/\/imprimepopulaire.fr\/?page_id=369","name":"Gravure en creux - Les amis de l&#039;Imprim\u00e9 Populaire","isPartOf":{"@id":"https:\/\/imprimepopulaire.fr\/#website"},"primaryImageOfPage":{"@id":"https:\/\/imprimepopulaire.fr\/?page_id=369#primaryimage"},"image":{"@id":"https:\/\/imprimepopulaire.fr\/?page_id=369#primaryimage"},"thumbnailUrl":"https:\/\/imprimepopulaire.files.wordpress.com\/2018\/03\/zoom_gravure_ttpkplaque.png","datePublished":"2018-03-26T08:45:32+00:00","dateModified":"2024-07-11T14:19:16+00:00","breadcrumb":{"@id":"https:\/\/imprimepopulaire.fr\/?page_id=369#breadcrumb"},"inLanguage":"fr-FR","potentialAction":[{"@type":"ReadAction","target":["https:\/\/imprimepopulaire.fr\/?page_id=369"]}]},{"@type":"ImageObject","inLanguage":"fr-FR","@id":"https:\/\/imprimepopulaire.fr\/?page_id=369#primaryimage","url":"https:\/\/imprimepopulaire.files.wordpress.com\/2018\/03\/zoom_gravure_ttpkplaque.png","contentUrl":"https:\/\/imprimepopulaire.files.wordpress.com\/2018\/03\/zoom_gravure_ttpkplaque.png"},{"@type":"BreadcrumbList","@id":"https:\/\/imprimepopulaire.fr\/?page_id=369#breadcrumb","itemListElement":[{"@type":"ListItem","position":1,"name":"Accueil","item":"https:\/\/imprimepopulaire.fr\/"},{"@type":"ListItem","position":2,"name":"NOS TECHNIQUES DIY","item":"https:\/\/imprimepopulaire.fr\/?page_id=105"},{"@type":"ListItem","position":3,"name":"Gravure en creux"}]},{"@type":"WebSite","@id":"https:\/\/imprimepopulaire.fr\/#website","url":"https:\/\/imprimepopulaire.fr\/","name":"Les amis de l&#039;Imprim\u00e9 Populaire","description":"","publisher":{"@id":"https:\/\/imprimepopulaire.fr\/#organization"},"potentialAction":[{"@type":"SearchAction","target":{"@type":"EntryPoint","urlTemplate":"https:\/\/imprimepopulaire.fr\/?s={search_term_string}"},"query-input":{"@type":"PropertyValueSpecification","valueRequired":true,"valueName":"search_term_string"}}],"inLanguage":"fr-FR"},{"@type":"Organization","@id":"https:\/\/imprimepopulaire.fr\/#organization","name":"Les amis de l&#039;Imprim\u00e9 Populaire","url":"https:\/\/imprimepopulaire.fr\/","logo":{"@type":"ImageObject","inLanguage":"fr-FR","@id":"https:\/\/imprimepopulaire.fr\/#\/schema\/logo\/image\/","url":"http:\/\/imprimepopulaire.fr\/wp-content\/uploads\/2019\/12\/cropped-logo4_av_slogan-1.png","contentUrl":"http:\/\/imprimepopulaire.fr\/wp-content\/uploads\/2019\/12\/cropped-logo4_av_slogan-1.png","width":1008,"height":400,"caption":"Les amis de l&#039;Imprim\u00e9 Populaire"},"image":{"@id":"https:\/\/imprimepopulaire.fr\/#\/schema\/logo\/image\/"}}]}},"jetpack_sharing_enabled":true,"_links":{"self":[{"href":"http:\/\/imprimepopulaire.fr\/index.php?rest_route=\/wp\/v2\/pages\/369","targetHints":{"allow":["GET"]}}],"collection":[{"href":"http:\/\/imprimepopulaire.fr\/index.php?rest_route=\/wp\/v2\/pages"}],"about":[{"href":"http:\/\/imprimepopulaire.fr\/index.php?rest_route=\/wp\/v2\/types\/page"}],"author":[{"embeddable":true,"href":"http:\/\/imprimepopulaire.fr\/index.php?rest_route=\/wp\/v2\/users\/1"}],"replies":[{"embeddable":true,"href":"http:\/\/imprimepopulaire.fr\/index.php?rest_route=%2Fwp%2Fv2%2Fcomments&post=369"}],"version-history":[{"count":1,"href":"http:\/\/imprimepopulaire.fr\/index.php?rest_route=\/wp\/v2\/pages\/369\/revisions"}],"predecessor-version":[{"id":1159,"href":"http:\/\/imprimepopulaire.fr\/index.php?rest_route=\/wp\/v2\/pages\/369\/revisions\/1159"}],"up":[{"embeddable":true,"href":"http:\/\/imprimepopulaire.fr\/index.php?rest_route=\/wp\/v2\/pages\/105"}],"wp:attachment":[{"href":"http:\/\/imprimepopulaire.fr\/index.php?rest_route=%2Fwp%2Fv2%2Fmedia&parent=369"}],"curies":[{"name":"wp","href":"https:\/\/api.w.org\/{rel}","templated":true}]}}