{"id":559,"date":"2018-10-15T19:19:27","date_gmt":"2018-10-15T18:19:27","guid":{"rendered":"https:\/\/imprimepopulaire.wordpress.com\/?page_id=559"},"modified":"2024-07-11T16:19:54","modified_gmt":"2024-07-11T14:19:54","slug":"fanzines","status":"publish","type":"page","link":"http:\/\/imprimepopulaire.fr\/?page_id=559","title":{"rendered":"FANZINES"},"content":{"rendered":"<p><strong>Attention IMPRIM\u00c9S POPULAIRES !!!<\/strong><\/p>\n<p>Depuis sa cr\u00e9ation par des fans de SF dans les ann\u00e9es 1930, le fanzine (contraction de Fanatic magazine) est devenu un outil de communication et de partage pour de nombreuses autres communaut\u00e9s de fans que cela soit de la BD, de cin\u00e9ma Bis, de la musique, du football&#8230;. Ces imprim\u00e9s populaires portent la parole de fans sans complexe, sans le jugement ext\u00e9rieur d&rsquo;une soci\u00e9t\u00e9 bien pensante, dans une cr\u00e9ativit\u00e9 d\u00e9brid\u00e9e loin des circuits m\u00e9diatiques traditionnels.<\/p>\n<p>Les Amis de l&rsquo;imprim\u00e9 populaire essayent de promouvoir le fanzine en :<\/p>\n<p>&#8211; s&rsquo;associant avec le FANZINARIUM pour ouvrir un lieu de libre consultation de plus de 4000 fanzines (on va essayer d&rsquo;ouvrir en septembre)<\/p>\n<p><img loading=\"lazy\" decoding=\"async\" class=\"alignnone size-full wp-image-714\" src=\"https:\/\/imprimepopulaire.files.wordpress.com\/2019\/05\/test_mep.png\" alt=\"test_mep\" width=\"900\" height=\"337\" \/><\/p>\n<p>&#8211; tenant une petite \u00ab\u00a0distro\u00a0\u00bb de fanzines lors de nombreux festivals<\/p>\n<p>Aujourd&rsquo;hui dans la DISTRO des Amis on peut trouver :<\/p>\n<p>Sors ton disque<\/p>\n<p>Gorgonzola 20 &amp; 21 (<a href=\"http:\/\/legouttoir.free.fr\/gorgonzola.htm\" target=\"_blank\" rel=\"noopener noreferrer\">http:\/\/legouttoir.free.fr\/gorgonzola.htm<\/a>)<\/p>\n<p>Blanc et Noir 1,2 &amp;3<\/p>\n<p>L&rsquo;oeil sur les rails (<a href=\"http:\/\/www.lacryptetonique.com\/\" target=\"_blank\" rel=\"noopener noreferrer\">http:\/\/www.lacryptetonique.com\/<\/a>)<\/p>\n<p>cadavre exquis<\/p>\n<p>Alt\u00e9ration minimal<\/p>\n<p>Morpion n\u00b03<\/p>\n<p>Je suis sourde et je vais bien<\/p>\n<p>With love from wonderland<\/p>\n<p>Vie commune<\/p>\n<p>Bricolage radical 1 &amp; 2<\/p>\n<p>Echoactivit\u00e9<\/p>\n<p>Sucre<\/p>\n<p>Li-Chii Vampire<\/p>\n<p>Mini Li-Chii<\/p>\n","protected":false},"excerpt":{"rendered":"<p>Attention IMPRIM\u00c9S POPULAIRES !!! Depuis sa cr\u00e9ation par des fans de SF dans les ann\u00e9es 1930, le fanzine (contraction de Fanatic magazine) est devenu un outil de communication et de partage pour de nombreuses autres communaut\u00e9s de fans que cela soit de la BD, de cin\u00e9ma Bis, de la musique, du football&#8230;. Ces imprim\u00e9s populaires &hellip; <a href=\"http:\/\/imprimepopulaire.fr\/?page_id=559\" class=\"more-link\">Continue reading <span class=\"screen-reader-text\">FANZINES<\/span> <span class=\"meta-nav\">&rarr;<\/span><\/a><\/p>\n","protected":false},"author":1,"featured_media":1012,"parent":0,"menu_order":4,"comment_status":"closed","ping_status":"closed","template":"","meta":{"footnotes":""},"class_list":["post-559","page","type-page","status-publish","has-post-thumbnail","hentry"],"yoast_head":"<!-- This site is optimized with the Yoast SEO plugin v26.0 - https:\/\/yoast.com\/wordpress\/plugins\/seo\/ -->\n<title>FANZINES - Les amis de l&#039;Imprim\u00e9 Populaire<\/title>\n<meta name=\"robots\" content=\"index, follow, max-snippet:-1, max-image-preview:large, max-video-preview:-1\" \/>\n<link rel=\"canonical\" href=\"http:\/\/imprimepopulaire.fr\/?page_id=559\" \/>\n<meta property=\"og:locale\" content=\"fr_FR\" \/>\n<meta property=\"og:type\" content=\"article\" \/>\n<meta property=\"og:title\" content=\"FANZINES - Les amis de l&#039;Imprim\u00e9 Populaire\" \/>\n<meta property=\"og:description\" content=\"Attention IMPRIM\u00c9S POPULAIRES !!! Depuis sa cr\u00e9ation par des fans de SF dans les ann\u00e9es 1930, le fanzine (contraction de Fanatic magazine) est devenu un outil de communication et de partage pour de nombreuses autres communaut\u00e9s de fans que cela soit de la BD, de cin\u00e9ma Bis, de la musique, du football&#8230;. Ces imprim\u00e9s populaires &hellip; Continue reading FANZINES &rarr;\" \/>\n<meta property=\"og:url\" content=\"http:\/\/imprimepopulaire.fr\/?page_id=559\" \/>\n<meta property=\"og:site_name\" content=\"Les amis de l&#039;Imprim\u00e9 Populaire\" \/>\n<meta property=\"article:modified_time\" content=\"2024-07-11T14:19:54+00:00\" \/>\n<meta property=\"og:image\" content=\"http:\/\/imprimepopulaire.fr\/wp-content\/uploads\/2019\/12\/banniere_fanzine-1024x614.png\" \/>\n\t<meta property=\"og:image:width\" content=\"1024\" \/>\n\t<meta property=\"og:image:height\" content=\"614\" \/>\n\t<meta property=\"og:image:type\" content=\"image\/png\" \/>\n<meta name=\"twitter:card\" content=\"summary_large_image\" \/>\n<meta name=\"twitter:label1\" content=\"Dur\u00e9e de lecture estim\u00e9e\" \/>\n\t<meta name=\"twitter:data1\" content=\"1 minute\" \/>\n<script type=\"application\/ld+json\" class=\"yoast-schema-graph\">{\"@context\":\"https:\/\/schema.org\",\"@graph\":[{\"@type\":\"WebPage\",\"@id\":\"http:\/\/imprimepopulaire.fr\/?page_id=559\",\"url\":\"http:\/\/imprimepopulaire.fr\/?page_id=559\",\"name\":\"FANZINES - Les amis de l&#039;Imprim\u00e9 Populaire\",\"isPartOf\":{\"@id\":\"https:\/\/imprimepopulaire.fr\/#website\"},\"primaryImageOfPage\":{\"@id\":\"http:\/\/imprimepopulaire.fr\/?page_id=559#primaryimage\"},\"image\":{\"@id\":\"http:\/\/imprimepopulaire.fr\/?page_id=559#primaryimage\"},\"thumbnailUrl\":\"http:\/\/imprimepopulaire.fr\/wp-content\/uploads\/2019\/12\/banniere_fanzine.png\",\"datePublished\":\"2018-10-15T18:19:27+00:00\",\"dateModified\":\"2024-07-11T14:19:54+00:00\",\"breadcrumb\":{\"@id\":\"http:\/\/imprimepopulaire.fr\/?page_id=559#breadcrumb\"},\"inLanguage\":\"fr-FR\",\"potentialAction\":[{\"@type\":\"ReadAction\",\"target\":[\"http:\/\/imprimepopulaire.fr\/?page_id=559\"]}]},{\"@type\":\"ImageObject\",\"inLanguage\":\"fr-FR\",\"@id\":\"http:\/\/imprimepopulaire.fr\/?page_id=559#primaryimage\",\"url\":\"http:\/\/imprimepopulaire.fr\/wp-content\/uploads\/2019\/12\/banniere_fanzine.png\",\"contentUrl\":\"http:\/\/imprimepopulaire.fr\/wp-content\/uploads\/2019\/12\/banniere_fanzine.png\",\"width\":2000,\"height\":1200},{\"@type\":\"BreadcrumbList\",\"@id\":\"http:\/\/imprimepopulaire.fr\/?page_id=559#breadcrumb\",\"itemListElement\":[{\"@type\":\"ListItem\",\"position\":1,\"name\":\"Accueil\",\"item\":\"https:\/\/imprimepopulaire.fr\/\"},{\"@type\":\"ListItem\",\"position\":2,\"name\":\"FANZINES\"}]},{\"@type\":\"WebSite\",\"@id\":\"https:\/\/imprimepopulaire.fr\/#website\",\"url\":\"https:\/\/imprimepopulaire.fr\/\",\"name\":\"Les amis de l&#039;Imprim\u00e9 Populaire\",\"description\":\"\",\"publisher\":{\"@id\":\"https:\/\/imprimepopulaire.fr\/#organization\"},\"potentialAction\":[{\"@type\":\"SearchAction\",\"target\":{\"@type\":\"EntryPoint\",\"urlTemplate\":\"https:\/\/imprimepopulaire.fr\/?s={search_term_string}\"},\"query-input\":{\"@type\":\"PropertyValueSpecification\",\"valueRequired\":true,\"valueName\":\"search_term_string\"}}],\"inLanguage\":\"fr-FR\"},{\"@type\":\"Organization\",\"@id\":\"https:\/\/imprimepopulaire.fr\/#organization\",\"name\":\"Les amis de l&#039;Imprim\u00e9 Populaire\",\"url\":\"https:\/\/imprimepopulaire.fr\/\",\"logo\":{\"@type\":\"ImageObject\",\"inLanguage\":\"fr-FR\",\"@id\":\"https:\/\/imprimepopulaire.fr\/#\/schema\/logo\/image\/\",\"url\":\"http:\/\/imprimepopulaire.fr\/wp-content\/uploads\/2019\/12\/cropped-logo4_av_slogan-1.png\",\"contentUrl\":\"http:\/\/imprimepopulaire.fr\/wp-content\/uploads\/2019\/12\/cropped-logo4_av_slogan-1.png\",\"width\":1008,\"height\":400,\"caption\":\"Les amis de l&#039;Imprim\u00e9 Populaire\"},\"image\":{\"@id\":\"https:\/\/imprimepopulaire.fr\/#\/schema\/logo\/image\/\"}}]}<\/script>\n<!-- \/ Yoast SEO plugin. -->","yoast_head_json":{"title":"FANZINES - Les amis de l&#039;Imprim\u00e9 Populaire","robots":{"index":"index","follow":"follow","max-snippet":"max-snippet:-1","max-image-preview":"max-image-preview:large","max-video-preview":"max-video-preview:-1"},"canonical":"http:\/\/imprimepopulaire.fr\/?page_id=559","og_locale":"fr_FR","og_type":"article","og_title":"FANZINES - Les amis de l&#039;Imprim\u00e9 Populaire","og_description":"Attention IMPRIM\u00c9S POPULAIRES !!! Depuis sa cr\u00e9ation par des fans de SF dans les ann\u00e9es 1930, le fanzine (contraction de Fanatic magazine) est devenu un outil de communication et de partage pour de nombreuses autres communaut\u00e9s de fans que cela soit de la BD, de cin\u00e9ma Bis, de la musique, du football&#8230;. Ces imprim\u00e9s populaires &hellip; Continue reading FANZINES &rarr;","og_url":"http:\/\/imprimepopulaire.fr\/?page_id=559","og_site_name":"Les amis de l&#039;Imprim\u00e9 Populaire","article_modified_time":"2024-07-11T14:19:54+00:00","og_image":[{"width":1024,"height":614,"url":"http:\/\/imprimepopulaire.fr\/wp-content\/uploads\/2019\/12\/banniere_fanzine-1024x614.png","type":"image\/png"}],"twitter_card":"summary_large_image","twitter_misc":{"Dur\u00e9e de lecture estim\u00e9e":"1 minute"},"schema":{"@context":"https:\/\/schema.org","@graph":[{"@type":"WebPage","@id":"http:\/\/imprimepopulaire.fr\/?page_id=559","url":"http:\/\/imprimepopulaire.fr\/?page_id=559","name":"FANZINES - Les amis de l&#039;Imprim\u00e9 Populaire","isPartOf":{"@id":"https:\/\/imprimepopulaire.fr\/#website"},"primaryImageOfPage":{"@id":"http:\/\/imprimepopulaire.fr\/?page_id=559#primaryimage"},"image":{"@id":"http:\/\/imprimepopulaire.fr\/?page_id=559#primaryimage"},"thumbnailUrl":"http:\/\/imprimepopulaire.fr\/wp-content\/uploads\/2019\/12\/banniere_fanzine.png","datePublished":"2018-10-15T18:19:27+00:00","dateModified":"2024-07-11T14:19:54+00:00","breadcrumb":{"@id":"http:\/\/imprimepopulaire.fr\/?page_id=559#breadcrumb"},"inLanguage":"fr-FR","potentialAction":[{"@type":"ReadAction","target":["http:\/\/imprimepopulaire.fr\/?page_id=559"]}]},{"@type":"ImageObject","inLanguage":"fr-FR","@id":"http:\/\/imprimepopulaire.fr\/?page_id=559#primaryimage","url":"http:\/\/imprimepopulaire.fr\/wp-content\/uploads\/2019\/12\/banniere_fanzine.png","contentUrl":"http:\/\/imprimepopulaire.fr\/wp-content\/uploads\/2019\/12\/banniere_fanzine.png","width":2000,"height":1200},{"@type":"BreadcrumbList","@id":"http:\/\/imprimepopulaire.fr\/?page_id=559#breadcrumb","itemListElement":[{"@type":"ListItem","position":1,"name":"Accueil","item":"https:\/\/imprimepopulaire.fr\/"},{"@type":"ListItem","position":2,"name":"FANZINES"}]},{"@type":"WebSite","@id":"https:\/\/imprimepopulaire.fr\/#website","url":"https:\/\/imprimepopulaire.fr\/","name":"Les amis de l&#039;Imprim\u00e9 Populaire","description":"","publisher":{"@id":"https:\/\/imprimepopulaire.fr\/#organization"},"potentialAction":[{"@type":"SearchAction","target":{"@type":"EntryPoint","urlTemplate":"https:\/\/imprimepopulaire.fr\/?s={search_term_string}"},"query-input":{"@type":"PropertyValueSpecification","valueRequired":true,"valueName":"search_term_string"}}],"inLanguage":"fr-FR"},{"@type":"Organization","@id":"https:\/\/imprimepopulaire.fr\/#organization","name":"Les amis de l&#039;Imprim\u00e9 Populaire","url":"https:\/\/imprimepopulaire.fr\/","logo":{"@type":"ImageObject","inLanguage":"fr-FR","@id":"https:\/\/imprimepopulaire.fr\/#\/schema\/logo\/image\/","url":"http:\/\/imprimepopulaire.fr\/wp-content\/uploads\/2019\/12\/cropped-logo4_av_slogan-1.png","contentUrl":"http:\/\/imprimepopulaire.fr\/wp-content\/uploads\/2019\/12\/cropped-logo4_av_slogan-1.png","width":1008,"height":400,"caption":"Les amis de l&#039;Imprim\u00e9 Populaire"},"image":{"@id":"https:\/\/imprimepopulaire.fr\/#\/schema\/logo\/image\/"}}]}},"jetpack_sharing_enabled":true,"_links":{"self":[{"href":"http:\/\/imprimepopulaire.fr\/index.php?rest_route=\/wp\/v2\/pages\/559","targetHints":{"allow":["GET"]}}],"collection":[{"href":"http:\/\/imprimepopulaire.fr\/index.php?rest_route=\/wp\/v2\/pages"}],"about":[{"href":"http:\/\/imprimepopulaire.fr\/index.php?rest_route=\/wp\/v2\/types\/page"}],"author":[{"embeddable":true,"href":"http:\/\/imprimepopulaire.fr\/index.php?rest_route=\/wp\/v2\/users\/1"}],"replies":[{"embeddable":true,"href":"http:\/\/imprimepopulaire.fr\/index.php?rest_route=%2Fwp%2Fv2%2Fcomments&post=559"}],"version-history":[{"count":2,"href":"http:\/\/imprimepopulaire.fr\/index.php?rest_route=\/wp\/v2\/pages\/559\/revisions"}],"predecessor-version":[{"id":1169,"href":"http:\/\/imprimepopulaire.fr\/index.php?rest_route=\/wp\/v2\/pages\/559\/revisions\/1169"}],"wp:featuredmedia":[{"embeddable":true,"href":"http:\/\/imprimepopulaire.fr\/index.php?rest_route=\/wp\/v2\/media\/1012"}],"wp:attachment":[{"href":"http:\/\/imprimepopulaire.fr\/index.php?rest_route=%2Fwp%2Fv2%2Fmedia&parent=559"}],"curies":[{"name":"wp","href":"https:\/\/api.w.org\/{rel}","templated":true}]}}