{"id":568,"date":"2018-10-15T19:33:03","date_gmt":"2018-10-15T18:33:03","guid":{"rendered":"https:\/\/imprimepopulaire.wordpress.com\/?page_id=568"},"modified":"2024-07-11T16:19:13","modified_gmt":"2024-07-11T14:19:13","slug":"petites-histoires","status":"publish","type":"page","link":"http:\/\/imprimepopulaire.fr\/?page_id=568","title":{"rendered":"PETITES HISTOIRES"},"content":{"rendered":"<p>En tant que fanzineux, c&rsquo;est-\u00e0-dire faiseurs de fanzines, nous pensons qu&rsquo;au-del\u00e0 de sa d\u00e9finition litt\u00e9rale de magazine de fan, le fanzine n&rsquo;est pas la reproduction \u00e0 l&rsquo;\u00e9chelle amateur du march\u00e9 \u00e9ditorial. Par essence, il nous semble \u00eatre une alternative \u00e0 ces pratiques culturelles commerciales.<br \/>\nAvec le d\u00e9veloppement, au XX\u00e8me si\u00e8cle, du commerce et de l&rsquo;administration des entreprises, de nombreux outils pour des petites impressions ont \u00e9t\u00e9 d\u00e9velopp\u00e9s. Profitant des pauses d\u00e9jeuner et de la complaisance de certains chefs, certaines personnes en ont profit\u00e9 pour imprimer, pour leur propre compte, ce qui leur tenait \u00e0 c\u0153ur. De ces interstices du syst\u00e8me ont jailli des voix que l&rsquo;on n&rsquo;entendait pas, une expression populaire, des imprim\u00e9s populaires.Dans les pages suivantes, nous pr\u00e9senterons le principe de quelques-uns de ces outils: Mim\u00e9ographe, duplicateur<br \/>\n\u00e0 alcool, presse Freinet, photocopieur.<br \/>\nMais cela serait une erreur de croire que ces imprim\u00e9s populaires ont attendu le d\u00e9veloppement et la prolif\u00e9ration de ces outils de petites impressions. En effet, d\u00e8s la naissance de l&rsquo;imprimerie, ces voix ill\u00e9gitimes ont cherch\u00e9 et trouv\u00e9 des failles pour<br \/>\npouvoir s&rsquo;exprimer. C&rsquo;est ce que nous essaierons de pr\u00e9senter au travers de 4 exemples int\u00e9ressants pour leurs profondes diff\u00e9rences&nbsp;:<br \/>\nles placards, les imagiers populaires, T\u00f6pffer, les journaux de<br \/>\ntranch\u00e9es.<\/p>\n","protected":false},"excerpt":{"rendered":"<p>En tant que fanzineux, c&rsquo;est-\u00e0-dire faiseurs de fanzines, nous pensons qu&rsquo;au-del\u00e0 de sa d\u00e9finition litt\u00e9rale de magazine de fan, le fanzine n&rsquo;est pas la reproduction \u00e0 l&rsquo;\u00e9chelle amateur du march\u00e9 \u00e9ditorial. Par essence, il nous semble \u00eatre une alternative \u00e0 ces pratiques culturelles commerciales. Avec le d\u00e9veloppement, au XX\u00e8me si\u00e8cle, du commerce et de l&rsquo;administration &hellip; <a href=\"http:\/\/imprimepopulaire.fr\/?page_id=568\" class=\"more-link\">Continue reading <span class=\"screen-reader-text\">PETITES HISTOIRES<\/span> <span class=\"meta-nav\">&rarr;<\/span><\/a><\/p>\n","protected":false},"author":1,"featured_media":1004,"parent":0,"menu_order":1,"comment_status":"closed","ping_status":"closed","template":"","meta":{"footnotes":""},"class_list":["post-568","page","type-page","status-publish","has-post-thumbnail","hentry"],"yoast_head":"<!-- This site is optimized with the Yoast SEO plugin v26.0 - https:\/\/yoast.com\/wordpress\/plugins\/seo\/ -->\n<title>PETITES HISTOIRES - Les amis de l&#039;Imprim\u00e9 Populaire<\/title>\n<meta name=\"robots\" content=\"index, follow, max-snippet:-1, max-image-preview:large, max-video-preview:-1\" \/>\n<link rel=\"canonical\" href=\"https:\/\/imprimepopulaire.fr\/?page_id=568\" \/>\n<meta property=\"og:locale\" content=\"fr_FR\" \/>\n<meta property=\"og:type\" content=\"article\" \/>\n<meta property=\"og:title\" content=\"PETITES HISTOIRES - Les amis de l&#039;Imprim\u00e9 Populaire\" \/>\n<meta property=\"og:description\" content=\"En tant que fanzineux, c&rsquo;est-\u00e0-dire faiseurs de fanzines, nous pensons qu&rsquo;au-del\u00e0 de sa d\u00e9finition litt\u00e9rale de magazine de fan, le fanzine n&rsquo;est pas la reproduction \u00e0 l&rsquo;\u00e9chelle amateur du march\u00e9 \u00e9ditorial. Par essence, il nous semble \u00eatre une alternative \u00e0 ces pratiques culturelles commerciales. Avec le d\u00e9veloppement, au XX\u00e8me si\u00e8cle, du commerce et de l&rsquo;administration &hellip; Continue reading PETITES HISTOIRES &rarr;\" \/>\n<meta property=\"og:url\" content=\"https:\/\/imprimepopulaire.fr\/?page_id=568\" \/>\n<meta property=\"og:site_name\" content=\"Les amis de l&#039;Imprim\u00e9 Populaire\" \/>\n<meta property=\"article:modified_time\" content=\"2024-07-11T14:19:13+00:00\" \/>\n<meta property=\"og:image\" content=\"https:\/\/imprimepopulaire.fr\/wp-content\/uploads\/2019\/12\/fanzine_market_gris-1.png\" \/>\n\t<meta property=\"og:image:width\" content=\"2000\" \/>\n\t<meta property=\"og:image:height\" content=\"1200\" \/>\n\t<meta property=\"og:image:type\" content=\"image\/png\" \/>\n<meta name=\"twitter:card\" content=\"summary_large_image\" \/>\n<meta name=\"twitter:label1\" content=\"Dur\u00e9e de lecture estim\u00e9e\" \/>\n\t<meta name=\"twitter:data1\" content=\"1 minute\" \/>\n<script type=\"application\/ld+json\" class=\"yoast-schema-graph\">{\"@context\":\"https:\/\/schema.org\",\"@graph\":[{\"@type\":\"WebPage\",\"@id\":\"https:\/\/imprimepopulaire.fr\/?page_id=568\",\"url\":\"https:\/\/imprimepopulaire.fr\/?page_id=568\",\"name\":\"PETITES HISTOIRES - Les amis de l&#039;Imprim\u00e9 Populaire\",\"isPartOf\":{\"@id\":\"https:\/\/imprimepopulaire.fr\/#website\"},\"primaryImageOfPage\":{\"@id\":\"https:\/\/imprimepopulaire.fr\/?page_id=568#primaryimage\"},\"image\":{\"@id\":\"https:\/\/imprimepopulaire.fr\/?page_id=568#primaryimage\"},\"thumbnailUrl\":\"http:\/\/imprimepopulaire.fr\/wp-content\/uploads\/2019\/12\/fanzine_market_gris-1.png\",\"datePublished\":\"2018-10-15T18:33:03+00:00\",\"dateModified\":\"2024-07-11T14:19:13+00:00\",\"breadcrumb\":{\"@id\":\"https:\/\/imprimepopulaire.fr\/?page_id=568#breadcrumb\"},\"inLanguage\":\"fr-FR\",\"potentialAction\":[{\"@type\":\"ReadAction\",\"target\":[\"https:\/\/imprimepopulaire.fr\/?page_id=568\"]}]},{\"@type\":\"ImageObject\",\"inLanguage\":\"fr-FR\",\"@id\":\"https:\/\/imprimepopulaire.fr\/?page_id=568#primaryimage\",\"url\":\"http:\/\/imprimepopulaire.fr\/wp-content\/uploads\/2019\/12\/fanzine_market_gris-1.png\",\"contentUrl\":\"http:\/\/imprimepopulaire.fr\/wp-content\/uploads\/2019\/12\/fanzine_market_gris-1.png\",\"width\":2000,\"height\":1200},{\"@type\":\"BreadcrumbList\",\"@id\":\"https:\/\/imprimepopulaire.fr\/?page_id=568#breadcrumb\",\"itemListElement\":[{\"@type\":\"ListItem\",\"position\":1,\"name\":\"Accueil\",\"item\":\"https:\/\/imprimepopulaire.fr\/\"},{\"@type\":\"ListItem\",\"position\":2,\"name\":\"PETITES HISTOIRES\"}]},{\"@type\":\"WebSite\",\"@id\":\"https:\/\/imprimepopulaire.fr\/#website\",\"url\":\"https:\/\/imprimepopulaire.fr\/\",\"name\":\"Les amis de l&#039;Imprim\u00e9 Populaire\",\"description\":\"\",\"publisher\":{\"@id\":\"https:\/\/imprimepopulaire.fr\/#organization\"},\"potentialAction\":[{\"@type\":\"SearchAction\",\"target\":{\"@type\":\"EntryPoint\",\"urlTemplate\":\"https:\/\/imprimepopulaire.fr\/?s={search_term_string}\"},\"query-input\":{\"@type\":\"PropertyValueSpecification\",\"valueRequired\":true,\"valueName\":\"search_term_string\"}}],\"inLanguage\":\"fr-FR\"},{\"@type\":\"Organization\",\"@id\":\"https:\/\/imprimepopulaire.fr\/#organization\",\"name\":\"Les amis de l&#039;Imprim\u00e9 Populaire\",\"url\":\"https:\/\/imprimepopulaire.fr\/\",\"logo\":{\"@type\":\"ImageObject\",\"inLanguage\":\"fr-FR\",\"@id\":\"https:\/\/imprimepopulaire.fr\/#\/schema\/logo\/image\/\",\"url\":\"http:\/\/imprimepopulaire.fr\/wp-content\/uploads\/2019\/12\/cropped-logo4_av_slogan-1.png\",\"contentUrl\":\"http:\/\/imprimepopulaire.fr\/wp-content\/uploads\/2019\/12\/cropped-logo4_av_slogan-1.png\",\"width\":1008,\"height\":400,\"caption\":\"Les amis de l&#039;Imprim\u00e9 Populaire\"},\"image\":{\"@id\":\"https:\/\/imprimepopulaire.fr\/#\/schema\/logo\/image\/\"}}]}<\/script>\n<!-- \/ Yoast SEO plugin. -->","yoast_head_json":{"title":"PETITES HISTOIRES - Les amis de l&#039;Imprim\u00e9 Populaire","robots":{"index":"index","follow":"follow","max-snippet":"max-snippet:-1","max-image-preview":"max-image-preview:large","max-video-preview":"max-video-preview:-1"},"canonical":"https:\/\/imprimepopulaire.fr\/?page_id=568","og_locale":"fr_FR","og_type":"article","og_title":"PETITES HISTOIRES - Les amis de l&#039;Imprim\u00e9 Populaire","og_description":"En tant que fanzineux, c&rsquo;est-\u00e0-dire faiseurs de fanzines, nous pensons qu&rsquo;au-del\u00e0 de sa d\u00e9finition litt\u00e9rale de magazine de fan, le fanzine n&rsquo;est pas la reproduction \u00e0 l&rsquo;\u00e9chelle amateur du march\u00e9 \u00e9ditorial. Par essence, il nous semble \u00eatre une alternative \u00e0 ces pratiques culturelles commerciales. Avec le d\u00e9veloppement, au XX\u00e8me si\u00e8cle, du commerce et de l&rsquo;administration &hellip; Continue reading PETITES HISTOIRES &rarr;","og_url":"https:\/\/imprimepopulaire.fr\/?page_id=568","og_site_name":"Les amis de l&#039;Imprim\u00e9 Populaire","article_modified_time":"2024-07-11T14:19:13+00:00","og_image":[{"width":2000,"height":1200,"url":"https:\/\/imprimepopulaire.fr\/wp-content\/uploads\/2019\/12\/fanzine_market_gris-1.png","type":"image\/png"}],"twitter_card":"summary_large_image","twitter_misc":{"Dur\u00e9e de lecture estim\u00e9e":"1 minute"},"schema":{"@context":"https:\/\/schema.org","@graph":[{"@type":"WebPage","@id":"https:\/\/imprimepopulaire.fr\/?page_id=568","url":"https:\/\/imprimepopulaire.fr\/?page_id=568","name":"PETITES HISTOIRES - Les amis de l&#039;Imprim\u00e9 Populaire","isPartOf":{"@id":"https:\/\/imprimepopulaire.fr\/#website"},"primaryImageOfPage":{"@id":"https:\/\/imprimepopulaire.fr\/?page_id=568#primaryimage"},"image":{"@id":"https:\/\/imprimepopulaire.fr\/?page_id=568#primaryimage"},"thumbnailUrl":"http:\/\/imprimepopulaire.fr\/wp-content\/uploads\/2019\/12\/fanzine_market_gris-1.png","datePublished":"2018-10-15T18:33:03+00:00","dateModified":"2024-07-11T14:19:13+00:00","breadcrumb":{"@id":"https:\/\/imprimepopulaire.fr\/?page_id=568#breadcrumb"},"inLanguage":"fr-FR","potentialAction":[{"@type":"ReadAction","target":["https:\/\/imprimepopulaire.fr\/?page_id=568"]}]},{"@type":"ImageObject","inLanguage":"fr-FR","@id":"https:\/\/imprimepopulaire.fr\/?page_id=568#primaryimage","url":"http:\/\/imprimepopulaire.fr\/wp-content\/uploads\/2019\/12\/fanzine_market_gris-1.png","contentUrl":"http:\/\/imprimepopulaire.fr\/wp-content\/uploads\/2019\/12\/fanzine_market_gris-1.png","width":2000,"height":1200},{"@type":"BreadcrumbList","@id":"https:\/\/imprimepopulaire.fr\/?page_id=568#breadcrumb","itemListElement":[{"@type":"ListItem","position":1,"name":"Accueil","item":"https:\/\/imprimepopulaire.fr\/"},{"@type":"ListItem","position":2,"name":"PETITES HISTOIRES"}]},{"@type":"WebSite","@id":"https:\/\/imprimepopulaire.fr\/#website","url":"https:\/\/imprimepopulaire.fr\/","name":"Les amis de l&#039;Imprim\u00e9 Populaire","description":"","publisher":{"@id":"https:\/\/imprimepopulaire.fr\/#organization"},"potentialAction":[{"@type":"SearchAction","target":{"@type":"EntryPoint","urlTemplate":"https:\/\/imprimepopulaire.fr\/?s={search_term_string}"},"query-input":{"@type":"PropertyValueSpecification","valueRequired":true,"valueName":"search_term_string"}}],"inLanguage":"fr-FR"},{"@type":"Organization","@id":"https:\/\/imprimepopulaire.fr\/#organization","name":"Les amis de l&#039;Imprim\u00e9 Populaire","url":"https:\/\/imprimepopulaire.fr\/","logo":{"@type":"ImageObject","inLanguage":"fr-FR","@id":"https:\/\/imprimepopulaire.fr\/#\/schema\/logo\/image\/","url":"http:\/\/imprimepopulaire.fr\/wp-content\/uploads\/2019\/12\/cropped-logo4_av_slogan-1.png","contentUrl":"http:\/\/imprimepopulaire.fr\/wp-content\/uploads\/2019\/12\/cropped-logo4_av_slogan-1.png","width":1008,"height":400,"caption":"Les amis de l&#039;Imprim\u00e9 Populaire"},"image":{"@id":"https:\/\/imprimepopulaire.fr\/#\/schema\/logo\/image\/"}}]}},"jetpack_sharing_enabled":true,"_links":{"self":[{"href":"http:\/\/imprimepopulaire.fr\/index.php?rest_route=\/wp\/v2\/pages\/568","targetHints":{"allow":["GET"]}}],"collection":[{"href":"http:\/\/imprimepopulaire.fr\/index.php?rest_route=\/wp\/v2\/pages"}],"about":[{"href":"http:\/\/imprimepopulaire.fr\/index.php?rest_route=\/wp\/v2\/types\/page"}],"author":[{"embeddable":true,"href":"http:\/\/imprimepopulaire.fr\/index.php?rest_route=\/wp\/v2\/users\/1"}],"replies":[{"embeddable":true,"href":"http:\/\/imprimepopulaire.fr\/index.php?rest_route=%2Fwp%2Fv2%2Fcomments&post=568"}],"version-history":[{"count":1,"href":"http:\/\/imprimepopulaire.fr\/index.php?rest_route=\/wp\/v2\/pages\/568\/revisions"}],"predecessor-version":[{"id":1089,"href":"http:\/\/imprimepopulaire.fr\/index.php?rest_route=\/wp\/v2\/pages\/568\/revisions\/1089"}],"wp:featuredmedia":[{"embeddable":true,"href":"http:\/\/imprimepopulaire.fr\/index.php?rest_route=\/wp\/v2\/media\/1004"}],"wp:attachment":[{"href":"http:\/\/imprimepopulaire.fr\/index.php?rest_route=%2Fwp%2Fv2%2Fmedia&parent=568"}],"curies":[{"name":"wp","href":"https:\/\/api.w.org\/{rel}","templated":true}]}}