{"id":590,"date":"2018-10-23T21:34:20","date_gmt":"2018-10-23T20:34:20","guid":{"rendered":"https:\/\/imprimepopulaire.wordpress.com\/?page_id=590"},"modified":"2024-07-11T16:19:15","modified_gmt":"2024-07-11T14:19:15","slug":"quelques-dates","status":"publish","type":"page","link":"http:\/\/imprimepopulaire.fr\/?page_id=590","title":{"rendered":"Quelques dates"},"content":{"rendered":"<p><strong>environ -25000 av JC<\/strong>\u00a0: mains pochoir et tampon dans l&rsquo;art rupestre<br \/>\n<strong>XII\u00e8me si\u00e8cle\u00a0:<\/strong> Le papier invention chinoise du III\u00e8me si\u00e8cle arrive en occident<br \/>\n<strong>1370\u00a0:<\/strong> 1er bois d&rsquo;impression retrouv\u00e9 en Europe (bois dit de Protat)<br \/>\n<strong>1370-1380 :<\/strong> Premi\u00e8res cartes \u00e0 jouer en europe. Elles seront une production importante<br \/>\net largement diffus\u00e9e d&rsquo;imprim\u00e9s. La majorit\u00e9 des imagiers populaires tel<br \/>\nPellerin \u00e0 Epinal sont issus des cartiers (les fabricants de cartes)<br \/>\n<strong>1423\u00a0:<\/strong> plus vieille estampe europ\u00e9enne dat\u00e9e. Elle repr\u00e9sente un Saint Christophe<br \/>\nutilis\u00e9 pour se prot\u00e9ger (entre autres pendant la grande peste qui ravagea l&rsquo;Europe)<br \/>\n<strong>1454\u00a0:<\/strong> Premier livre imprim\u00e9 par Gutenberg (la bible de 42 lignes)<br \/>\n<strong>1492\u00a0:<\/strong> la m\u00e9t\u00e9orite de Ensisheim inspire un tract illustr\u00e9 de S. Brant sous forme de<br \/>\nplacard<br \/>\n<strong>1500-1550\u00a0:<\/strong> Anvers est le plus important centre d&rsquo;imprimerie des Pays-Bas, gr\u00e2ce<br \/>\nnotamment \u00e0 l&rsquo;impression clandestine de livres religieux inspir\u00e9s de Luther<br \/>\n<strong>1534\u00a0:<\/strong> Affaire des placards<br \/>\n<strong>1537\u00a0:<\/strong> Fran\u00e7ois 1er instaure \u00ab\u00a0le d\u00e9p\u00f4t l\u00e9gal\u00a0\u00bb et prescrit l&rsquo;usage de marques<br \/>\ntypographiques permettant de distinguer les imprimeurs<br \/>\n<strong>1539\u00a0:<\/strong> \u00ab\u00a0le grand tric\u00a0\u00bb premi\u00e8re grande gr\u00e8ve des imprimeurs \u00e0 Lyon. L&rsquo;imprimerie<br \/>\nse d\u00e9veloppe et les conditions de travail sont difficiles. Les ouvriers,<br \/>\nmaitres ouvriers, et maitres travail travaillent de 2heures du matin \u00e0 20h ou 21h&#8230;<br \/>\n<strong>1563-1571\u00a0:<\/strong> cr\u00e9ation de l&rsquo;index (qui d\u00e9finit les livres dont la lecture est d\u00e9fendue par<br \/>\nl&rsquo;\u00e9glise catholique romaine)<br \/>\n<strong>XVI\u00e8me\u00a0:<\/strong> les Graveurs &amp; imagiers de la rue Montorgueil \u00e0 Paris. La production d&rsquo;images<br \/>\nn&rsquo;est pas, contrairement \u00e0 l&rsquo;ecrit, soumise au contr\u00f4le royal. Elle n&rsquo;est pas non<br \/>\nplus organis\u00e9e en corporation. Il est donc facile d&rsquo;en exercer la profession.<br \/>\n<strong>1648-1653\u00a0:<\/strong> La fronde et ses Mazarinades (publication sous forme de livret ou de feuilles<br \/>\nvolantes majoritairement contre le Cardinal. On en a d\u00e9nombr\u00e9 environ 5000)<br \/>\n<strong>XVII\u00e8me\u00a0:<\/strong> Les livres de la biblioth\u00e8que bleue sont diffus\u00e9s dans toute la France<br \/>\n(y compris dans les campagnes) par des colporteurs pour un prix modique.<br \/>\n<strong>1704\u00a0:<\/strong> un \u00e9dit limite le nombre d&rsquo;imprimeurs par ville afin de r\u00e9duire le ch\u00f4mage, et donc<br \/>\nles tentations pour les imprimeurs de produire des contrefa\u00e7ons ou des textes<br \/>\ninterdits.<br \/>\n<strong>1728-1803 :<\/strong>\u00a0\u00ab\u00a0les nouvelles eccl\u00e9siastiques\u00a0\u00bb journal hebdomadaire jans\u00e9niste clandestin<br \/>\n<strong>XVIII\u00e8me si\u00e8cle\u00a0:<\/strong> Plus de la moiti\u00e9 des textes lus en France \u00e9taient imprim\u00e9s hors de<br \/>\nFrance afin de pouvoir \u00e9chapper aux privil\u00e8ges du roi de France.<br \/>\n<strong>1777\u00a0:<\/strong> le statut d&rsquo;auteur commence \u00e0 prendre de l&rsquo;importance face au libraire-imprimeur<br \/>\nqui r\u00e9gnait jusqu&rsquo;alors.<br \/>\n<strong>1788\u00a0:<\/strong> M. Malesherbes, directeur de la Librairie, estime \u00e0 une centaine le nombre de<br \/>\npresses portatives \u00e0 Paris (c&rsquo;est-\u00e0-dire des presses qu&rsquo;on peut enfermer dans<br \/>\nune armoire, avec lesquelles chaque particulier peut imprimer lui-m\u00eame et<br \/>\nsans bruit)<br \/>\n<strong>1789-1792\u00a0:<\/strong> libert\u00e9 de la presse-&gt; explosion du nombre de journaux r\u00e9volutionnaires.<br \/>\n<strong>1796-1798\u00a0:<\/strong> invention de la lithographie par le bavarois Senefelder. La lithographie<br \/>\ndonnera naissance \u00e0 l&rsquo;Offset (vers 1900)<br \/>\n<strong>1799\u00a0:<\/strong> invention du papier en continu\u00a0: La fabrication du papier n&rsquo;est plus r\u00e9alis\u00e9e \u00e0 la<br \/>\nfeuille, mais en continu, produisant ainsi des bobines de papier. Associ\u00e9 \u00e0<br \/>\nl&rsquo;utilisation du bois (1835\/40) pour la p\u00e2te \u00e0 papier et aux presses rotatives (vers<br \/>\n1868) cela va permettre le d\u00e9veloppement des tr\u00e8s gros tirages.<br \/>\n<strong>1802\u00a0:<\/strong> complot des libelles, conspiration organis\u00e9e \u00e0 Rennes contre Napol\u00e9on. Via la<br \/>\ndiffusion de libelles et de pamphlets aux soldats.<br \/>\n<strong>1820\u00a0:<\/strong> l&rsquo;impression d&rsquo;images est d\u00e9sormais soumise \u00e0 autorisation pr\u00e9alable<br \/>\n<strong>1827-1846\u00a0:<\/strong> T\u00f6pffer r\u00e9alise ses histoires en estampes<br \/>\n<strong>1881\u00a0:<\/strong> la loi du 29 juillet re-instaure la libert\u00e9 de la presse (en conformit\u00e9 avec<br \/>\nla d\u00e9claration des droits de l&rsquo;homme et du citoyen)<br \/>\n<strong>1886\u00a0:<\/strong> premier brevet am\u00e9ricain concernant le mim\u00e9ographe<br \/>\n<strong>1918\u00a0:<\/strong> Manifeste Dada\u00a0: l&rsquo;art n&rsquo;est plus l&rsquo;apanage des classes ais\u00e9es, l&rsquo;art est dans<br \/>\nla rue.<br \/>\n<strong>ann\u00e9es 1920\u00a0:<\/strong> commercialisation de presses de bureau offset (Rotaprint,<br \/>\nAddressograph-Multigraph)<br \/>\n<strong>1930\u00a0:<\/strong> The Comet premier Fanzine (le terme appara\u00eet lui en 1940)<br \/>\n<strong>1938\u00a0:<\/strong> invention de la photocopieuse par Chester Carlson<br \/>\n<strong>Mai 1968\u00a0:<\/strong> une affiche\u00a0:\u00a0\u00ab\u00a0Toute la presse est toxique, lisez les tracts, les affiches,<br \/>\nle journal mural\u00a0\u00bb<br \/>\n<strong>Mai 1968\u00a0:<\/strong> L&rsquo;\u00e9cole des beaux Arts devient pour partie l&rsquo;ATELIER POPULAIRE qui dessine<br \/>\net imprime en s\u00e9rigraphie les affiches \u00ab\u00a0command\u00e9es\u00a0\u00bb par les collectifs en lutte.<br \/>\n<strong>1976\u00a0:<\/strong> Sniffin&rsquo;glue pionnier anglais des fanzines Punk dont le tirage montera \u00e0 15000ex\u00a0!<\/p>\n","protected":false},"excerpt":{"rendered":"<p>environ -25000 av JC\u00a0: mains pochoir et tampon dans l&rsquo;art rupestre XII\u00e8me si\u00e8cle\u00a0: Le papier invention chinoise du III\u00e8me si\u00e8cle arrive en occident 1370\u00a0: 1er bois d&rsquo;impression retrouv\u00e9 en Europe (bois dit de Protat) 1370-1380 : Premi\u00e8res cartes \u00e0 jouer en europe. Elles seront une production importante et largement diffus\u00e9e d&rsquo;imprim\u00e9s. La majorit\u00e9 des imagiers &hellip; <a href=\"http:\/\/imprimepopulaire.fr\/?page_id=590\" class=\"more-link\">Continue reading <span class=\"screen-reader-text\">Quelques dates<\/span> <span class=\"meta-nav\">&rarr;<\/span><\/a><\/p>\n","protected":false},"author":1,"featured_media":0,"parent":568,"menu_order":5,"comment_status":"closed","ping_status":"closed","template":"","meta":{"footnotes":""},"class_list":["post-590","page","type-page","status-publish","hentry"],"yoast_head":"<!-- This site is optimized with the Yoast SEO plugin v26.0 - https:\/\/yoast.com\/wordpress\/plugins\/seo\/ -->\n<title>Quelques dates - Les amis de l&#039;Imprim\u00e9 Populaire<\/title>\n<meta name=\"robots\" content=\"index, follow, max-snippet:-1, max-image-preview:large, max-video-preview:-1\" \/>\n<link rel=\"canonical\" href=\"http:\/\/imprimepopulaire.fr\/?page_id=590\" \/>\n<meta property=\"og:locale\" content=\"fr_FR\" \/>\n<meta property=\"og:type\" content=\"article\" \/>\n<meta property=\"og:title\" content=\"Quelques dates - Les amis de l&#039;Imprim\u00e9 Populaire\" \/>\n<meta property=\"og:description\" content=\"environ -25000 av JC\u00a0: mains pochoir et tampon dans l&rsquo;art rupestre XII\u00e8me si\u00e8cle\u00a0: Le papier invention chinoise du III\u00e8me si\u00e8cle arrive en occident 1370\u00a0: 1er bois d&rsquo;impression retrouv\u00e9 en Europe (bois dit de Protat) 1370-1380 : Premi\u00e8res cartes \u00e0 jouer en europe. Elles seront une production importante et largement diffus\u00e9e d&rsquo;imprim\u00e9s. La majorit\u00e9 des imagiers &hellip; Continue reading Quelques dates &rarr;\" \/>\n<meta property=\"og:url\" content=\"http:\/\/imprimepopulaire.fr\/?page_id=590\" \/>\n<meta property=\"og:site_name\" content=\"Les amis de l&#039;Imprim\u00e9 Populaire\" \/>\n<meta property=\"article:modified_time\" content=\"2024-07-11T14:19:15+00:00\" \/>\n<meta name=\"twitter:card\" content=\"summary_large_image\" \/>\n<meta name=\"twitter:label1\" content=\"Dur\u00e9e de lecture estim\u00e9e\" \/>\n\t<meta name=\"twitter:data1\" content=\"3 minutes\" \/>\n<script type=\"application\/ld+json\" class=\"yoast-schema-graph\">{\"@context\":\"https:\/\/schema.org\",\"@graph\":[{\"@type\":\"WebPage\",\"@id\":\"http:\/\/imprimepopulaire.fr\/?page_id=590\",\"url\":\"http:\/\/imprimepopulaire.fr\/?page_id=590\",\"name\":\"Quelques dates - Les amis de l&#039;Imprim\u00e9 Populaire\",\"isPartOf\":{\"@id\":\"https:\/\/imprimepopulaire.fr\/#website\"},\"datePublished\":\"2018-10-23T20:34:20+00:00\",\"dateModified\":\"2024-07-11T14:19:15+00:00\",\"breadcrumb\":{\"@id\":\"http:\/\/imprimepopulaire.fr\/?page_id=590#breadcrumb\"},\"inLanguage\":\"fr-FR\",\"potentialAction\":[{\"@type\":\"ReadAction\",\"target\":[\"http:\/\/imprimepopulaire.fr\/?page_id=590\"]}]},{\"@type\":\"BreadcrumbList\",\"@id\":\"http:\/\/imprimepopulaire.fr\/?page_id=590#breadcrumb\",\"itemListElement\":[{\"@type\":\"ListItem\",\"position\":1,\"name\":\"Accueil\",\"item\":\"https:\/\/imprimepopulaire.fr\/\"},{\"@type\":\"ListItem\",\"position\":2,\"name\":\"PETITES HISTOIRES\",\"item\":\"https:\/\/imprimepopulaire.fr\/?page_id=568\"},{\"@type\":\"ListItem\",\"position\":3,\"name\":\"Quelques dates\"}]},{\"@type\":\"WebSite\",\"@id\":\"https:\/\/imprimepopulaire.fr\/#website\",\"url\":\"https:\/\/imprimepopulaire.fr\/\",\"name\":\"Les amis de l&#039;Imprim\u00e9 Populaire\",\"description\":\"\",\"publisher\":{\"@id\":\"https:\/\/imprimepopulaire.fr\/#organization\"},\"potentialAction\":[{\"@type\":\"SearchAction\",\"target\":{\"@type\":\"EntryPoint\",\"urlTemplate\":\"https:\/\/imprimepopulaire.fr\/?s={search_term_string}\"},\"query-input\":{\"@type\":\"PropertyValueSpecification\",\"valueRequired\":true,\"valueName\":\"search_term_string\"}}],\"inLanguage\":\"fr-FR\"},{\"@type\":\"Organization\",\"@id\":\"https:\/\/imprimepopulaire.fr\/#organization\",\"name\":\"Les amis de l&#039;Imprim\u00e9 Populaire\",\"url\":\"https:\/\/imprimepopulaire.fr\/\",\"logo\":{\"@type\":\"ImageObject\",\"inLanguage\":\"fr-FR\",\"@id\":\"https:\/\/imprimepopulaire.fr\/#\/schema\/logo\/image\/\",\"url\":\"http:\/\/imprimepopulaire.fr\/wp-content\/uploads\/2019\/12\/cropped-logo4_av_slogan-1.png\",\"contentUrl\":\"http:\/\/imprimepopulaire.fr\/wp-content\/uploads\/2019\/12\/cropped-logo4_av_slogan-1.png\",\"width\":1008,\"height\":400,\"caption\":\"Les amis de l&#039;Imprim\u00e9 Populaire\"},\"image\":{\"@id\":\"https:\/\/imprimepopulaire.fr\/#\/schema\/logo\/image\/\"}}]}<\/script>\n<!-- \/ Yoast SEO plugin. -->","yoast_head_json":{"title":"Quelques dates - Les amis de l&#039;Imprim\u00e9 Populaire","robots":{"index":"index","follow":"follow","max-snippet":"max-snippet:-1","max-image-preview":"max-image-preview:large","max-video-preview":"max-video-preview:-1"},"canonical":"http:\/\/imprimepopulaire.fr\/?page_id=590","og_locale":"fr_FR","og_type":"article","og_title":"Quelques dates - Les amis de l&#039;Imprim\u00e9 Populaire","og_description":"environ -25000 av JC\u00a0: mains pochoir et tampon dans l&rsquo;art rupestre XII\u00e8me si\u00e8cle\u00a0: Le papier invention chinoise du III\u00e8me si\u00e8cle arrive en occident 1370\u00a0: 1er bois d&rsquo;impression retrouv\u00e9 en Europe (bois dit de Protat) 1370-1380 : Premi\u00e8res cartes \u00e0 jouer en europe. Elles seront une production importante et largement diffus\u00e9e d&rsquo;imprim\u00e9s. La majorit\u00e9 des imagiers &hellip; Continue reading Quelques dates &rarr;","og_url":"http:\/\/imprimepopulaire.fr\/?page_id=590","og_site_name":"Les amis de l&#039;Imprim\u00e9 Populaire","article_modified_time":"2024-07-11T14:19:15+00:00","twitter_card":"summary_large_image","twitter_misc":{"Dur\u00e9e de lecture estim\u00e9e":"3 minutes"},"schema":{"@context":"https:\/\/schema.org","@graph":[{"@type":"WebPage","@id":"http:\/\/imprimepopulaire.fr\/?page_id=590","url":"http:\/\/imprimepopulaire.fr\/?page_id=590","name":"Quelques dates - Les amis de l&#039;Imprim\u00e9 Populaire","isPartOf":{"@id":"https:\/\/imprimepopulaire.fr\/#website"},"datePublished":"2018-10-23T20:34:20+00:00","dateModified":"2024-07-11T14:19:15+00:00","breadcrumb":{"@id":"http:\/\/imprimepopulaire.fr\/?page_id=590#breadcrumb"},"inLanguage":"fr-FR","potentialAction":[{"@type":"ReadAction","target":["http:\/\/imprimepopulaire.fr\/?page_id=590"]}]},{"@type":"BreadcrumbList","@id":"http:\/\/imprimepopulaire.fr\/?page_id=590#breadcrumb","itemListElement":[{"@type":"ListItem","position":1,"name":"Accueil","item":"https:\/\/imprimepopulaire.fr\/"},{"@type":"ListItem","position":2,"name":"PETITES HISTOIRES","item":"https:\/\/imprimepopulaire.fr\/?page_id=568"},{"@type":"ListItem","position":3,"name":"Quelques dates"}]},{"@type":"WebSite","@id":"https:\/\/imprimepopulaire.fr\/#website","url":"https:\/\/imprimepopulaire.fr\/","name":"Les amis de l&#039;Imprim\u00e9 Populaire","description":"","publisher":{"@id":"https:\/\/imprimepopulaire.fr\/#organization"},"potentialAction":[{"@type":"SearchAction","target":{"@type":"EntryPoint","urlTemplate":"https:\/\/imprimepopulaire.fr\/?s={search_term_string}"},"query-input":{"@type":"PropertyValueSpecification","valueRequired":true,"valueName":"search_term_string"}}],"inLanguage":"fr-FR"},{"@type":"Organization","@id":"https:\/\/imprimepopulaire.fr\/#organization","name":"Les amis de l&#039;Imprim\u00e9 Populaire","url":"https:\/\/imprimepopulaire.fr\/","logo":{"@type":"ImageObject","inLanguage":"fr-FR","@id":"https:\/\/imprimepopulaire.fr\/#\/schema\/logo\/image\/","url":"http:\/\/imprimepopulaire.fr\/wp-content\/uploads\/2019\/12\/cropped-logo4_av_slogan-1.png","contentUrl":"http:\/\/imprimepopulaire.fr\/wp-content\/uploads\/2019\/12\/cropped-logo4_av_slogan-1.png","width":1008,"height":400,"caption":"Les amis de l&#039;Imprim\u00e9 Populaire"},"image":{"@id":"https:\/\/imprimepopulaire.fr\/#\/schema\/logo\/image\/"}}]}},"jetpack_sharing_enabled":true,"_links":{"self":[{"href":"http:\/\/imprimepopulaire.fr\/index.php?rest_route=\/wp\/v2\/pages\/590","targetHints":{"allow":["GET"]}}],"collection":[{"href":"http:\/\/imprimepopulaire.fr\/index.php?rest_route=\/wp\/v2\/pages"}],"about":[{"href":"http:\/\/imprimepopulaire.fr\/index.php?rest_route=\/wp\/v2\/types\/page"}],"author":[{"embeddable":true,"href":"http:\/\/imprimepopulaire.fr\/index.php?rest_route=\/wp\/v2\/users\/1"}],"replies":[{"embeddable":true,"href":"http:\/\/imprimepopulaire.fr\/index.php?rest_route=%2Fwp%2Fv2%2Fcomments&post=590"}],"version-history":[{"count":1,"href":"http:\/\/imprimepopulaire.fr\/index.php?rest_route=\/wp\/v2\/pages\/590\/revisions"}],"predecessor-version":[{"id":1349,"href":"http:\/\/imprimepopulaire.fr\/index.php?rest_route=\/wp\/v2\/pages\/590\/revisions\/1349"}],"up":[{"embeddable":true,"href":"http:\/\/imprimepopulaire.fr\/index.php?rest_route=\/wp\/v2\/pages\/568"}],"wp:attachment":[{"href":"http:\/\/imprimepopulaire.fr\/index.php?rest_route=%2Fwp%2Fv2%2Fmedia&parent=590"}],"curies":[{"name":"wp","href":"https:\/\/api.w.org\/{rel}","templated":true}]}}