{"id":634,"date":"2018-11-03T15:52:48","date_gmt":"2018-11-03T14:52:48","guid":{"rendered":"https:\/\/imprimepopulaire.wordpress.com\/?page_id=634"},"modified":"2024-07-11T16:19:15","modified_gmt":"2024-07-11T14:19:15","slug":"ressources-bibliographie","status":"publish","type":"page","link":"http:\/\/imprimepopulaire.fr\/?page_id=634","title":{"rendered":"Ressources &#038; bibliographie"},"content":{"rendered":"<hr \/>\n<h2>HISTOIRE<\/h2>\n<hr \/>\n<h3>Avant Gutenberg &#8212;&#8212;&#8212;&#8212;&#8212;&#8212;&#8212;&#8212;&#8212;&#8212;&#8212;&#8212;&#8212;&#8212;&#8211;<\/h3>\n<p><strong>L&rsquo;imprimerie en Chine. Invention et transmission vers l&rsquo;Occident.<\/strong><br \/>\nThomas Francis Carter<br \/>\nImprimerie Nationale \u00c9ditions\/ mars 2011\/ ISBN 978-2-7427-9659-5<br \/>\n<small><span style=\"color:#ff0000;\">p174 : \u00ab\u00a0<em>Le ph\u00e9nom\u00e8ne &#8211;<\/em>une pratique d&rsquo;imprimerie religieuse musulmane datant d&rsquo;entre 900 et 1350 ap. JC-<em> n&rsquo;est pas tr\u00e8s diff\u00e9rent de celui que connut la Chine avant 953. L\u00e0, une imprimerie ignor\u00e9e, principalement religieuse, profond\u00e9ment enracin\u00e9e dans la population, se r\u00e9pandit dans presque toute la Chine et au Japon, la litt\u00e9rature n&rsquo;y faisant que rarement allusion. Mais, si cet art ne s&rsquo;\u00e9tait pas d\u00e9velopp\u00e9, plus tard, en Chine, cette imprimerie des d\u00e9buts aurait \u00e9t\u00e9 totalement oubli\u00e9e jusqu&rsquo;\u00e0 ce qu&rsquo;elle rev\u00eet le jour lors de fouilles dans le d\u00e9sert du Turkestan. Et, \u00e0 nouveau, l&rsquo;histoire s&rsquo;est r\u00e9p\u00e9t\u00e9e en Europe. Ces premi\u00e8res et grossi\u00e8res impressions d&rsquo;images, auxquelles on accorde maintenant la valeur et l&rsquo;importance des d\u00e9buts h\u00e9sitants de l&rsquo;\u00e9lan de l&rsquo;imprimerie, n&rsquo;auraient jamais \u00e9t\u00e9 connues si elles n&rsquo;avaient subi une \u00e9volution ult\u00e9rieure. Les premi\u00e8res impressions par planche de Tun-huang, d\u2019\u00c9gypte et de Nuremberg repr\u00e9sentent toutes l&rsquo;effort de l&rsquo;homme ordinaire pour tenir entre ses mains une bride de textes sacr\u00e9s ou une image sacr\u00e9e qu&rsquo;il pense investies d&rsquo;un pouvoir surnaturel, sans \u00eatre pour autant en mesure de l&rsquo;\u00e9crire ni de la peindre lui-m\u00eame ni de l&rsquo;acheter, \u00e0 moins qu&rsquo;elle n&rsquo;ait \u00e9t\u00e9 dupliqu\u00e9e pour lui par un proc\u00e9d\u00e9 moins laborieux. En Chine, en \u00c9gypte et en Europe, l&rsquo;imprimerie \u00e9tait la m\u00eame en ses d\u00e9buts.\u00a0\u00bb<\/em><\/span><\/small><\/p>\n<h3>Apr\u00e8s &#8212;&#8212;&#8212;&#8212;&#8212;&#8212;&#8212;&#8212;&#8212;&#8212;&#8212;&#8212;&#8212;&#8212;&#8212;&#8212;&#8212;<\/h3>\n<p><strong>Histoire de France \u00e0 travers les journaux du temps pass\u00e9. Le Faux grand si\u00e8cle 1604-1715<\/strong><br \/>\nAndr\u00e9 Rossel<br \/>\n\u00e0 l&rsquo;enseigne de l&rsquo;arbre verdoyant\/ 1982\/ ISBN 2-86718-000-7<\/p>\n<p><strong>Le diable dans un b\u00e9nitier<\/strong><br \/>\n<strong><small>L&rsquo;art de la calomnie en france 1650-1800<\/small><\/strong><br \/>\nRobert Darnton<br \/>\ntraduit de l&rsquo;anglais par Jean-Fran\u00e7ois Sen\u00e9<br \/>\nNRF essais Gallimard\/ 2010\/ ISBN 978-2-07-012220-2<br \/>\n<small><span style=\"color:#ff0000;\">Une belle plong\u00e9e dans le monde des plumitifs et des libelles d&rsquo;avant et d&rsquo;apr\u00e8s la r\u00e9volution.<\/span><\/small><\/p>\n<h3>Imagiers populaires &#8212;&#8212;&#8212;&#8212;&#8212;&#8212;&#8212;&#8212;&#8212;&#8212;&#8212;&#8212;&#8212;<\/h3>\n<p><strong>Les ma\u00eetres graveurs populaires 1800-1850<\/strong><br \/>\nJean-Marie Dumont<br \/>\nImagerie Pellerin\/ 1965<\/p>\n<p><strong>La vie et l&rsquo;oeuvre de Jean-Charles Pellerin 1756-1836<\/strong><br \/>\nJean-Marie Dumont<br \/>\nImagerie Pellerin\/ 1956<\/p>\n<p><strong>L&rsquo;imagerie populaire italienne<\/strong><br \/>\nPaolo Toschi<br \/>\nEditions des deux-mondes\/ 1965<\/p>\n<p><strong>La belle histoire des images d&rsquo;\u00c9pinal<\/strong><br \/>\nHenri George<br \/>\nLe cherche midi \u00e9diteur\/ 1996\/ ISBN 978-2-8627-4464-3<\/p>\n<p><strong>C&rsquo;est une \u00ab\u00a0image d&rsquo;\u00c9pinal\u00a0\u00bb<\/strong><br \/>\ncatalogue d&rsquo;exposition<br \/>\nLe mus\u00e9e de l&rsquo;image ville d&rsquo;\u00c9pinal\/ 2013\/ ISBN 978-2-9121-4019-7<\/p>\n<p><strong>Ni tout \u00e0 fait la m\u00eame Ni tout \u00e0 fait une autre. Ou des chefs-d\u2019\u0153uvre comme mod\u00e8les <\/strong><br \/>\ncatalogue d&rsquo;exposition<br \/>\nLe mus\u00e9e de l&rsquo;image ville d&rsquo;\u00c9pinal\/ 2013\/ ISBN 978-2-9121-4012-8<\/p>\n<p><strong>L&rsquo;imagerie populaire.<\/strong><br \/>\nJacques Marin Garnier<br \/>\nNanga\/ 1991\/ ISBN 2-909152-02-2<\/p>\n<p><strong>L&rsquo;imagerie populaire fran\u00e7aise tome I. gravures en taille-douce et taille d&rsquo;\u00e9pargne<\/strong><br \/>\nNicole Garnier<br \/>\n\u00c9ditions de la r\u00e9union des mus\u00e9es nationaux\/ 1990\/ ISBN 2-7118-2229-X<br \/>\n<small><span style=\"color:#ff0000;\">catalogue des images par r\u00e9gion hors region Est (donc hors \u00c9pinal)<\/span><\/small><\/p>\n<h3>XXi\u00e8me si\u00e8cle &#8212;&#8212;&#8212;&#8212;&#8212;&#8212;&#8212;&#8212;&#8212;&#8212;&#8212;&#8212;&#8212;<\/h3>\n<p><strong>AGIT TRACTS un si\u00e8cle d&rsquo;actions politiques &amp; militaires<\/strong><br \/>\nZvonimir Novak<br \/>\nL&rsquo;\u00e9chapp\u00e9e\/ 2015\/ ISBN 978-2-37309-000-0<\/p>\n<p><strong>Tr\u00e9sors de presse<\/strong><br \/>\nBeno\u00eet Prot<br \/>\n\u00c9ditions de la Martini\u00e8re\/ 2013\/ ISBN 978-2-7324-5600-3<br \/>\n<small><span style=\"color:#ff0000;\">un chapitre sur les journaux de tranch\u00e9es<\/span><br \/>\n<\/small><\/p>\n<p><strong>Under the radar Underground Zines and Self-Publications 1965-1975<\/strong><br \/>\nJan-Frederik Bandel<br \/>\nEdited by Jan-Frederik Bandel, Annette Gilbert, Tania Prill\/ 2015\/ ISBN 978-3-95905-104-0<\/p>\n<p><strong>Pochoir \u00e0 la une<\/strong><br \/>\nSolange Pierson, Guillaume Dambier, groupe Nukl\u00e9 Art<br \/>\n\u00c9ditions parall\u00e8les\/ 1986<\/p>\n<p><strong>Tijuana bibles. Art and wit in americ&rsquo;s forbidden funnies 1930s-1950s<\/strong><br \/>\nBob Adelman<br \/>\nThe Erotic Print Society\/ 2006\/ ISBN 1-904989-18-7<\/p>\n<hr \/>\n<h2>TECHNIQUES<\/h2>\n<hr \/>\n<p><strong>L&rsquo;imprimerie. Histoire et techniques<\/strong><br \/>\nMichael Twyman<br \/>\nENS \u00c9ditions &#8211; Institut d&rsquo;histoire du livre &#8211; Les amis du mus\u00e9e de l&rsquo;imrpimerie, Lyon\/ 2007\/ ISBN 978-2-84788-103-5<\/p>\n<p><strong>Le grand livre de la gravure. Techniques d&rsquo;hier \u00e0 aujourd&rsquo;hui<\/strong><br \/>\nAnn d&rsquo;Arcy Hughes\/ Hebe Vernon-Morris<br \/>\nPyramyd\/ 2009\/ ISBN 978-2-35017-187-6<\/p>\n<p><strong>IMPRIMORAMA<\/strong><br \/>\n<strong><small>trente-trois fa\u00e7on d&rsquo;imprimer (pochoir, linogravure, s\u00e9rigraphie, monotype, cachet, etc.) papiers de f\u00eate, tissus, cartes de voeux et cent objets-d\u00e9cors<\/small><\/strong><br \/>\nPernelle S\u00e9vy<br \/>\nHachette jeunesse\/ 1972<\/p>\n<h3>S\u00e9rigraphie &#8212;&#8212;&#8212;&#8212;&#8212;&#8212;&#8212;&#8212;&#8212;&#8212;&#8212;&#8212;&#8212;<\/h3>\n<p><strong>L&rsquo;\u00e9cran de soie<\/strong><br \/>\nIgor Pruzan<br \/>\nEditions des presses du temps pr\u00e9sent\/ 1952<br \/>\n<small><span style=\"color:#ff0000;\">Les d\u00e9but de la s\u00e9rigraphie en France &#8211; avec pas mal d&rsquo;astuces DIY<\/span><\/small><\/p>\n<h3>Risographie &#8212;&#8212;&#8212;&#8212;&#8212;&#8212;&#8212;&#8212;&#8212;&#8212;&#8212;&#8212;&#8212;<\/h3>\n<p><strong>revue \u00c9tapes sept-oct 2016<\/strong><br \/>\nISBN 979-10-92227-19-2<\/p>\n<p><strong>RISO MANIA Risographe, mim\u00e9ographe et autres duplicopieurs<\/strong><br \/>\ncollectif<br \/>\nPyramyd\/ 2016\/ ISBN 78-2-35017-388-7<\/p>\n<hr \/>\n<h1>MUS\u00c9ES &amp; AUTRES LIEUX<\/h1>\n<hr \/>\n<p><strong>Mus\u00e9e de l&rsquo;imprimerie et de la communication graphique<\/strong><br \/>\nLYON \/ <a href=\"http:\/\/www.imprimerie.lyon.fr\/imprimerie\/\" target=\"_blank\" rel=\"noopener noreferrer\">site oueb<\/a><br \/>\n<small><span style=\"color:#ff0000;\">Mus\u00e9e historique tr\u00e8s riche avec un exemplaire de placard contre la messe<\/span><br \/>\n<\/small><\/p>\n<p><strong>Mus\u00e9e de l&rsquo;imprimerie <\/strong><br \/>\nNANTES \/ <a href=\"http:\/\/musee-imprimerie.com\/\" target=\"_blank\" rel=\"noopener noreferrer\">site oueb<\/a><br \/>\n<small><span style=\"color:#ff0000;\">Mus\u00e9e technique avec d\u00e9monstrations monotype, gravure, lithographie&#8230;<\/span><br \/>\n<\/small><\/p>\n<p><strong>Mus\u00e9e de l&rsquo;imprimerie et de la communication graphique<\/strong><br \/>\nREBAIS (77) \/ <a href=\"http:\/\/museeimprimerierebais.e-monsite.com\/\" target=\"_blank\" rel=\"noopener noreferrer\">site oueb<\/a><br \/>\n<small><span style=\"color:#ff0000;\">Un mus\u00e9e vivant \u00e0 taille humaine port\u00e9 par son cr\u00e9ateur qui propose une passionnante visite guid\u00e9e avec de nombreuses d\u00e9monstrations (entre autre une linotype en fonctionnement)<\/span><br \/>\n<\/small><\/p>\n<p><strong>La Fanzinoth\u00e8que<\/strong><br \/>\nPOITIERS (86) \/ <a href=\"http:\/\/www.fanzino.org\/\" target=\"_blank\" rel=\"noopener noreferrer\">site oueb<\/a><br \/>\n<small><span style=\"color:#ff0000;\">Tout simplement la plus grande collection de fanzines!<\/span><br \/>\n<\/small><\/p>\n","protected":false},"excerpt":{"rendered":"<p>HISTOIRE Avant Gutenberg &#8212;&#8212;&#8212;&#8212;&#8212;&#8212;&#8212;&#8212;&#8212;&#8212;&#8212;&#8212;&#8212;&#8212;&#8211; L&rsquo;imprimerie en Chine. Invention et transmission vers l&rsquo;Occident. Thomas Francis Carter Imprimerie Nationale \u00c9ditions\/ mars 2011\/ ISBN 978-2-7427-9659-5 p174 : \u00ab\u00a0Le ph\u00e9nom\u00e8ne &#8211;une pratique d&rsquo;imprimerie religieuse musulmane datant d&rsquo;entre 900 et 1350 ap. JC- n&rsquo;est pas tr\u00e8s diff\u00e9rent de celui que connut la Chine avant 953. L\u00e0, une imprimerie ignor\u00e9e, principalement &hellip; <a href=\"http:\/\/imprimepopulaire.fr\/?page_id=634\" class=\"more-link\">Continue reading <span class=\"screen-reader-text\">Ressources &#038; bibliographie<\/span> <span class=\"meta-nav\">&rarr;<\/span><\/a><\/p>\n","protected":false},"author":1,"featured_media":0,"parent":568,"menu_order":6,"comment_status":"closed","ping_status":"closed","template":"","meta":{"footnotes":""},"class_list":["post-634","page","type-page","status-publish","hentry"],"yoast_head":"<!-- This site is optimized with the Yoast SEO plugin v26.0 - https:\/\/yoast.com\/wordpress\/plugins\/seo\/ -->\n<title>Ressources &amp; bibliographie - Les amis de l&#039;Imprim\u00e9 Populaire<\/title>\n<meta name=\"robots\" content=\"index, follow, max-snippet:-1, max-image-preview:large, max-video-preview:-1\" \/>\n<link rel=\"canonical\" href=\"http:\/\/imprimepopulaire.fr\/?page_id=634\" \/>\n<meta property=\"og:locale\" content=\"fr_FR\" \/>\n<meta property=\"og:type\" content=\"article\" \/>\n<meta property=\"og:title\" content=\"Ressources &amp; bibliographie - Les amis de l&#039;Imprim\u00e9 Populaire\" \/>\n<meta property=\"og:description\" content=\"HISTOIRE Avant Gutenberg &#8212;&#8212;&#8212;&#8212;&#8212;&#8212;&#8212;&#8212;&#8212;&#8212;&#8212;&#8212;&#8212;&#8212;&#8211; L&rsquo;imprimerie en Chine. Invention et transmission vers l&rsquo;Occident. Thomas Francis Carter Imprimerie Nationale \u00c9ditions\/ mars 2011\/ ISBN 978-2-7427-9659-5 p174 : \u00ab\u00a0Le ph\u00e9nom\u00e8ne &#8211;une pratique d&rsquo;imprimerie religieuse musulmane datant d&rsquo;entre 900 et 1350 ap. JC- n&rsquo;est pas tr\u00e8s diff\u00e9rent de celui que connut la Chine avant 953. L\u00e0, une imprimerie ignor\u00e9e, principalement &hellip; Continue reading Ressources &#038; bibliographie &rarr;\" \/>\n<meta property=\"og:url\" content=\"http:\/\/imprimepopulaire.fr\/?page_id=634\" \/>\n<meta property=\"og:site_name\" content=\"Les amis de l&#039;Imprim\u00e9 Populaire\" \/>\n<meta property=\"article:modified_time\" content=\"2024-07-11T14:19:15+00:00\" \/>\n<meta name=\"twitter:card\" content=\"summary_large_image\" \/>\n<meta name=\"twitter:label1\" content=\"Dur\u00e9e de lecture estim\u00e9e\" \/>\n\t<meta name=\"twitter:data1\" content=\"4 minutes\" \/>\n<script type=\"application\/ld+json\" class=\"yoast-schema-graph\">{\"@context\":\"https:\/\/schema.org\",\"@graph\":[{\"@type\":\"WebPage\",\"@id\":\"http:\/\/imprimepopulaire.fr\/?page_id=634\",\"url\":\"http:\/\/imprimepopulaire.fr\/?page_id=634\",\"name\":\"Ressources & bibliographie - Les amis de l&#039;Imprim\u00e9 Populaire\",\"isPartOf\":{\"@id\":\"https:\/\/imprimepopulaire.fr\/#website\"},\"datePublished\":\"2018-11-03T14:52:48+00:00\",\"dateModified\":\"2024-07-11T14:19:15+00:00\",\"breadcrumb\":{\"@id\":\"http:\/\/imprimepopulaire.fr\/?page_id=634#breadcrumb\"},\"inLanguage\":\"fr-FR\",\"potentialAction\":[{\"@type\":\"ReadAction\",\"target\":[\"http:\/\/imprimepopulaire.fr\/?page_id=634\"]}]},{\"@type\":\"BreadcrumbList\",\"@id\":\"http:\/\/imprimepopulaire.fr\/?page_id=634#breadcrumb\",\"itemListElement\":[{\"@type\":\"ListItem\",\"position\":1,\"name\":\"Accueil\",\"item\":\"https:\/\/imprimepopulaire.fr\/\"},{\"@type\":\"ListItem\",\"position\":2,\"name\":\"PETITES HISTOIRES\",\"item\":\"https:\/\/imprimepopulaire.fr\/?page_id=568\"},{\"@type\":\"ListItem\",\"position\":3,\"name\":\"Ressources &#038; bibliographie\"}]},{\"@type\":\"WebSite\",\"@id\":\"https:\/\/imprimepopulaire.fr\/#website\",\"url\":\"https:\/\/imprimepopulaire.fr\/\",\"name\":\"Les amis de l&#039;Imprim\u00e9 Populaire\",\"description\":\"\",\"publisher\":{\"@id\":\"https:\/\/imprimepopulaire.fr\/#organization\"},\"potentialAction\":[{\"@type\":\"SearchAction\",\"target\":{\"@type\":\"EntryPoint\",\"urlTemplate\":\"https:\/\/imprimepopulaire.fr\/?s={search_term_string}\"},\"query-input\":{\"@type\":\"PropertyValueSpecification\",\"valueRequired\":true,\"valueName\":\"search_term_string\"}}],\"inLanguage\":\"fr-FR\"},{\"@type\":\"Organization\",\"@id\":\"https:\/\/imprimepopulaire.fr\/#organization\",\"name\":\"Les amis de l&#039;Imprim\u00e9 Populaire\",\"url\":\"https:\/\/imprimepopulaire.fr\/\",\"logo\":{\"@type\":\"ImageObject\",\"inLanguage\":\"fr-FR\",\"@id\":\"https:\/\/imprimepopulaire.fr\/#\/schema\/logo\/image\/\",\"url\":\"http:\/\/imprimepopulaire.fr\/wp-content\/uploads\/2019\/12\/cropped-logo4_av_slogan-1.png\",\"contentUrl\":\"http:\/\/imprimepopulaire.fr\/wp-content\/uploads\/2019\/12\/cropped-logo4_av_slogan-1.png\",\"width\":1008,\"height\":400,\"caption\":\"Les amis de l&#039;Imprim\u00e9 Populaire\"},\"image\":{\"@id\":\"https:\/\/imprimepopulaire.fr\/#\/schema\/logo\/image\/\"}}]}<\/script>\n<!-- \/ Yoast SEO plugin. -->","yoast_head_json":{"title":"Ressources & bibliographie - Les amis de l&#039;Imprim\u00e9 Populaire","robots":{"index":"index","follow":"follow","max-snippet":"max-snippet:-1","max-image-preview":"max-image-preview:large","max-video-preview":"max-video-preview:-1"},"canonical":"http:\/\/imprimepopulaire.fr\/?page_id=634","og_locale":"fr_FR","og_type":"article","og_title":"Ressources & bibliographie - Les amis de l&#039;Imprim\u00e9 Populaire","og_description":"HISTOIRE Avant Gutenberg &#8212;&#8212;&#8212;&#8212;&#8212;&#8212;&#8212;&#8212;&#8212;&#8212;&#8212;&#8212;&#8212;&#8212;&#8211; L&rsquo;imprimerie en Chine. Invention et transmission vers l&rsquo;Occident. Thomas Francis Carter Imprimerie Nationale \u00c9ditions\/ mars 2011\/ ISBN 978-2-7427-9659-5 p174 : \u00ab\u00a0Le ph\u00e9nom\u00e8ne &#8211;une pratique d&rsquo;imprimerie religieuse musulmane datant d&rsquo;entre 900 et 1350 ap. JC- n&rsquo;est pas tr\u00e8s diff\u00e9rent de celui que connut la Chine avant 953. L\u00e0, une imprimerie ignor\u00e9e, principalement &hellip; Continue reading Ressources &#038; bibliographie &rarr;","og_url":"http:\/\/imprimepopulaire.fr\/?page_id=634","og_site_name":"Les amis de l&#039;Imprim\u00e9 Populaire","article_modified_time":"2024-07-11T14:19:15+00:00","twitter_card":"summary_large_image","twitter_misc":{"Dur\u00e9e de lecture estim\u00e9e":"4 minutes"},"schema":{"@context":"https:\/\/schema.org","@graph":[{"@type":"WebPage","@id":"http:\/\/imprimepopulaire.fr\/?page_id=634","url":"http:\/\/imprimepopulaire.fr\/?page_id=634","name":"Ressources & bibliographie - Les amis de l&#039;Imprim\u00e9 Populaire","isPartOf":{"@id":"https:\/\/imprimepopulaire.fr\/#website"},"datePublished":"2018-11-03T14:52:48+00:00","dateModified":"2024-07-11T14:19:15+00:00","breadcrumb":{"@id":"http:\/\/imprimepopulaire.fr\/?page_id=634#breadcrumb"},"inLanguage":"fr-FR","potentialAction":[{"@type":"ReadAction","target":["http:\/\/imprimepopulaire.fr\/?page_id=634"]}]},{"@type":"BreadcrumbList","@id":"http:\/\/imprimepopulaire.fr\/?page_id=634#breadcrumb","itemListElement":[{"@type":"ListItem","position":1,"name":"Accueil","item":"https:\/\/imprimepopulaire.fr\/"},{"@type":"ListItem","position":2,"name":"PETITES HISTOIRES","item":"https:\/\/imprimepopulaire.fr\/?page_id=568"},{"@type":"ListItem","position":3,"name":"Ressources &#038; bibliographie"}]},{"@type":"WebSite","@id":"https:\/\/imprimepopulaire.fr\/#website","url":"https:\/\/imprimepopulaire.fr\/","name":"Les amis de l&#039;Imprim\u00e9 Populaire","description":"","publisher":{"@id":"https:\/\/imprimepopulaire.fr\/#organization"},"potentialAction":[{"@type":"SearchAction","target":{"@type":"EntryPoint","urlTemplate":"https:\/\/imprimepopulaire.fr\/?s={search_term_string}"},"query-input":{"@type":"PropertyValueSpecification","valueRequired":true,"valueName":"search_term_string"}}],"inLanguage":"fr-FR"},{"@type":"Organization","@id":"https:\/\/imprimepopulaire.fr\/#organization","name":"Les amis de l&#039;Imprim\u00e9 Populaire","url":"https:\/\/imprimepopulaire.fr\/","logo":{"@type":"ImageObject","inLanguage":"fr-FR","@id":"https:\/\/imprimepopulaire.fr\/#\/schema\/logo\/image\/","url":"http:\/\/imprimepopulaire.fr\/wp-content\/uploads\/2019\/12\/cropped-logo4_av_slogan-1.png","contentUrl":"http:\/\/imprimepopulaire.fr\/wp-content\/uploads\/2019\/12\/cropped-logo4_av_slogan-1.png","width":1008,"height":400,"caption":"Les amis de l&#039;Imprim\u00e9 Populaire"},"image":{"@id":"https:\/\/imprimepopulaire.fr\/#\/schema\/logo\/image\/"}}]}},"jetpack_sharing_enabled":true,"_links":{"self":[{"href":"http:\/\/imprimepopulaire.fr\/index.php?rest_route=\/wp\/v2\/pages\/634","targetHints":{"allow":["GET"]}}],"collection":[{"href":"http:\/\/imprimepopulaire.fr\/index.php?rest_route=\/wp\/v2\/pages"}],"about":[{"href":"http:\/\/imprimepopulaire.fr\/index.php?rest_route=\/wp\/v2\/types\/page"}],"author":[{"embeddable":true,"href":"http:\/\/imprimepopulaire.fr\/index.php?rest_route=\/wp\/v2\/users\/1"}],"replies":[{"embeddable":true,"href":"http:\/\/imprimepopulaire.fr\/index.php?rest_route=%2Fwp%2Fv2%2Fcomments&post=634"}],"version-history":[{"count":1,"href":"http:\/\/imprimepopulaire.fr\/index.php?rest_route=\/wp\/v2\/pages\/634\/revisions"}],"predecessor-version":[{"id":1350,"href":"http:\/\/imprimepopulaire.fr\/index.php?rest_route=\/wp\/v2\/pages\/634\/revisions\/1350"}],"up":[{"embeddable":true,"href":"http:\/\/imprimepopulaire.fr\/index.php?rest_route=\/wp\/v2\/pages\/568"}],"wp:attachment":[{"href":"http:\/\/imprimepopulaire.fr\/index.php?rest_route=%2Fwp%2Fv2%2Fmedia&parent=634"}],"curies":[{"name":"wp","href":"https:\/\/api.w.org\/{rel}","templated":true}]}}